{"id":736,"date":"2024-07-21T11:48:32","date_gmt":"2024-07-21T11:48:32","guid":{"rendered":"https:\/\/haskurt.com\/40\/?page_id=736"},"modified":"2026-01-29T16:42:08","modified_gmt":"2026-01-29T16:42:08","slug":"ozan-erbabi-biyografisi","status":"publish","type":"page","link":"https:\/\/haskurt.com\/40\/ozan-erbabi-biyografisi\/","title":{"rendered":"Ozan Erbabi Biyografisi"},"content":{"rendered":"<h1 class=\"wp-block-heading has-text-align-center has-white-color has-text-color has-background\" style=\"background-color: #34495e; font-size: 0px; font-style: normal; font-weight: bold; text-align: center;\" align=\"center\"><strong><img decoding=\"async\" class=\"alignnone\" src=\"https:\/\/haskurt.com\/40\/wp-content\/uploads\/2024\/07\/Bayrak03.gif\" alt=\"This image has an empty alt attribute; its file name is Bayrak03.gif\" \/>\u00a0 \u00a0 <code><span style=\"color: #ffffff; font-family: Arial Black; font-size: x-large;\">\u00a0 \u00a0Ozan Erbabi Biyografisi \u00a0<\/span><\/code><code><\/code><code><img decoding=\"async\" src=\"https:\/\/haskurt.com\/40\/wp-content\/uploads\/2024\/07\/Bayrak03.gif\" alt=\"This image has an empty alt attribute; its file name is kirsehir03.gif\" \/><\/code><\/strong><code><\/code><\/h1>\n\n\n<figure class=\"wp-block-embed is-type-video is-provider-youtube wp-block-embed-youtube wp-embed-aspect-16-9 wp-has-aspect-ratio\"><div class=\"wp-block-embed__wrapper\">\n<iframe loading=\"lazy\" title=\"Ozan Erbabi Biyografisi\" width=\"900\" height=\"506\" src=\"https:\/\/www.youtube.com\/embed\/kNfQOn_QCbc?feature=oembed\" frameborder=\"0\" allow=\"accelerometer; autoplay; clipboard-write; encrypted-media; gyroscope; picture-in-picture; web-share\" referrerpolicy=\"strict-origin-when-cross-origin\" allowfullscreen><\/iframe>\n<\/div><\/figure>\n\n\n\n<div class=\"wp-block-media-text is-stacked-on-mobile\" style=\"grid-template-columns:28% auto\"><figure class=\"wp-block-media-text__media\"><img loading=\"lazy\" decoding=\"async\" width=\"337\" height=\"600\" src=\"https:\/\/haskurt.com\/40\/wp-content\/uploads\/2024\/07\/OzanErbabi_002.jpg\" alt=\"\" class=\"wp-image-738 size-full\" srcset=\"https:\/\/haskurt.com\/40\/wp-content\/uploads\/2024\/07\/OzanErbabi_002.jpg 337w, https:\/\/haskurt.com\/40\/wp-content\/uploads\/2024\/07\/OzanErbabi_002-169x300.jpg 169w\" sizes=\"auto, (max-width: 337px) 100vw, 337px\" \/><\/figure><div class=\"wp-block-media-text__content\">\n<p class=\"has-text-color has-link-color has-large-font-size wp-elements-f15fed8e0a3d491091320570e3f0b1ec\" style=\"color:#ff0000\"><strong>Ozan Erbabi Biyografisi<\/strong><\/p>\n\n\n\n<p class=\"has-medium-font-size\"><strong>1970 y\u0131l\u0131nda Kayseri \u0130li, P\u0131narba\u015f\u0131 \u0130l\u00e7esi, Pazar\u00f6ren Kasabas\u0131nda do\u011fdu. <\/strong><\/p>\n\n\n\n<p class=\"has-medium-font-size\"><strong>Aslen Esenk\u00f6y (Toybuk) \u2019ludur. \u0130lk \u00f6\u011frenimini Konya\u2019da, Ortaokulu K\u0131r\u0131kkale\u2019de, Liseyi Pazar\u00f6ren Mimar Sinan \u00d6\u011fretmen Lisesi\u2019nde tamamlad\u0131ktan sonra, Burdur E\u011fitim Y\u00fcksek Okulunu bitirerek 1990 y\u0131l\u0131nda \u00f6\u011fretmenli\u011fe ba\u015flad\u0131. Rize, Yozgat ve Kayseri\u2019nin \u00e7e\u015fitli il\u00e7elerinde \u00f6\u011fretmenlik ve y\u00f6neticilikler yapt\u0131.<br>1997 y\u0131l\u0131nda ilk \u015fiir kitab\u0131 \u201cG\u00fcl Ektim Mezarl\u0131\u011fa\u201d yay\u0131nland\u0131. Evli ve Muhammed Ba\u015fbu\u011f Alparslan, Kadriye Aybala Sultan, Aybike G\u00f6k\u00e7en isimli \u00fc\u00e7 \u00e7ocuk babas\u0131 olan \u015fair, halen Kayseri merkezde bir \u0130lk\u00f6\u011fretim Okulunda \u00f6\u011fretmen olarak g\u00f6rev yapmaktad\u0131r.<\/strong><\/p>\n\n\n\n<p class=\"has-text-color has-link-color wp-elements-98ae1cc2a7be32b871b758ac269e5257\" style=\"color:#0000ff\"><\/p>\n\n\n\n<p class=\"has-text-color has-link-color wp-elements-7be97909c188ff1dcd604c9208538578\" style=\"color:#0000ff\">Anlatt\u0131\u011f\u0131m ERBAB\u0130&#8217;ye yetmedi,<br>Kendi kul olana kulluk etmedi,<br>Hi\u00e7 kimsenin arkas\u0131ndan gitmedi,<br>Resulallah tek rehberi demi\u015fler.<\/p>\n<\/div><\/div>\n\n\n\n<p>A\u015f\u0131\u011f\u0131 a\u015fk diliyle anlatmak gerek demi\u015fler. Ozan Erbabi \u2018de kendini \u015fiir diliyle \u015f\u00f6yle anlat\u0131yor;<br><br>Vatand\u0131r, millettir onun tek derdi,<br>Hainlik etmezse sever her ferdi.<br>Esenk\u00f6y babadan, dededen yurdu,<br>Pazar\u00f6ren do\u011fum yeri demi\u015fler.<br><br>Soyunu sorarsan, O\u011fuz soyundan,<br>Y\u0131ld\u0131z Han\u2019 \u0131n o\u011flu Av\u015far boyundan.<br>D\u00fcnya dursa vazge\u00e7emez huyundan,<br>Dadalo\u011flu O nun p\u00eeri demi\u015fler.<br><br>Mesle\u011fi; \u00f6\u011fretmek g\u00fczel olan\u0131,<br>\u0130ki \u015feyi sevmez; hile, yalan\u0131.<br>Hi\u00e7 kimseye yoktur gizli plan\u0131,<br>Yaln\u0131zca bir g\u00f6n\u00fcl eri demi\u015fler.<br><br>Her yapt\u0131\u011f\u0131 i\u015fte do\u011fruyu arar,<br>Bu yolda \u00e7ekse de binlerce zarar.<br>\u0130nand\u0131\u011f\u0131 \u015feye vermi\u015fse karar,<br>Bir ad\u0131m atmaz hi\u00e7 geri demi\u015fler.<br><br>Makamda, \u015f\u00f6hrette yok asla g\u00f6z\u00fc,<br>Konu\u015ftu\u011fu anda senettir s\u00f6z\u00fc.<br>L\u00e2kin bu d\u00fcnyada g\u00fclmedi y\u00fcz\u00fc,<br>G\u00f6nl\u00fcn\u00fc ald\u0131 bir huri demi\u015fler.<br><br>Yerleri g\u00f6kleri yaratan Mevla,<br>Onlar\u0131n \u00fcst\u00fcne vermesin bela.<br>Alparslan, Aybike, birde Aybala,<br>\u00dc\u00e7\u00fcde g\u00f6z\u00fcn\u00fcn nuru demi\u015fler.<br><br>Anlatt\u0131\u011f\u0131m ERBAB\u0130\u2019ye yetmedi,<br>Kendi kul olana kulluk etmedi,<br>Hi\u00e7 kimsenin arkas\u0131ndan gitmedi,<br>Resulallah tek rehberi demi\u015fler.<\/p>\n\n\n<h1 class=\"wp-block-heading has-text-align-center has-white-color has-text-color has-background\" style=\"background-color: #34495e; font-size: 0px; font-style: normal; font-weight: bold; text-align: center;\" align=\"center\"><strong><img decoding=\"async\" class=\"alignnone\" src=\"https:\/\/haskurt.com\/40\/wp-content\/uploads\/2024\/07\/Bayrak03.gif\" alt=\"This image has an empty alt attribute; its file name is Bayrak03.gif\" \/>\u00a0 \u00a0 <code><span style=\"color: #ffffff; font-family: Arial Black; font-size: x-large;\">\u00a0 \ud83d\udc3a HasKurt \ud83d\udc3a  \u00a0<\/span><\/code><code><\/code><code><img decoding=\"async\" src=\"https:\/\/haskurt.com\/40\/wp-content\/uploads\/2024\/07\/Bayrak03.gif\" alt=\"This image has an empty alt attribute; its file name is kirsehir03.gif\" \/><\/code><\/strong><code><\/code><\/h1>\n\n\n<head>\n<meta http-equiv=\"Content-Type\" content=\"text\/html; charset=windows-1254\">\n<meta http-equiv=\"Content-Language\" content=\"tr\">\n<\/head>\n\n<table border=\"0\" width=\"100%\" cellspacing=\"0\" cellpadding=\"0\">\n\t<tr>\n\t\t<td>\n\t\t<p align=\"center\">\n\t\t<img loading=\"lazy\" decoding=\"async\" border=\"0\" src=\"https:\/\/haskurt.com\/40\/wp-content\/uploads\/2024\/07\/HasKurt2005A.gif\" width=\"200\" height=\"120\"><\/td>\n\t\t<td>\n\t\t<p align=\"center\">\n\t\t<img loading=\"lazy\" decoding=\"async\" border=\"0\" src=\"https:\/\/haskurt.com\/40\/wp-content\/uploads\/2024\/07\/OsmanliImparatorlugu_1882\u20131922.svg_.png\" width=\"120\" height=\"120\"><\/td>\n\t\t<td>\n\t\t<p align=\"center\">\n\t\t<img loading=\"lazy\" decoding=\"async\" border=\"0\" src=\"https:\/\/haskurt.com\/40\/wp-content\/uploads\/2024\/07\/Bayrak03.gif\" width=\"163\" height=\"120\"><\/td>\n\t\t<td>\n\t\t<p align=\"center\">\n\t\t<img loading=\"lazy\" decoding=\"async\" border=\"0\" src=\"https:\/\/haskurt.com\/40\/wp-content\/uploads\/2024\/07\/HasKurt2014A.gif\" width=\"200\" height=\"120\"><\/td>\n\t<\/tr>\n<\/table>\n<table border=\"0\" width=\"100%\" cellspacing=\"0\" cellpadding=\"0\">\n\t<tr>\n\t\t<td>\n\t\t<p align=\"center\">\n\t\t<img decoding=\"async\" border=\"0\" src=\"https:\/\/haskurt.com\/40\/wp-content\/uploads\/2024\/07\/100YilTurkiye.png\" width=\"100%\" height=\"60\"><\/td>\n\t<\/tr>\n\t<tr>\n\t\t<td>\n\t\t<p align=\"center\">\n\t\t&nbsp;<\/td>\n\t<\/tr>\n<\/table>\n<table border=\"0\" width=\"100%\" cellspacing=\"0\" cellpadding=\"0\">\n\t<tr>\n\t\t<td>\n\t\t<p align=\"center\">\n\t\t<img loading=\"lazy\" decoding=\"async\" border=\"0\" src=\"https:\/\/haskurt.com\/40\/wp-content\/uploads\/2024\/07\/Bayrak03.gif\" width=\"68\" height=\"50\"><\/td>\n\t\t<td>\n\t\t<p align=\"center\">\n\t\t<img loading=\"lazy\" decoding=\"async\" border=\"0\" src=\"https:\/\/haskurt.com\/40\/wp-content\/uploads\/2024\/07\/hurgokbayrak.gif\" width=\"68\" height=\"50\"><\/td>\n\t\t<td>\n\t\t<p align=\"center\">\n\t\t<img loading=\"lazy\" decoding=\"async\" border=\"0\" src=\"https:\/\/haskurt.com\/40\/wp-content\/uploads\/2024\/08\/01AzerbaycanA.gif\" width=\"68\" height=\"50\"><\/td>\n\t\t<td>\n\t\t<p align=\"center\">\n\t\t<img loading=\"lazy\" decoding=\"async\" border=\"0\" src=\"https:\/\/haskurt.com\/40\/wp-content\/uploads\/2024\/07\/HasKurt.gif\" width=\"90\" height=\"86\"><\/td>\n\t\t<td>\n\t\t<p align=\"center\">\n\t\t<font face=\"Arial Black\" size=\"2\" style=\"box-sizing: border-box; color: rgb(32, 32, 32); font-size: 21.98px; font-style: normal; font-variant-ligatures: normal; font-variant-caps: normal; font-weight: 400; letter-spacing: normal; orphans: 2; text-align: left; text-indent: 0px; text-transform: none; widows: 2; word-spacing: 0px; -webkit-text-stroke-width: 0px; white-space: normal; text-decoration-thickness: initial; text-decoration-style: initial; text-decoration-color: initial; margin: 0px; padding: 0px\">\n\t\te \u2013 Posta<span lang=\"nl\" style=\"box-sizing: border-box; margin: 0px; padding: 0px;\">:<\/span><\/font><font color=\"#0000FF\" face=\"Arial Black\" style=\"box-sizing: border-box; margin: 0px; padding: 0px; font-size: 21.98px; font-style: normal; font-variant-ligatures: normal; font-variant-caps: normal; font-weight: 400; letter-spacing: normal; orphans: 2; text-align: left; text-indent: 0px; text-transform: none; widows: 2; word-spacing: 0px; -webkit-text-stroke-width: 0px; white-space: normal; text-decoration-thickness: initial; text-decoration-style: initial; text-decoration-color: initial;\"><span lang=\"nl\" style=\"box-sizing: border-box; margin: 0px; padding: 0px;\"><font face=\"Arial Black\" size=\"2\" style=\"box-sizing: border-box; margin: 0px; padding: 0px;\">&nbsp;&nbsp; <\/font><\/span><i style=\"box-sizing: border-box; margin: 0px; padding: 0px;\"><font face=\"Times New Roman\" style=\"box-sizing: border-box; margin: 0px; padding: 0px;\"><u style=\"box-sizing: border-box; margin: 0px; padding: 0px;\"><a style=\"box-sizing: border-box; text-decoration: none; font-size: 22px; font-family: Arial Black; font-weight: 700; font-style: normal; text-shadow: none; text-align: left; margin: 0px; padding: 0px; background-color: transparent\" href=\"mailto:haskurt@hotmail.com\">HasKurt \n\t\t\u00d6zKurt<\/a><\/u><\/font><\/i><\/font><p align=\"center\">\n\t\t<font face=\"Arial Black\" style=\"box-sizing: border-box; margin: 0px; padding: 0px; color: rgb(0, 0, 255); font-family: &quot;Arial Black&quot;; font-size: 21.98px; font-style: normal; font-variant-ligatures: normal; font-variant-caps: normal; font-weight: 400; letter-spacing: normal; orphans: 2; text-align: left; text-indent: 0px; text-transform: none; widows: 2; word-spacing: 0px; -webkit-text-stroke-width: 0px; white-space: normal; text-decoration-thickness: initial; text-decoration-style: initial; text-decoration-color: initial;\">\n\t\t<font size=\"2\" face=\"Arial Black\" style=\"box-sizing: border-box; margin: 0px; padding: 0px;\">\n\t\tBu site<span lang=\"nl\"> <\/span><\/font>&nbsp;<font color=\"#0000FF\" face=\"Arial Black\" style=\"box-sizing: border-box; margin: 0px; padding: 0px;\"><u style=\"box-sizing: border-box; margin: 0px; padding: 0px;\"><i style=\"box-sizing: border-box; margin: 0px; padding: 0px;\"><a style=\"box-sizing: border-box; margin: 0px; padding: 0px; color: rgb(51, 103, 153); text-decoration: none; background-color: transparent; font-size: 22px; font-family: Arial; font-weight: 400; font-style: normal; text-shadow: none; text-align: left;\" href=\"mailto:haskurt@hotmail.com\">HasKurt\n\t\t<span lang=\"nl\">&nbsp;<\/span>\u00d6zKurt<\/a><\/i><\/u><\/font><\/font><u style=\"box-sizing: border-box; margin: 0px; padding: 0px; color: rgb(0, 0, 255); font-family: &quot;Arial Black&quot;; font-size: 21.98px; font-style: normal; font-variant-ligatures: normal; font-variant-caps: normal; font-weight: 400; letter-spacing: normal; orphans: 2; text-align: left; text-indent: 0px; text-transform: none; widows: 2; word-spacing: 0px; -webkit-text-stroke-width: 0px; white-space: normal;\"><font face=\"Arial Black\" size=\"2\" style=\"box-sizing: border-box; margin: 0px; padding: 0px;\"><span lang=\"nl\">&nbsp;\n\t\t<\/span>Taraf<span lang=\"ES-TRAD\" style=\"box-sizing: border-box; margin: 0px; padding: 0px;\">&#305;<\/span>ndan\n\t\t<span lang=\"nl\">&nbsp;<\/span>haz<\/font><font size=\"3\" face=\"Arial Black\" style=\"box-sizing: border-box; margin: 0px; padding: 0px;\"><span lang=\"ES-TRAD\" style=\"box-sizing: border-box; margin: 0px; padding: 0px; font-size: 10pt; font-family: &quot;Arial Black&quot;;\">&#305;<\/span><\/font><font face=\"Arial Black\" size=\"2\" style=\"box-sizing: border-box; margin: 0px; padding: 0px;\">rlanmaktad<\/font><font size=\"3\" face=\"Arial Black\" style=\"box-sizing: border-box; margin: 0px; padding: 0px;\"><span lang=\"ES-TRAD\" style=\"box-sizing: border-box; margin: 0px; padding: 0px; font-size: 10pt; font-family: &quot;Arial Black&quot;;\">&#305;<\/span><\/font><font face=\"Arial Black\" size=\"2\" style=\"box-sizing: border-box; margin: 0px; padding: 0px;\">r<\/font><\/u><\/td>\n\t\t<td>\n\t\t<p align=\"center\">\n\t\t<img loading=\"lazy\" decoding=\"async\" border=\"0\" src=\"https:\/\/haskurt.com\/40\/wp-content\/uploads\/2024\/07\/Bayrak03.gif\" width=\"68\" height=\"50\"><\/td>\n\t\t<td>\n\t\t<p align=\"center\">\n\t\t<img loading=\"lazy\" decoding=\"async\" border=\"0\" src=\"https:\/\/haskurt.com\/40\/wp-content\/uploads\/2024\/07\/hurgokbayrak.gif\" width=\"68\" height=\"50\"><\/td>\n\t\t<td>\n\t\t<p align=\"center\">\n\t\t<img loading=\"lazy\" decoding=\"async\" border=\"0\" src=\"https:\/\/haskurt.com\/40\/wp-content\/uploads\/2024\/08\/01AzerbaycanA.gif\" width=\"68\" height=\"50\"><\/td>\n\t\t<td>\n\t\t<p align=\"center\">\n\t\t<img loading=\"lazy\" decoding=\"async\" border=\"0\" src=\"https:\/\/haskurt.com\/40\/wp-content\/uploads\/2024\/07\/HasKurt.gif\" width=\"90\" height=\"86\"><\/td>\n\t<\/tr>\n<\/table>\n<\/html>\n","protected":false},"excerpt":{"rendered":"<p>\u00a0 \u00a0 \u00a0 \u00a0Ozan Erbabi Biyografisi \u00a0 Ozan Erbabi Biyografisi 1970 y\u0131l\u0131nda Kayseri \u0130li, P\u0131narba\u015f\u0131 \u0130l\u00e7esi, Pazar\u00f6ren Kasabas\u0131nda do\u011fdu. Aslen Esenk\u00f6y (Toybuk) \u2019ludur. \u0130lk \u00f6\u011frenimini Konya\u2019da, Ortaokulu K\u0131r\u0131kkale\u2019de, Liseyi Pazar\u00f6ren Mimar Sinan \u00d6\u011fretmen Lisesi\u2019nde tamamlad\u0131ktan sonra, Burdur E\u011fitim Y\u00fcksek Okulunu &hellip;<\/p>\n<p><a href=\"https:\/\/haskurt.com\/40\/ozan-erbabi-biyografisi\/\">Continue Reading<span class=\"meta-nav\">&rarr;<\/span><\/a><\/p>\n","protected":false},"author":1,"featured_media":0,"parent":0,"menu_order":0,"comment_status":"closed","ping_status":"closed","template":"page-templates\/haskurt_page.php","meta":{"footnotes":""},"class_list":["post-736","page","type-page","status-publish","hentry"],"_links":{"self":[{"href":"https:\/\/haskurt.com\/40\/wp-json\/wp\/v2\/pages\/736","targetHints":{"allow":["GET"]}}],"collection":[{"href":"https:\/\/haskurt.com\/40\/wp-json\/wp\/v2\/pages"}],"about":[{"href":"https:\/\/haskurt.com\/40\/wp-json\/wp\/v2\/types\/page"}],"author":[{"embeddable":true,"href":"https:\/\/haskurt.com\/40\/wp-json\/wp\/v2\/users\/1"}],"replies":[{"embeddable":true,"href":"https:\/\/haskurt.com\/40\/wp-json\/wp\/v2\/comments?post=736"}],"version-history":[{"count":16,"href":"https:\/\/haskurt.com\/40\/wp-json\/wp\/v2\/pages\/736\/revisions"}],"predecessor-version":[{"id":1890,"href":"https:\/\/haskurt.com\/40\/wp-json\/wp\/v2\/pages\/736\/revisions\/1890"}],"wp:attachment":[{"href":"https:\/\/haskurt.com\/40\/wp-json\/wp\/v2\/media?parent=736"}],"curies":[{"name":"wp","href":"https:\/\/api.w.org\/{rel}","templated":true}]}}