{"id":648,"date":"2024-07-20T16:44:24","date_gmt":"2024-07-20T16:44:24","guid":{"rendered":"https:\/\/haskurt.com\/40\/?page_id=648"},"modified":"2026-01-29T15:24:28","modified_gmt":"2026-01-29T15:24:28","slug":"ahmet-yilmaz-biyografisi","status":"publish","type":"page","link":"https:\/\/haskurt.com\/40\/ahmet-yilmaz-biyografisi\/","title":{"rendered":"Ahmet Y\u0131lmaz Biyografisi"},"content":{"rendered":"<h1 class=\"wp-block-heading has-text-align-center has-white-color has-text-color has-background\" style=\"background-color: #34495e; font-size: 0px; font-style: normal; font-weight: bold; text-align: center;\" align=\"center\"><strong><img decoding=\"async\" class=\"alignnone\" src=\"https:\/\/haskurt.com\/40\/wp-content\/uploads\/2024\/07\/Bayrak03.gif\" alt=\"This image has an empty alt attribute; its file name is Bayrak03.gif\" \/>\u00a0 \u00a0 <code><span style=\"color: #ffffff; font-family: Arial Black; font-size: x-large;\">\u00a0 \u00a0Ahmet Y\u0131lmaz Biyografisi \u00a0<\/span><\/code><code><\/code><code><img decoding=\"async\" src=\"https:\/\/haskurt.com\/40\/wp-content\/uploads\/2024\/07\/Bayrak03.gif\" alt=\"This image has an empty alt attribute; its file name is kirsehir03.gif\" \/><\/code><\/strong><code><\/code><\/h1>\n\n\n<figure class=\"wp-block-embed is-type-video is-provider-youtube wp-block-embed-youtube wp-embed-aspect-16-9 wp-has-aspect-ratio\"><div class=\"wp-block-embed__wrapper\">\n<iframe loading=\"lazy\" title=\"Ahmet Y\u0131lmaz Biyografisi\" width=\"900\" height=\"506\" src=\"https:\/\/www.youtube.com\/embed\/raGGEpEyYu0?feature=oembed\" frameborder=\"0\" allow=\"accelerometer; autoplay; clipboard-write; encrypted-media; gyroscope; picture-in-picture; web-share\" referrerpolicy=\"strict-origin-when-cross-origin\" allowfullscreen><\/iframe>\n<\/div><\/figure>\n\n\n\n<p>Do\u011fum: 1967, Konya, T\u00fcrkiye<\/p>\n\n\n\n<p>Meslekler: Ekonomist, sanat\u00e7\u0131, yazar, siyaset\u00e7i&nbsp;<\/p>\n\n\n\n<p>E\u011fitim ve Erken Ya\u015fam<\/p>\n\n\n\n<p>Memur bir baba ile ev han\u0131m\u0131 bir annenin \u00e7ocu\u011fu olarak d\u00fcnyaya geldi.&nbsp;<\/p>\n\n\n\n<p>\u0130lkokulu Konya\u2019da, orta\u00f6\u011fretimi Mersin\u2019de tamamlad\u0131.&nbsp;<\/p>\n\n\n\n<p>Liseyi Mersin ve Konya Ticaret Lisesi\u2019nde, y\u00fcksek\u00f6\u011frenimini ise Afyon \u0130ktisadi ve \u0130dari Bilimler Fak\u00fcltesi\u2019nde yapt\u0131.&nbsp;<\/p>\n\n\n\n<p>Askerlik g\u00f6revini \u0130zmir\/Bornova ve Edirne\/Ke\u015fan\u2019da yerine getirdi.&nbsp;<\/p>\n\n\n\n<p>Sanat ve Yazarl\u0131k<\/p>\n\n\n\n<p>Y\u0131llar boyunca y\u00fczlerce \u015fiir ve beste \u00fcretti, bir\u00e7ok konser verdi.<\/p>\n\n\n\n<p>Grup \u00d6t\u00fcken ile birlikte 15 m\u00fczik alb\u00fcm\u00fc yay\u0131mlad\u0131.&nbsp;<\/p>\n\n\n\n<p>Gazete ve dergilerde yaz\u0131lar yazd\u0131. \u201c\u00c7anakkale\u2019den \u00c7ankaya\u2019ya \/ \u00d6zg\u00fcrl\u00fc\u011fe Giden Yol\u201d adl\u0131 bir kitap yay\u0131mlad\u0131 (2008).<\/p>\n\n\n\n<p>Evli ve 2 \u00e7ocuk babas\u0131d\u0131r.<\/p>\n\n\n<h1 class=\"wp-block-heading has-text-align-center has-white-color has-text-color has-background\" style=\"background-color: #34495e; font-size: 0px; font-style: normal; font-weight: bold; text-align: center;\" align=\"center\"><strong><img decoding=\"async\" class=\"alignnone\" src=\"https:\/\/haskurt.com\/40\/wp-content\/uploads\/2024\/07\/Bayrak03.gif\" alt=\"This image has an empty alt attribute; its file name is Bayrak03.gif\" \/>\u00a0 \u00a0 <code><span style=\"color: #ffffff; font-family: Arial Black; font-size: x-large;\">\u00a0 \ud83d\udc3a HasKurt \ud83d\udc3a  \u00a0<\/span><\/code><code><\/code><code><img decoding=\"async\" src=\"https:\/\/haskurt.com\/40\/wp-content\/uploads\/2024\/07\/Bayrak03.gif\" alt=\"This image has an empty alt attribute; its file name is kirsehir03.gif\" \/><\/code><\/strong><code><\/code><\/h1>\n\n\n<head>\n<meta http-equiv=\"Content-Type\" content=\"text\/html; charset=windows-1254\">\n<meta http-equiv=\"Content-Language\" content=\"tr\">\n<\/head>\n\n<table border=\"0\" width=\"100%\" cellspacing=\"0\" cellpadding=\"0\">\n\t<tr>\n\t\t<td>\n\t\t<p align=\"center\">\n\t\t<img loading=\"lazy\" decoding=\"async\" border=\"0\" src=\"https:\/\/haskurt.com\/40\/wp-content\/uploads\/2024\/07\/HasKurt2005A.gif\" width=\"200\" height=\"120\"><\/td>\n\t\t<td>\n\t\t<p align=\"center\">\n\t\t<img loading=\"lazy\" decoding=\"async\" border=\"0\" src=\"https:\/\/haskurt.com\/40\/wp-content\/uploads\/2024\/07\/OsmanliImparatorlugu_1882\u20131922.svg_.png\" width=\"120\" height=\"120\"><\/td>\n\t\t<td>\n\t\t<p align=\"center\">\n\t\t<img loading=\"lazy\" decoding=\"async\" border=\"0\" src=\"https:\/\/haskurt.com\/40\/wp-content\/uploads\/2024\/07\/Bayrak03.gif\" width=\"163\" height=\"120\"><\/td>\n\t\t<td>\n\t\t<p align=\"center\">\n\t\t<img loading=\"lazy\" decoding=\"async\" border=\"0\" src=\"https:\/\/haskurt.com\/40\/wp-content\/uploads\/2024\/07\/HasKurt2014A.gif\" width=\"200\" height=\"120\"><\/td>\n\t<\/tr>\n<\/table>\n<table border=\"0\" width=\"100%\" cellspacing=\"0\" cellpadding=\"0\">\n\t<tr>\n\t\t<td>\n\t\t<p align=\"center\">\n\t\t<img decoding=\"async\" border=\"0\" src=\"https:\/\/haskurt.com\/40\/wp-content\/uploads\/2024\/07\/100YilTurkiye.png\" width=\"100%\" height=\"60\"><\/td>\n\t<\/tr>\n\t<tr>\n\t\t<td>\n\t\t<p align=\"center\">\n\t\t&nbsp;<\/td>\n\t<\/tr>\n<\/table>\n<table border=\"0\" width=\"100%\" cellspacing=\"0\" cellpadding=\"0\">\n\t<tr>\n\t\t<td>\n\t\t<p align=\"center\">\n\t\t<img loading=\"lazy\" decoding=\"async\" border=\"0\" src=\"https:\/\/haskurt.com\/40\/wp-content\/uploads\/2024\/07\/Bayrak03.gif\" width=\"68\" height=\"50\"><\/td>\n\t\t<td>\n\t\t<p align=\"center\">\n\t\t<img loading=\"lazy\" decoding=\"async\" border=\"0\" src=\"https:\/\/haskurt.com\/40\/wp-content\/uploads\/2024\/07\/hurgokbayrak.gif\" width=\"68\" height=\"50\"><\/td>\n\t\t<td>\n\t\t<p align=\"center\">\n\t\t<img loading=\"lazy\" decoding=\"async\" border=\"0\" src=\"https:\/\/haskurt.com\/40\/wp-content\/uploads\/2024\/08\/01AzerbaycanA.gif\" width=\"68\" height=\"50\"><\/td>\n\t\t<td>\n\t\t<p align=\"center\">\n\t\t<img loading=\"lazy\" decoding=\"async\" border=\"0\" src=\"https:\/\/haskurt.com\/40\/wp-content\/uploads\/2024\/07\/HasKurt.gif\" width=\"90\" height=\"86\"><\/td>\n\t\t<td>\n\t\t<p align=\"center\">\n\t\t<font face=\"Arial Black\" size=\"2\" style=\"box-sizing: border-box; color: rgb(32, 32, 32); font-size: 21.98px; font-style: normal; font-variant-ligatures: normal; font-variant-caps: normal; font-weight: 400; letter-spacing: normal; orphans: 2; text-align: left; text-indent: 0px; text-transform: none; widows: 2; word-spacing: 0px; -webkit-text-stroke-width: 0px; white-space: normal; text-decoration-thickness: initial; text-decoration-style: initial; text-decoration-color: initial; margin: 0px; padding: 0px\">\n\t\te \u2013 Posta<span lang=\"nl\" style=\"box-sizing: border-box; margin: 0px; padding: 0px;\">:<\/span><\/font><font color=\"#0000FF\" face=\"Arial Black\" style=\"box-sizing: border-box; margin: 0px; padding: 0px; font-size: 21.98px; font-style: normal; font-variant-ligatures: normal; font-variant-caps: normal; font-weight: 400; letter-spacing: normal; orphans: 2; text-align: left; text-indent: 0px; text-transform: none; widows: 2; word-spacing: 0px; -webkit-text-stroke-width: 0px; white-space: normal; text-decoration-thickness: initial; text-decoration-style: initial; text-decoration-color: initial;\"><span lang=\"nl\" style=\"box-sizing: border-box; margin: 0px; padding: 0px;\"><font face=\"Arial Black\" size=\"2\" style=\"box-sizing: border-box; margin: 0px; padding: 0px;\">&nbsp;&nbsp; <\/font><\/span><i style=\"box-sizing: border-box; margin: 0px; padding: 0px;\"><font face=\"Times New Roman\" style=\"box-sizing: border-box; margin: 0px; padding: 0px;\"><u style=\"box-sizing: border-box; margin: 0px; padding: 0px;\"><a style=\"box-sizing: border-box; text-decoration: none; font-size: 22px; font-family: Arial Black; font-weight: 700; font-style: normal; text-shadow: none; text-align: left; margin: 0px; padding: 0px; background-color: transparent\" href=\"mailto:haskurt@hotmail.com\">HasKurt \n\t\t\u00d6zKurt<\/a><\/u><\/font><\/i><\/font><p align=\"center\">\n\t\t<font face=\"Arial Black\" style=\"box-sizing: border-box; margin: 0px; padding: 0px; color: rgb(0, 0, 255); font-family: &quot;Arial Black&quot;; font-size: 21.98px; font-style: normal; font-variant-ligatures: normal; font-variant-caps: normal; font-weight: 400; letter-spacing: normal; orphans: 2; text-align: left; text-indent: 0px; text-transform: none; widows: 2; word-spacing: 0px; -webkit-text-stroke-width: 0px; white-space: normal; text-decoration-thickness: initial; text-decoration-style: initial; text-decoration-color: initial;\">\n\t\t<font size=\"2\" face=\"Arial Black\" style=\"box-sizing: border-box; margin: 0px; padding: 0px;\">\n\t\tBu site<span lang=\"nl\"> <\/span><\/font>&nbsp;<font color=\"#0000FF\" face=\"Arial Black\" style=\"box-sizing: border-box; margin: 0px; padding: 0px;\"><u style=\"box-sizing: border-box; margin: 0px; padding: 0px;\"><i style=\"box-sizing: border-box; margin: 0px; padding: 0px;\"><a style=\"box-sizing: border-box; margin: 0px; padding: 0px; color: rgb(51, 103, 153); text-decoration: none; background-color: transparent; font-size: 22px; font-family: Arial; font-weight: 400; font-style: normal; text-shadow: none; text-align: left;\" href=\"mailto:haskurt@hotmail.com\">HasKurt\n\t\t<span lang=\"nl\">&nbsp;<\/span>\u00d6zKurt<\/a><\/i><\/u><\/font><\/font><u style=\"box-sizing: border-box; margin: 0px; padding: 0px; color: rgb(0, 0, 255); font-family: &quot;Arial Black&quot;; font-size: 21.98px; font-style: normal; font-variant-ligatures: normal; font-variant-caps: normal; font-weight: 400; letter-spacing: normal; orphans: 2; text-align: left; text-indent: 0px; text-transform: none; widows: 2; word-spacing: 0px; -webkit-text-stroke-width: 0px; white-space: normal;\"><font face=\"Arial Black\" size=\"2\" style=\"box-sizing: border-box; margin: 0px; padding: 0px;\"><span lang=\"nl\">&nbsp;\n\t\t<\/span>Taraf<span lang=\"ES-TRAD\" style=\"box-sizing: border-box; margin: 0px; padding: 0px;\">&#305;<\/span>ndan\n\t\t<span lang=\"nl\">&nbsp;<\/span>haz<\/font><font size=\"3\" face=\"Arial Black\" style=\"box-sizing: border-box; margin: 0px; padding: 0px;\"><span lang=\"ES-TRAD\" style=\"box-sizing: border-box; margin: 0px; padding: 0px; font-size: 10pt; font-family: &quot;Arial Black&quot;;\">&#305;<\/span><\/font><font face=\"Arial Black\" size=\"2\" style=\"box-sizing: border-box; margin: 0px; padding: 0px;\">rlanmaktad<\/font><font size=\"3\" face=\"Arial Black\" style=\"box-sizing: border-box; margin: 0px; padding: 0px;\"><span lang=\"ES-TRAD\" style=\"box-sizing: border-box; margin: 0px; padding: 0px; font-size: 10pt; font-family: &quot;Arial Black&quot;;\">&#305;<\/span><\/font><font face=\"Arial Black\" size=\"2\" style=\"box-sizing: border-box; margin: 0px; padding: 0px;\">r<\/font><\/u><\/td>\n\t\t<td>\n\t\t<p align=\"center\">\n\t\t<img loading=\"lazy\" decoding=\"async\" border=\"0\" src=\"https:\/\/haskurt.com\/40\/wp-content\/uploads\/2024\/07\/Bayrak03.gif\" width=\"68\" height=\"50\"><\/td>\n\t\t<td>\n\t\t<p align=\"center\">\n\t\t<img loading=\"lazy\" decoding=\"async\" border=\"0\" src=\"https:\/\/haskurt.com\/40\/wp-content\/uploads\/2024\/07\/hurgokbayrak.gif\" width=\"68\" height=\"50\"><\/td>\n\t\t<td>\n\t\t<p align=\"center\">\n\t\t<img loading=\"lazy\" decoding=\"async\" border=\"0\" src=\"https:\/\/haskurt.com\/40\/wp-content\/uploads\/2024\/08\/01AzerbaycanA.gif\" width=\"68\" height=\"50\"><\/td>\n\t\t<td>\n\t\t<p align=\"center\">\n\t\t<img loading=\"lazy\" decoding=\"async\" border=\"0\" src=\"https:\/\/haskurt.com\/40\/wp-content\/uploads\/2024\/07\/HasKurt.gif\" width=\"90\" height=\"86\"><\/td>\n\t<\/tr>\n<\/table>\n<\/html>\n","protected":false},"excerpt":{"rendered":"<p>\u00a0 \u00a0 \u00a0 \u00a0Ahmet Y\u0131lmaz Biyografisi \u00a0 Do\u011fum: 1967, Konya, T\u00fcrkiye Meslekler: Ekonomist, sanat\u00e7\u0131, yazar, siyaset\u00e7i&nbsp; E\u011fitim ve Erken Ya\u015fam Memur bir baba ile ev han\u0131m\u0131 bir annenin \u00e7ocu\u011fu olarak d\u00fcnyaya geldi.&nbsp; \u0130lkokulu Konya\u2019da, orta\u00f6\u011fretimi Mersin\u2019de tamamlad\u0131.&nbsp; Liseyi Mersin ve &hellip;<\/p>\n<p><a href=\"https:\/\/haskurt.com\/40\/ahmet-yilmaz-biyografisi\/\">Continue Reading<span class=\"meta-nav\">&rarr;<\/span><\/a><\/p>\n","protected":false},"author":1,"featured_media":0,"parent":0,"menu_order":0,"comment_status":"closed","ping_status":"closed","template":"page-templates\/haskurt_page.php","meta":{"footnotes":""},"class_list":["post-648","page","type-page","status-publish","hentry"],"_links":{"self":[{"href":"https:\/\/haskurt.com\/40\/wp-json\/wp\/v2\/pages\/648","targetHints":{"allow":["GET"]}}],"collection":[{"href":"https:\/\/haskurt.com\/40\/wp-json\/wp\/v2\/pages"}],"about":[{"href":"https:\/\/haskurt.com\/40\/wp-json\/wp\/v2\/types\/page"}],"author":[{"embeddable":true,"href":"https:\/\/haskurt.com\/40\/wp-json\/wp\/v2\/users\/1"}],"replies":[{"embeddable":true,"href":"https:\/\/haskurt.com\/40\/wp-json\/wp\/v2\/comments?post=648"}],"version-history":[{"count":8,"href":"https:\/\/haskurt.com\/40\/wp-json\/wp\/v2\/pages\/648\/revisions"}],"predecessor-version":[{"id":1823,"href":"https:\/\/haskurt.com\/40\/wp-json\/wp\/v2\/pages\/648\/revisions\/1823"}],"wp:attachment":[{"href":"https:\/\/haskurt.com\/40\/wp-json\/wp\/v2\/media?parent=648"}],"curies":[{"name":"wp","href":"https:\/\/api.w.org\/{rel}","templated":true}]}}