{"id":621,"date":"2024-07-20T14:52:58","date_gmt":"2024-07-20T14:52:58","guid":{"rendered":"https:\/\/haskurt.com\/40\/?page_id=621"},"modified":"2026-01-29T16:36:52","modified_gmt":"2026-01-29T16:36:52","slug":"mustafa-yildizdogan-biyografisi","status":"publish","type":"page","link":"https:\/\/haskurt.com\/40\/mustafa-yildizdogan-biyografisi\/","title":{"rendered":"Mustafa Y\u0131ld\u0131zdo\u011fan Biyografisi"},"content":{"rendered":"<h1 class=\"wp-block-heading has-text-align-center has-white-color has-text-color has-background\" style=\"background-color: #34495e; font-size: 0px; font-style: normal; font-weight: bold; text-align: center;\" align=\"center\"><strong><img decoding=\"async\" class=\"alignnone\" src=\"https:\/\/haskurt.com\/40\/wp-content\/uploads\/2024\/07\/Bayrak03.gif\" alt=\"This image has an empty alt attribute; its file name is Bayrak03.gif\" \/>\u00a0 \u00a0 <code><span style=\"color: #ffffff; font-family: Arial Black; font-size: x-large;\">\u00a0 \u00a0Mustafa Y\u0131ld\u0131zdo\u011fan Biyografisi  \u00a0<\/span><\/code><code><\/code><code><img decoding=\"async\" src=\"https:\/\/haskurt.com\/40\/wp-content\/uploads\/2024\/07\/Bayrak03.gif\" alt=\"This image has an empty alt attribute; its file name is kirsehir03.gif\" \/><\/code><\/strong><code><\/code><\/h1>\n\n\n<figure class=\"wp-block-embed is-type-video is-provider-youtube wp-block-embed-youtube wp-embed-aspect-16-9 wp-has-aspect-ratio\"><div class=\"wp-block-embed__wrapper\">\n<iframe loading=\"lazy\" title=\"Mustafa Y\u0131ld\u0131zdo\u011fan Biyografisi\" width=\"900\" height=\"506\" src=\"https:\/\/www.youtube.com\/embed\/epTKr3ZZjcE?feature=oembed\" frameborder=\"0\" allow=\"accelerometer; autoplay; clipboard-write; encrypted-media; gyroscope; picture-in-picture; web-share\" referrerpolicy=\"strict-origin-when-cross-origin\" allowfullscreen><\/iframe>\n<\/div><\/figure>\n\n\n\n<div class=\"wp-block-media-text is-stacked-on-mobile\"><figure class=\"wp-block-media-text__media\"><img loading=\"lazy\" decoding=\"async\" width=\"600\" height=\"397\" src=\"https:\/\/haskurt.com\/40\/wp-content\/uploads\/2024\/07\/Mustafayildizdogan05.jpg\" alt=\"\" class=\"wp-image-624 size-full\" srcset=\"https:\/\/haskurt.com\/40\/wp-content\/uploads\/2024\/07\/Mustafayildizdogan05.jpg 600w, https:\/\/haskurt.com\/40\/wp-content\/uploads\/2024\/07\/Mustafayildizdogan05-300x199.jpg 300w\" sizes=\"auto, (max-width: 600px) 100vw, 600px\" \/><\/figure><div class=\"wp-block-media-text__content\">\n<p>M\u00fczisyen, \u015fark\u0131c\u0131, besteci, \u015fair. 1966 y\u0131l\u0131nda Konya&#8217;da do\u011fdu. M\u00fczik kariyerine 16 ya\u015f\u0131nda ba\u011flama \u00e7alarak ba\u015flam\u0131\u015ft\u0131r. Profesyonel kariyerine 1990 y\u0131l\u0131nda &#8220;Do\u011fuyoruz Ufuklardan&#8221; alb\u00fcm\u00fc ile ba\u015flam\u0131\u015ft\u0131r. 1992 y\u0131l\u0131nda ise bu alb\u00fcm\u00fc &#8220;\u00dc\u015f\u00fcyorum&#8221;, 1993 y\u0131l\u0131nda &#8220;T\u00fcrkiyem&#8221; ve 1995 y\u0131l\u0131nda &#8220;Han Duvarlar\u0131&#8221; izlemi\u015ftir.<\/p>\n\n\n\n<p>1996 y\u0131l\u0131nda ilk m\u00fczik \u015firketinden ayr\u0131l\u0131p Y\u0131lmaz Akba\u015f&#8217;\u0131n sahibi oldu\u011fu Akba\u015f M\u00fczik ile anla\u015farak buraya transfer olmu\u015f ve 1997 y\u0131l\u0131nda &#8220;Yand\u0131 Y\u00fcrekler Yand\u0131&#8221; ad\u0131yla yeni alb\u00fcm \u00e7\u0131karm\u0131\u015ft\u0131r.&nbsp;2017 y\u0131l\u0131nda son alb\u00fcm\u00fc &#8220;HASAT&#8221; ile 27 y\u0131lda 20 alb\u00fcme ula\u015fm\u0131\u015ft\u0131r.<\/p>\n<\/div><\/div>\n\n\n<h1 class=\"wp-block-heading has-text-align-center has-white-color has-text-color has-background\" style=\"background-color: #34495e; font-size: 0px; font-style: normal; font-weight: bold; text-align: center;\" align=\"center\"><strong><img decoding=\"async\" class=\"alignnone\" src=\"https:\/\/haskurt.com\/40\/wp-content\/uploads\/2024\/07\/Bayrak03.gif\" alt=\"This image has an empty alt attribute; its file name is Bayrak03.gif\" \/>\u00a0 \u00a0 <code><span style=\"color: #ffffff; font-family: Arial Black; font-size: x-large;\">\u00a0 \u00a0Kendi M\u00fczik \u015eirketini Kurdu \u00a0<\/span><\/code><code><\/code><code><img decoding=\"async\" src=\"https:\/\/haskurt.com\/40\/wp-content\/uploads\/2024\/07\/Bayrak03.gif\" alt=\"This image has an empty alt attribute; its file name is kirsehir03.gif\" \/><\/code><\/strong><code><\/code><\/h1>\n\n\n<p>Akba\u015f M\u00fczik ile ayr\u0131larak kendi \u015firketi MYD M\u00fczik&#8217;i kurdu ve &#8220;Art\u0131k Kafaya Takmam&#8221; ilk \u00e7al\u0131\u015fmas\u0131 oldu. Kendi \u015firketinde yakla\u015f\u0131k 7 alb\u00fcm daha \u00e7\u0131kard\u0131. Kendi m\u00fczik \u015firketi MYD M\u00fczik&#8217;te Mehmet Borukcu, \u0130brahim D\u00fclger, Ali K\u0131n\u0131k ve Kaya K\u00e2mil Kaya gibi bir\u00e7ok sanat\u00e7\u0131 yer ald\u0131.<\/p>\n\n\n\n<p>Mustafa Y\u0131ld\u0131zdo\u011fan, kariyeri boyunca hep MHP&#8217;nin kurucusu Alparslan T\u00fcrke\u015f&#8217;in gen\u00e7li\u011fine benzetilmi\u015ftir. T\u00fcrkiye&#8217;nin yak\u0131n d\u00f6nem siyasetini konu olan TRT1&#8217;in &#8220;Sevda Ku\u015fun Kanad\u0131nda&#8221; dizisinde kendisine Alparslan T\u00fcrke\u015f&#8217;i canland\u0131rmas\u0131 teklif edilmi\u015ftir. Teklifi kabul eden sanat\u00e7\u0131 oyunculuk kariyerine ad\u0131m atm\u0131\u015f, dizide T\u00fcrke\u015f&#8217;in televizyondaki y\u00fcz\u00fc olmay\u0131 kabul etmi\u015ftir.<\/p>\n\n\n<h1 class=\"wp-block-heading has-text-align-center has-white-color has-text-color has-background\" style=\"background-color: #34495e; font-size: 0px; font-style: normal; font-weight: bold; text-align: center;\" align=\"center\"><strong><img decoding=\"async\" class=\"alignnone\" src=\"https:\/\/haskurt.com\/40\/wp-content\/uploads\/2024\/07\/Bayrak03.gif\" alt=\"This image has an empty alt attribute; its file name is Bayrak03.gif\" \/>\u00a0 \u00a0 <code><span style=\"color: #ffffff; font-family: Arial Black; font-size: x-large;\">\u00a0 \u00a0Sanat\u00e7\u0131n\u0131n \u00d6mr\u00fc, Sevenlerin Sevgisi Kadard\u0131r\u00a0<\/span><\/code><code><\/code><code><img decoding=\"async\" src=\"https:\/\/haskurt.com\/40\/wp-content\/uploads\/2024\/07\/Bayrak03.gif\" alt=\"This image has an empty alt attribute; its file name is kirsehir03.gif\" \/><\/code><\/strong><code><\/code><\/h1>\n\n\n<p>Mustafa Y\u0131ld\u0131zdo\u011fan, kendi otobiyografisinde \u015fu ifadelere yer veriyor:<\/p>\n\n\n\n<p>&nbsp;&#8220;1988 y\u0131l\u0131ndan bug\u00fcne kadar, Edirne&#8217;den Kars&#8217;a, Avusturya&#8217;dan Kanada&#8217;ya kadar binlerce konserlerim ve bitmeyen heyecanlar\u0131m, t\u00fckenmeyen umutlar\u0131m \u00f6mr\u00fcn son demine kadar ayn\u0131 \u015fekilde devam edecek Allah \u00f6m\u00fcr verirse &#8230;Nice yeni alb\u00fcmlere, nice g\u00fczelliklere. Hep birlikte ve hep beraber. Biliyorum ve unutmuyorum ki: Sanat\u00e7\u0131n\u0131n \u00f6mr\u00fc sevenlerinin sevgisi kadard\u0131r.&#8221;<\/p>\n\n\n\n<figure class=\"wp-block-embed is-type-video is-provider-youtube wp-block-embed-youtube wp-embed-aspect-4-3 wp-has-aspect-ratio\"><div class=\"wp-block-embed__wrapper\">\n<iframe loading=\"lazy\" title=\"MUSTAFA YILDIZDO\u011eAN &quot;Yand\u0131 Y\u00fcrekler Yand\u0131&quot;  [ Resmi Video ]\" width=\"900\" height=\"675\" src=\"https:\/\/www.youtube.com\/embed\/xNsOsTVTKZ4?feature=oembed\" frameborder=\"0\" allow=\"accelerometer; autoplay; clipboard-write; encrypted-media; gyroscope; picture-in-picture; web-share\" referrerpolicy=\"strict-origin-when-cross-origin\" allowfullscreen><\/iframe>\n<\/div><\/figure>\n\n\n<h1 class=\"wp-block-heading has-text-align-center has-white-color has-text-color has-background\" style=\"background-color: #34495e; font-size: 0px; font-style: normal; font-weight: bold; text-align: center;\" align=\"center\"><strong><img decoding=\"async\" class=\"alignnone\" src=\"https:\/\/haskurt.com\/40\/wp-content\/uploads\/2024\/07\/Bayrak03.gif\" alt=\"This image has an empty alt attribute; its file name is Bayrak03.gif\" \/>\u00a0 \u00a0 <code><span style=\"color: #ffffff; font-family: Arial Black; font-size: x-large;\">\u00a0 \ud83d\udc3a HasKurt \ud83d\udc3a  \u00a0<\/span><\/code><code><\/code><code><img decoding=\"async\" src=\"https:\/\/haskurt.com\/40\/wp-content\/uploads\/2024\/07\/Bayrak03.gif\" alt=\"This image has an empty alt attribute; its file name is kirsehir03.gif\" \/><\/code><\/strong><code><\/code><\/h1>\n\n\n<head>\n<meta http-equiv=\"Content-Type\" content=\"text\/html; charset=windows-1254\">\n<meta http-equiv=\"Content-Language\" content=\"tr\">\n<\/head>\n\n<table border=\"0\" width=\"100%\" cellspacing=\"0\" cellpadding=\"0\">\n\t<tr>\n\t\t<td>\n\t\t<p align=\"center\">\n\t\t<img loading=\"lazy\" decoding=\"async\" border=\"0\" src=\"https:\/\/haskurt.com\/40\/wp-content\/uploads\/2024\/07\/HasKurt2005A.gif\" width=\"200\" height=\"120\"><\/td>\n\t\t<td>\n\t\t<p align=\"center\">\n\t\t<img loading=\"lazy\" decoding=\"async\" border=\"0\" src=\"https:\/\/haskurt.com\/40\/wp-content\/uploads\/2024\/07\/OsmanliImparatorlugu_1882\u20131922.svg_.png\" width=\"120\" height=\"120\"><\/td>\n\t\t<td>\n\t\t<p align=\"center\">\n\t\t<img loading=\"lazy\" decoding=\"async\" border=\"0\" src=\"https:\/\/haskurt.com\/40\/wp-content\/uploads\/2024\/07\/Bayrak03.gif\" width=\"163\" height=\"120\"><\/td>\n\t\t<td>\n\t\t<p align=\"center\">\n\t\t<img loading=\"lazy\" decoding=\"async\" border=\"0\" src=\"https:\/\/haskurt.com\/40\/wp-content\/uploads\/2024\/07\/HasKurt2014A.gif\" width=\"200\" height=\"120\"><\/td>\n\t<\/tr>\n<\/table>\n<table border=\"0\" width=\"100%\" cellspacing=\"0\" cellpadding=\"0\">\n\t<tr>\n\t\t<td>\n\t\t<p align=\"center\">\n\t\t<img decoding=\"async\" border=\"0\" src=\"https:\/\/haskurt.com\/40\/wp-content\/uploads\/2024\/07\/100YilTurkiye.png\" width=\"100%\" height=\"60\"><\/td>\n\t<\/tr>\n\t<tr>\n\t\t<td>\n\t\t<p align=\"center\">\n\t\t&nbsp;<\/td>\n\t<\/tr>\n<\/table>\n<table border=\"0\" width=\"100%\" cellspacing=\"0\" cellpadding=\"0\">\n\t<tr>\n\t\t<td>\n\t\t<p align=\"center\">\n\t\t<img loading=\"lazy\" decoding=\"async\" border=\"0\" src=\"https:\/\/haskurt.com\/40\/wp-content\/uploads\/2024\/07\/Bayrak03.gif\" width=\"68\" height=\"50\"><\/td>\n\t\t<td>\n\t\t<p align=\"center\">\n\t\t<img loading=\"lazy\" decoding=\"async\" border=\"0\" src=\"https:\/\/haskurt.com\/40\/wp-content\/uploads\/2024\/07\/hurgokbayrak.gif\" width=\"68\" height=\"50\"><\/td>\n\t\t<td>\n\t\t<p align=\"center\">\n\t\t<img loading=\"lazy\" decoding=\"async\" border=\"0\" src=\"https:\/\/haskurt.com\/40\/wp-content\/uploads\/2024\/08\/01AzerbaycanA.gif\" width=\"68\" height=\"50\"><\/td>\n\t\t<td>\n\t\t<p align=\"center\">\n\t\t<img loading=\"lazy\" decoding=\"async\" border=\"0\" src=\"https:\/\/haskurt.com\/40\/wp-content\/uploads\/2024\/07\/HasKurt.gif\" width=\"90\" height=\"86\"><\/td>\n\t\t<td>\n\t\t<p align=\"center\">\n\t\t<font face=\"Arial Black\" size=\"2\" style=\"box-sizing: border-box; color: rgb(32, 32, 32); font-size: 21.98px; font-style: normal; font-variant-ligatures: normal; font-variant-caps: normal; font-weight: 400; letter-spacing: normal; orphans: 2; text-align: left; text-indent: 0px; text-transform: none; widows: 2; word-spacing: 0px; -webkit-text-stroke-width: 0px; white-space: normal; text-decoration-thickness: initial; text-decoration-style: initial; text-decoration-color: initial; margin: 0px; padding: 0px\">\n\t\te \u2013 Posta<span lang=\"nl\" style=\"box-sizing: border-box; margin: 0px; padding: 0px;\">:<\/span><\/font><font color=\"#0000FF\" face=\"Arial Black\" style=\"box-sizing: border-box; margin: 0px; padding: 0px; font-size: 21.98px; font-style: normal; font-variant-ligatures: normal; font-variant-caps: normal; font-weight: 400; letter-spacing: normal; orphans: 2; text-align: left; text-indent: 0px; text-transform: none; widows: 2; word-spacing: 0px; -webkit-text-stroke-width: 0px; white-space: normal; text-decoration-thickness: initial; text-decoration-style: initial; text-decoration-color: initial;\"><span lang=\"nl\" style=\"box-sizing: border-box; margin: 0px; padding: 0px;\"><font face=\"Arial Black\" size=\"2\" style=\"box-sizing: border-box; margin: 0px; padding: 0px;\">&nbsp;&nbsp; <\/font><\/span><i style=\"box-sizing: border-box; margin: 0px; padding: 0px;\"><font face=\"Times New Roman\" style=\"box-sizing: border-box; margin: 0px; padding: 0px;\"><u style=\"box-sizing: border-box; margin: 0px; padding: 0px;\"><a style=\"box-sizing: border-box; text-decoration: none; font-size: 22px; font-family: Arial Black; font-weight: 700; font-style: normal; text-shadow: none; text-align: left; margin: 0px; padding: 0px; background-color: transparent\" href=\"mailto:haskurt@hotmail.com\">HasKurt \n\t\t\u00d6zKurt<\/a><\/u><\/font><\/i><\/font><p align=\"center\">\n\t\t<font face=\"Arial Black\" style=\"box-sizing: border-box; margin: 0px; padding: 0px; color: rgb(0, 0, 255); font-family: &quot;Arial Black&quot;; font-size: 21.98px; font-style: normal; font-variant-ligatures: normal; font-variant-caps: normal; font-weight: 400; letter-spacing: normal; orphans: 2; text-align: left; text-indent: 0px; text-transform: none; widows: 2; word-spacing: 0px; -webkit-text-stroke-width: 0px; white-space: normal; text-decoration-thickness: initial; text-decoration-style: initial; text-decoration-color: initial;\">\n\t\t<font size=\"2\" face=\"Arial Black\" style=\"box-sizing: border-box; margin: 0px; padding: 0px;\">\n\t\tBu site<span lang=\"nl\"> <\/span><\/font>&nbsp;<font color=\"#0000FF\" face=\"Arial Black\" style=\"box-sizing: border-box; margin: 0px; padding: 0px;\"><u style=\"box-sizing: border-box; margin: 0px; padding: 0px;\"><i style=\"box-sizing: border-box; margin: 0px; padding: 0px;\"><a style=\"box-sizing: border-box; margin: 0px; padding: 0px; color: rgb(51, 103, 153); text-decoration: none; background-color: transparent; font-size: 22px; font-family: Arial; font-weight: 400; font-style: normal; text-shadow: none; text-align: left;\" href=\"mailto:haskurt@hotmail.com\">HasKurt\n\t\t<span lang=\"nl\">&nbsp;<\/span>\u00d6zKurt<\/a><\/i><\/u><\/font><\/font><u style=\"box-sizing: border-box; margin: 0px; padding: 0px; color: rgb(0, 0, 255); font-family: &quot;Arial Black&quot;; font-size: 21.98px; font-style: normal; font-variant-ligatures: normal; font-variant-caps: normal; font-weight: 400; letter-spacing: normal; orphans: 2; text-align: left; text-indent: 0px; text-transform: none; widows: 2; word-spacing: 0px; -webkit-text-stroke-width: 0px; white-space: normal;\"><font face=\"Arial Black\" size=\"2\" style=\"box-sizing: border-box; margin: 0px; padding: 0px;\"><span lang=\"nl\">&nbsp;\n\t\t<\/span>Taraf<span lang=\"ES-TRAD\" style=\"box-sizing: border-box; margin: 0px; padding: 0px;\">&#305;<\/span>ndan\n\t\t<span lang=\"nl\">&nbsp;<\/span>haz<\/font><font size=\"3\" face=\"Arial Black\" style=\"box-sizing: border-box; margin: 0px; padding: 0px;\"><span lang=\"ES-TRAD\" style=\"box-sizing: border-box; margin: 0px; padding: 0px; font-size: 10pt; font-family: &quot;Arial Black&quot;;\">&#305;<\/span><\/font><font face=\"Arial Black\" size=\"2\" style=\"box-sizing: border-box; margin: 0px; padding: 0px;\">rlanmaktad<\/font><font size=\"3\" face=\"Arial Black\" style=\"box-sizing: border-box; margin: 0px; padding: 0px;\"><span lang=\"ES-TRAD\" style=\"box-sizing: border-box; margin: 0px; padding: 0px; font-size: 10pt; font-family: &quot;Arial Black&quot;;\">&#305;<\/span><\/font><font face=\"Arial Black\" size=\"2\" style=\"box-sizing: border-box; margin: 0px; padding: 0px;\">r<\/font><\/u><\/td>\n\t\t<td>\n\t\t<p align=\"center\">\n\t\t<img loading=\"lazy\" decoding=\"async\" border=\"0\" src=\"https:\/\/haskurt.com\/40\/wp-content\/uploads\/2024\/07\/Bayrak03.gif\" width=\"68\" height=\"50\"><\/td>\n\t\t<td>\n\t\t<p align=\"center\">\n\t\t<img loading=\"lazy\" decoding=\"async\" border=\"0\" src=\"https:\/\/haskurt.com\/40\/wp-content\/uploads\/2024\/07\/hurgokbayrak.gif\" width=\"68\" height=\"50\"><\/td>\n\t\t<td>\n\t\t<p align=\"center\">\n\t\t<img loading=\"lazy\" decoding=\"async\" border=\"0\" src=\"https:\/\/haskurt.com\/40\/wp-content\/uploads\/2024\/08\/01AzerbaycanA.gif\" width=\"68\" height=\"50\"><\/td>\n\t\t<td>\n\t\t<p align=\"center\">\n\t\t<img loading=\"lazy\" decoding=\"async\" border=\"0\" src=\"https:\/\/haskurt.com\/40\/wp-content\/uploads\/2024\/07\/HasKurt.gif\" width=\"90\" height=\"86\"><\/td>\n\t<\/tr>\n<\/table>\n<\/html>\n","protected":false},"excerpt":{"rendered":"<p>\u00a0 \u00a0 \u00a0 \u00a0Mustafa Y\u0131ld\u0131zdo\u011fan Biyografisi \u00a0 M\u00fczisyen, \u015fark\u0131c\u0131, besteci, \u015fair. 1966 y\u0131l\u0131nda Konya&#8217;da do\u011fdu. M\u00fczik kariyerine 16 ya\u015f\u0131nda ba\u011flama \u00e7alarak ba\u015flam\u0131\u015ft\u0131r. Profesyonel kariyerine 1990 y\u0131l\u0131nda &#8220;Do\u011fuyoruz Ufuklardan&#8221; alb\u00fcm\u00fc ile ba\u015flam\u0131\u015ft\u0131r. 1992 y\u0131l\u0131nda ise bu alb\u00fcm\u00fc &#8220;\u00dc\u015f\u00fcyorum&#8221;, 1993 y\u0131l\u0131nda &#8220;T\u00fcrkiyem&#8221; &hellip;<\/p>\n<p><a href=\"https:\/\/haskurt.com\/40\/mustafa-yildizdogan-biyografisi\/\">Continue Reading<span class=\"meta-nav\">&rarr;<\/span><\/a><\/p>\n","protected":false},"author":1,"featured_media":0,"parent":0,"menu_order":0,"comment_status":"closed","ping_status":"closed","template":"page-templates\/haskurt_page.php","meta":{"footnotes":""},"class_list":["post-621","page","type-page","status-publish","hentry"],"_links":{"self":[{"href":"https:\/\/haskurt.com\/40\/wp-json\/wp\/v2\/pages\/621","targetHints":{"allow":["GET"]}}],"collection":[{"href":"https:\/\/haskurt.com\/40\/wp-json\/wp\/v2\/pages"}],"about":[{"href":"https:\/\/haskurt.com\/40\/wp-json\/wp\/v2\/types\/page"}],"author":[{"embeddable":true,"href":"https:\/\/haskurt.com\/40\/wp-json\/wp\/v2\/users\/1"}],"replies":[{"embeddable":true,"href":"https:\/\/haskurt.com\/40\/wp-json\/wp\/v2\/comments?post=621"}],"version-history":[{"count":9,"href":"https:\/\/haskurt.com\/40\/wp-json\/wp\/v2\/pages\/621\/revisions"}],"predecessor-version":[{"id":1878,"href":"https:\/\/haskurt.com\/40\/wp-json\/wp\/v2\/pages\/621\/revisions\/1878"}],"wp:attachment":[{"href":"https:\/\/haskurt.com\/40\/wp-json\/wp\/v2\/media?parent=621"}],"curies":[{"name":"wp","href":"https:\/\/api.w.org\/{rel}","templated":true}]}}