{"id":415,"date":"2024-07-17T17:27:46","date_gmt":"2024-07-17T17:27:46","guid":{"rendered":"https:\/\/haskurt.com\/40\/?page_id=415"},"modified":"2026-02-15T09:23:35","modified_gmt":"2026-02-15T09:23:35","slug":"ozan-arif-biyografisi","status":"publish","type":"page","link":"https:\/\/haskurt.com\/40\/ozan-arif-biyografisi\/","title":{"rendered":"Ozan Arif Biyografisi"},"content":{"rendered":"<h1 class=\"wp-block-heading has-text-align-center has-white-color has-text-color has-background\" style=\"background-color: #34495e; font-size: 0px; font-style: normal; font-weight: bold; text-align: center;\" align=\"center\"><strong><img decoding=\"async\" class=\"alignnone\" src=\"https:\/\/haskurt.com\/40\/wp-content\/uploads\/2024\/07\/Bayrak03.gif\" alt=\"This image has an empty alt attribute; its file name is Bayrak03.gif\" \/>\u00a0 \u00a0 <code><span style=\"color: #ffffff; font-family: Arial Black; font-size: x-large;\">\u00a0 \u00a0Ozan Arif Biyografisi  \u00a0<\/span><\/code><code><\/code><code><img decoding=\"async\" src=\"https:\/\/haskurt.com\/40\/wp-content\/uploads\/2024\/07\/Bayrak03.gif\" alt=\"This image has an empty alt attribute; its file name is kirsehir03.gif\" \/><\/code><\/strong><code><\/code><\/h1>\n\n\n<figure class=\"wp-block-embed is-type-video is-provider-youtube wp-block-embed-youtube wp-embed-aspect-16-9 wp-has-aspect-ratio\"><div class=\"wp-block-embed__wrapper\">\n<iframe loading=\"lazy\" title=\"Ozan Arifin Hayat\u0131\" width=\"900\" height=\"506\" src=\"https:\/\/www.youtube.com\/embed\/ZnPeYci5wAY?feature=oembed\" frameborder=\"0\" allow=\"accelerometer; autoplay; clipboard-write; encrypted-media; gyroscope; picture-in-picture; web-share\" referrerpolicy=\"strict-origin-when-cross-origin\" allowfullscreen><\/iframe>\n<\/div><\/figure>\n\n\n\n<head>\n<meta http-equiv=\"Content-Type\" content=\"text\/html; charset=windows-1254\">\n<meta http-equiv=\"Content-Language\" content=\"nl\">\n<\/head>\n\n<table border=\"0\" width=\"100%\" cellspacing=\"0\" cellpadding=\"0\">\n\t<tr>\n\t\t<td width=\"272\">\n\t\t<p align=\"center\" style=\"margin-top: 0; margin-bottom: 0\">\n\t\t<img loading=\"lazy\" decoding=\"async\" border=\"0\" src=\"https:\/\/haskurt.com\/40\/wp-content\/uploads\/2024\/07\/OzanArif13.jpg\" width=\"250\" height=\"170\" align=\"left\"><\/td>\n\t\t<td>\n\t\t\n\n<\/td>\n\t\t<td width=\"256\">\n\t\t<p align=\"center\">\n\t\t<img loading=\"lazy\" decoding=\"async\" border=\"0\" src=\"https:\/\/haskurt.com\/40\/wp-content\/uploads\/2024\/07\/OzanArif14.jpg\" width=\"250\" height=\"170\" align=\"right\"><\/td>\n\t<\/tr>\n<\/table>\n\n<\/html>\n\n\n\n<p>&nbsp;Babas\u0131 y\u00f6renin sevilen simalar\u0131ndan rahmetli Muharrem \u00c7avu\u015fun (Muharrem \u015eirin) o\u011flu Mehmet Bey, annesi Fatma han\u0131m da, yine kom\u015fu k\u00f6y Demir\u00f6z\u00fc`nden ayn\u0131 \u015fekilde sevilen rahmetli Gen\u00e7a\u011fa E\u015fk\u00fcno\u011flu`nun k\u0131z\u0131d\u0131r. Babas\u0131n\u0131n memuriyeti dolay\u0131s\u0131yla, ilk ve ortaokulu Samsun`da bitirdikten sonra, hayli kalabal\u0131k olan ailesine k\u0131sa zamanda maddi yard\u0131m yapabilmek d\u00fc\u015f\u00fcncesiyle \u00f6\u011fretmen okuluna ba\u015flad\u0131.<\/p>\n\n\n\n<p class=\"has-medium-font-size\">1969-1970 d\u00f6neminde Per\u015fembe \u0130lk\u00f6\u011fretim Okulundan mezun oldu. Okul s\u00fcresi boyunca k\u0131\u015flar\u0131 okuyup yazlar\u0131 ren\u00e7berlik yapan bir \u00f6\u011frenci idi.<\/p>\n\n\n\n<p>\u0130lk g\u00f6reve ba\u015flad\u0131\u011f\u0131 okul, ailesinin bulundu\u011fu Samsun`da Karaoyumca k\u00f6y\u00fcndeki ilkokuldur. Bir y\u0131ll\u0131k stajyerlik s\u00fcresinden sonra, yine Samsun`da Devgeri\u015f k\u00f6y\u00fcne tayin ol du. 1972 y\u0131l\u0131nda yine ayn\u0131 k\u00f6yde stajyerlik yapmakta olan ve ona \u00f6mr\u00fc boyunca en b\u00fcy\u00fck deste\u011fi veren S\u00fcheyl\u00e2 han\u0131mla evlendi. Devgeri\u015f k\u00f6y\u00fcnde be\u015f y\u0131l\u0131 \u00f6\u011fretmenlik, d\u00f6rt y\u0131l\u0131 ise okul m\u00fcd\u00fcrl\u00fc\u011f\u00fc olmak \u00fczere dokuz y\u0131l hizmet vermi\u015ftir.<\/p>\n\n\n\n<p>\u0130nan\u00e7lar\u0131ndan ve prensiplerinden asla taviz vermeyen bir ki\u015fili\u011fe sahip olan Ozan Arif, o devrin y\u00f6neticilerinin b\u00fcy\u00fck bask\u0131s\u0131 ile, maalesef 1979 y\u0131l\u0131nda \u00f6\u011fretmenlik mesle\u011finden ayr\u0131lmak zorunda b\u0131rak\u0131lm\u0131\u015ft\u0131r. \u00d6\u011fretmenlik mesle\u011fini \u015fok seven Ozan Arif`in \u00e7ok ba\u015far\u0131 l\u0131 takdirnamelerle dolu meslek hayat\u0131na ra\u011fmen, o g\u00fcn\u00fcn \u015fartlar\u0131nda ba\u015fka bir tercihi de kalmam\u0131\u015ft\u0131.<\/p>\n\n\n\n<p>Derken, 12 Eyl\u00fcl 1980 olaylar\u0131yla birlikte, inanan, milli ve manevi de\u011ferlerine sahip \u00e7\u0131kan, memleketin, milletin bekas\u0131n\u0131 d\u00fc\u015f\u00fcnen bir \u00e7ok vatansever insan gibi yanl\u0131\u015f de\u011ferlendirilmekten \u00e7ok b\u00fcy\u00fck bir \u00fcz\u00fcnt\u00fc duyan Ozan Arif, ailesini, \u00e7ocu\u011funu ve hepsinden \u00f6nemlisi, \u00f6z vatan\u0131 T\u00fcrkiye`yi geride b\u0131rakarak, 24 Eyl\u00fcl 1980 tarihinde Almanya`ya gitti. Onbir y\u0131ll\u0131k ac\u0131 bir ayr\u0131l\u0131ktan sonra, 5 Kas\u0131m 1991`de nihayet memleketine ve vatan\u0131na geri d\u00f6nmesi nasip oldu. Bu s\u00fcre zarf\u0131nda, d\u00fcnyada nerede bir M\u00fcsl\u00fcman T\u00fcrk insan\u0131 varsa onu gidip bularak, milli heyecan\u0131n filizlenmesine yard\u0131mc\u0131 olmu\u015f ve \u00f6nemli g\u00f6revler alm\u0131\u015ft\u0131r. Daha \u00e7ocuk ya\u015flarda iken Kerem ile Asl\u0131`y\u0131, Leyla`ile Mecnun`u, Karacao\u011flan`\u0131, K\u00f6ro\u011flu`nu, Dadalo\u011flunu, Yunus`u ve daha nicelerini okuyarak a\u015fk c\u00f6nklerini ezberleyen Ozan Arif, Karadeniz`de, ya\u015fad\u0131\u011f\u0131 y\u00f6rede hayli yayg\u0131n olan irticalen T\u00fcrk\u00fc s\u00f6yleme sanat\u0131 sayesinde \u00e7ok me\u015fhur oldu. Hatta eskiden destan sat\u0131c\u0131lar\u0131n\u0131n Ozan Arif`e destanlar yazd\u0131r\u0131p, daha sonra bunlar\u0131 bast\u0131rarak da\u011f\u0131tmalar\u0131 sebebiyle, y\u00f6rede ismi \u00e7ok duyulan bir a\u015f\u0131k olmu\u015ftur.<\/p>\n\n\n\n<p>\u0130lk olarak ortaokul ikinci s\u0131n\u0131fta sesine a\u015f\u0131k oldu\u011fu ba\u011flama ile tan\u0131\u015fan ve hayli dar olan aile b\u00fct\u00e7esinden biriktirdi\u011fi har\u00e7l\u0131klarla, 1964`te \u0130stanbul`da bulunan <strong>\u015eemsi Yas\u0131tman saz evinden 15 liraya ald\u0131\u011f\u0131 bir ba\u011flama<\/strong> ile ses ve saz d\u00fcnyas\u0131n\u0131n i\u00e7ine giren Ozan Arif, o g\u00fcn bug\u00fcnd\u00fcr hi\u00e7 susmadan ve hak bildi\u011fi yoldan taviz vermeden g\u00f6n\u00fcl dostlar\u0131na seslenmektedir.<\/p>\n\n\n\n<p class=\"has-text-color has-link-color has-large-font-size wp-elements-b759e397f2a780a76050c8180a62802b\" style=\"color:#ff0000\"><strong>\u00d6D\u00dcLLER\u0130<\/strong><\/p>\n\n\n\n<p>G\u00fczel sanatlara yetene\u011fi, \u015fiire ilgisi ve \u00f6zellikle \u015fairli\u011fe olan kabiliyetinden dolay\u0131 okul \u00e7a\u011flar\u0131nda \u015fiir ve resim dallar\u0131nda birincilikler ve \u00f6d\u00fcller almaya ba\u015flayan Ozan Arif`in ba\u015far\u0131lar\u0131 hayat\u0131n\u0131n ileriki y\u0131llar\u0131nda y\u00f6resel s\u0131n\u0131rlar\u0131 a\u015f\u0131p T\u00fcrkiye genelinde de devam etti.<\/p>\n\n\n\n<p>Bir\u00e7ok \u015fiir ve Halk Edebiyat\u0131 yar\u0131\u015fmalar\u0131nda \u00fcst\u00fcn ba\u015far\u0131 g\u00f6steren Ozan Arif`in T\u00fcrk Halk Edebiyat\u0131`n\u0131n \u015fiir, at\u0131\u015fma, muamma, irticalen \u015fiir s\u00f6yleme, lebde\u011fmez (dudakde\u011fmez), g\u00fczelleme ve di\u011fer dallar\u0131nda \u00e7e\u015fitli tarihlerde ald\u0131\u011f\u0131 T\u00fcrkiye birincilikleri, sertifikalar ve \u00f6d\u00fcller vard\u0131r.<\/p>\n\n\n\n<p>Bunlar\u0131n yan\u0131nda Konya`da T\u00fcrkiye A\u015f\u0131klar Bayram\u0131`nda de\u011fi\u015fik y\u0131llarda, de\u011fi\u015fik dallarda birincilikler elde eden Ozan Arif, yine Konya A\u015f\u0131klar Bayram\u0131`nda 1976, 1977 ve 1978 y\u0131llar\u0131nda her dalda alt\u0131n madalya kazanm\u0131\u015ft\u0131r.<\/p>\n\n\n\n<p>Lakin kendisi onun i\u00e7in en b\u00fcy\u00fck \u00f6d\u00fcl\u00fc \u015f\u00f6yle ifade ediyor:<\/p>\n\n\n\n<p>\u201c\u2026ortaokul \u00e7a\u011flar\u0131nda \u00e7ocuk ya\u015fta bu sevdaya g\u00f6n\u00fcl vermi\u015fim. O ya\u015flardan beri verdi\u011fim m\u00fccadelenin kar\u015f\u0131l\u0131\u011f\u0131n\u0131, tertemiz y\u00fcreklerde sevgi saraylar\u0131 kurarak ald\u0131m. \u00dclk\u00fcda\u015flar\u0131m\u0131n sevgi ve muhabbetinden daha b\u00fcy\u00fck be\u015feri \u00f6d\u00fcl olamaz.\u201d<\/p>\n\n\n\n<p>\u00d6zellikle milliyet\u00e7i kesimin son derece be\u011fendi\u011fi, o kesimin tutkuyla dinledi\u011fi g\u00fcr sesli ozand\u0131r. S\u00f6yledi\u011fi t\u00fcrk\u00fcler ak\u0131c\u0131d\u0131r. T\u00fcrk\u00fclerinde T\u00fcrk Milliyet\u00e7ili\u011fi vurgusunu a\u00e7\u0131k\u00e7a belirten \u00fclk\u00fcc\u00fc ozand\u0131r. \u00dclk\u00fcc\u00fc camiada Mustafa Y\u0131ld\u0131zdo\u011fan, Ahmet \u015eafak, Ali K\u0131n\u0131k ve Atilla Y\u0131lmaz ile birlikte en bilinen simalardand\u0131r.<br>Ozan Arif 13 \u015eubat 2019 tarihinde tedavi g\u00f6rd\u00fc\u011f\u00fc Samsun Ondokuz May\u0131s \u00dcniversitesi T\u0131p Fak\u00fcltesi Hastanesinde hayat\u0131n\u0131 kaybetti. Cenazesi Samsun\u2019da topra\u011fa verildi. Mezar\u0131, <strong>T\u00fcrkiye\u2019nin Samsun ili, \u0130lkad\u0131m il\u00e7esindeki K\u0131rank\u00f6y Mezarl\u0131\u011f\u0131\u2019nda<\/strong> bulunmaktad\u0131r. Burada kabri ba\u015f\u0131nda anma t\u00f6renleri d\u00fczenlenmektedir.<\/p>\n\n\n\n<figure class=\"wp-block-image size-full is-resized\"><img loading=\"lazy\" decoding=\"async\" width=\"1024\" height=\"768\" src=\"https:\/\/haskurt.com\/40\/wp-content\/uploads\/2026\/02\/Ozan-Arifmezari_00.jpg\" alt=\"\" class=\"wp-image-1936\" style=\"width:1217px;height:auto\" srcset=\"https:\/\/haskurt.com\/40\/wp-content\/uploads\/2026\/02\/Ozan-Arifmezari_00.jpg 1024w, https:\/\/haskurt.com\/40\/wp-content\/uploads\/2026\/02\/Ozan-Arifmezari_00-300x225.jpg 300w, https:\/\/haskurt.com\/40\/wp-content\/uploads\/2026\/02\/Ozan-Arifmezari_00-768x576.jpg 768w\" sizes=\"auto, (max-width: 1024px) 100vw, 1024px\" \/><\/figure>\n\n\n\n<figure class=\"wp-block-image size-full is-resized\"><img loading=\"lazy\" decoding=\"async\" width=\"1024\" height=\"768\" src=\"https:\/\/haskurt.com\/40\/wp-content\/uploads\/2026\/02\/Ozan-Arifmezari_02.jpg\" alt=\"\" class=\"wp-image-1937\" style=\"width:1217px;height:auto\" srcset=\"https:\/\/haskurt.com\/40\/wp-content\/uploads\/2026\/02\/Ozan-Arifmezari_02.jpg 1024w, https:\/\/haskurt.com\/40\/wp-content\/uploads\/2026\/02\/Ozan-Arifmezari_02-300x225.jpg 300w, https:\/\/haskurt.com\/40\/wp-content\/uploads\/2026\/02\/Ozan-Arifmezari_02-768x576.jpg 768w\" sizes=\"auto, (max-width: 1024px) 100vw, 1024px\" \/><\/figure>\n\n\n\n\n\n<p><\/p>\n\n\n\n<figure class=\"wp-block-image size-large is-resized\"><img loading=\"lazy\" decoding=\"async\" width=\"1024\" height=\"512\" src=\"https:\/\/haskurt.com\/40\/wp-content\/uploads\/2026\/02\/Ozan-Arifmezari_01-1024x512.jpg\" alt=\"\" class=\"wp-image-1934\" style=\"width:1217px;height:auto\" srcset=\"https:\/\/haskurt.com\/40\/wp-content\/uploads\/2026\/02\/Ozan-Arifmezari_01-1024x512.jpg 1024w, https:\/\/haskurt.com\/40\/wp-content\/uploads\/2026\/02\/Ozan-Arifmezari_01-300x150.jpg 300w, https:\/\/haskurt.com\/40\/wp-content\/uploads\/2026\/02\/Ozan-Arifmezari_01-768x384.jpg 768w, https:\/\/haskurt.com\/40\/wp-content\/uploads\/2026\/02\/Ozan-Arifmezari_01.jpg 1280w\" sizes=\"auto, (max-width: 1024px) 100vw, 1024px\" \/><\/figure>\n\n\n<h1 class=\"wp-block-heading has-text-align-center has-white-color has-text-color has-background\" style=\"background-color: #34495e; font-size: 0px; font-style: normal; font-weight: bold; text-align: center;\" align=\"center\"><strong><img decoding=\"async\" class=\"alignnone\" src=\"https:\/\/haskurt.com\/40\/wp-content\/uploads\/2024\/07\/Bayrak03.gif\" alt=\"This image has an empty alt attribute; its file name is Bayrak03.gif\" \/>\u00a0 \u00a0 <code><span style=\"color: #ffffff; font-family: Arial Black; font-size: x-large;\">\u00a0 \ud83d\udc3a HasKurt \ud83d\udc3a  \u00a0<\/span><\/code><code><\/code><code><img decoding=\"async\" src=\"https:\/\/haskurt.com\/40\/wp-content\/uploads\/2024\/07\/Bayrak03.gif\" alt=\"This image has an empty alt attribute; its file name is kirsehir03.gif\" \/><\/code><\/strong><code><\/code><\/h1>\n\n\n<figure class=\"wp-block-image size-full\"><img loading=\"lazy\" decoding=\"async\" width=\"1024\" height=\"768\" src=\"https:\/\/haskurt.com\/40\/wp-content\/uploads\/2024\/07\/Ozan-Arif-1949-2019.jpg\" alt=\"\" class=\"wp-image-391\" srcset=\"https:\/\/haskurt.com\/40\/wp-content\/uploads\/2024\/07\/Ozan-Arif-1949-2019.jpg 1024w, https:\/\/haskurt.com\/40\/wp-content\/uploads\/2024\/07\/Ozan-Arif-1949-2019-300x225.jpg 300w, https:\/\/haskurt.com\/40\/wp-content\/uploads\/2024\/07\/Ozan-Arif-1949-2019-768x576.jpg 768w\" sizes=\"auto, (max-width: 1024px) 100vw, 1024px\" \/><\/figure>\n\n\n\n<h1 class=\"wp-block-heading has-text-align-center has-white-color has-text-color has-background\" style=\"background-color: #34495e; font-size: 0px; font-style: normal; font-weight: bold; text-align: center;\" align=\"center\"><strong><img decoding=\"async\" class=\"alignnone\" src=\"https:\/\/haskurt.com\/40\/wp-content\/uploads\/2024\/07\/Bayrak03.gif\" alt=\"This image has an empty alt attribute; its file name is Bayrak03.gif\" \/>\u00a0 \u00a0 <code><span style=\"color: #ffffff; font-family: Arial Black; font-size: x-large;\">\u00a0 \ud83d\udc3a HasKurt \ud83d\udc3a  \u00a0<\/span><\/code><code><\/code><code><img decoding=\"async\" src=\"https:\/\/haskurt.com\/40\/wp-content\/uploads\/2024\/07\/Bayrak03.gif\" alt=\"This image has an empty alt attribute; its file name is kirsehir03.gif\" \/><\/code><\/strong><code><\/code><\/h1>\n\n\n\n<head>\n<meta http-equiv=\"Content-Type\" content=\"text\/html; charset=windows-1254\">\n<meta http-equiv=\"Content-Language\" content=\"tr\">\n<\/head>\n\n<table border=\"0\" width=\"100%\" cellspacing=\"0\" cellpadding=\"0\">\n\t<tr>\n\t\t<td>\n\t\t<p align=\"center\">\n\t\t<img loading=\"lazy\" decoding=\"async\" border=\"0\" src=\"https:\/\/haskurt.com\/40\/wp-content\/uploads\/2024\/07\/HasKurt2005A.gif\" width=\"200\" height=\"120\"><\/td>\n\t\t<td>\n\t\t<p align=\"center\">\n\t\t<img loading=\"lazy\" decoding=\"async\" border=\"0\" src=\"https:\/\/haskurt.com\/40\/wp-content\/uploads\/2024\/07\/OsmanliImparatorlugu_1882\u20131922.svg_.png\" width=\"120\" height=\"120\"><\/td>\n\t\t<td>\n\t\t<p align=\"center\">\n\t\t<img loading=\"lazy\" decoding=\"async\" border=\"0\" src=\"https:\/\/haskurt.com\/40\/wp-content\/uploads\/2024\/07\/Bayrak03.gif\" width=\"163\" height=\"120\"><\/td>\n\t\t<td>\n\t\t<p align=\"center\">\n\t\t<img loading=\"lazy\" decoding=\"async\" border=\"0\" src=\"https:\/\/haskurt.com\/40\/wp-content\/uploads\/2024\/07\/HasKurt2014A.gif\" width=\"200\" height=\"120\"><\/td>\n\t<\/tr>\n<\/table>\n<table border=\"0\" width=\"100%\" cellspacing=\"0\" cellpadding=\"0\">\n\t<tr>\n\t\t<td>\n\t\t<p align=\"center\">\n\t\t<img decoding=\"async\" border=\"0\" src=\"https:\/\/haskurt.com\/40\/wp-content\/uploads\/2024\/07\/100YilTurkiye.png\" width=\"100%\" height=\"60\"><\/td>\n\t<\/tr>\n\t<tr>\n\t\t<td>\n\t\t<p align=\"center\">\n\t\t&nbsp;<\/td>\n\t<\/tr>\n<\/table>\n<table border=\"0\" width=\"100%\" cellspacing=\"0\" cellpadding=\"0\">\n\t<tr>\n\t\t<td>\n\t\t<p align=\"center\">\n\t\t<img loading=\"lazy\" decoding=\"async\" border=\"0\" src=\"https:\/\/haskurt.com\/40\/wp-content\/uploads\/2024\/07\/Bayrak03.gif\" width=\"68\" height=\"50\"><\/td>\n\t\t<td>\n\t\t<p align=\"center\">\n\t\t<img loading=\"lazy\" decoding=\"async\" border=\"0\" src=\"https:\/\/haskurt.com\/40\/wp-content\/uploads\/2024\/07\/hurgokbayrak.gif\" width=\"68\" height=\"50\"><\/td>\n\t\t<td>\n\t\t<p align=\"center\">\n\t\t<img loading=\"lazy\" decoding=\"async\" border=\"0\" src=\"https:\/\/haskurt.com\/40\/wp-content\/uploads\/2024\/08\/01AzerbaycanA.gif\" width=\"68\" height=\"50\"><\/td>\n\t\t<td>\n\t\t<p align=\"center\">\n\t\t<img loading=\"lazy\" decoding=\"async\" border=\"0\" src=\"https:\/\/haskurt.com\/40\/wp-content\/uploads\/2024\/07\/HasKurt.gif\" width=\"90\" height=\"86\"><\/td>\n\t\t<td>\n\t\t<p align=\"center\">\n\t\t<font face=\"Arial Black\" size=\"2\" style=\"box-sizing: border-box; color: rgb(32, 32, 32); font-size: 21.98px; font-style: normal; font-variant-ligatures: normal; font-variant-caps: normal; font-weight: 400; letter-spacing: normal; orphans: 2; text-align: left; text-indent: 0px; text-transform: none; widows: 2; word-spacing: 0px; -webkit-text-stroke-width: 0px; white-space: normal; text-decoration-thickness: initial; text-decoration-style: initial; text-decoration-color: initial; margin: 0px; padding: 0px\">\n\t\te \u2013 Posta<span lang=\"nl\" style=\"box-sizing: border-box; margin: 0px; padding: 0px;\">:<\/span><\/font><font color=\"#0000FF\" face=\"Arial Black\" style=\"box-sizing: border-box; margin: 0px; padding: 0px; font-size: 21.98px; font-style: normal; font-variant-ligatures: normal; font-variant-caps: normal; font-weight: 400; letter-spacing: normal; orphans: 2; text-align: left; text-indent: 0px; text-transform: none; widows: 2; word-spacing: 0px; -webkit-text-stroke-width: 0px; white-space: normal; text-decoration-thickness: initial; text-decoration-style: initial; text-decoration-color: initial;\"><span lang=\"nl\" style=\"box-sizing: border-box; margin: 0px; padding: 0px;\"><font face=\"Arial Black\" size=\"2\" style=\"box-sizing: border-box; margin: 0px; padding: 0px;\">&nbsp;&nbsp; <\/font><\/span><i style=\"box-sizing: border-box; margin: 0px; padding: 0px;\"><font face=\"Times New Roman\" style=\"box-sizing: border-box; margin: 0px; padding: 0px;\"><u style=\"box-sizing: border-box; margin: 0px; padding: 0px;\"><a style=\"box-sizing: border-box; text-decoration: none; font-size: 22px; font-family: Arial Black; font-weight: 700; font-style: normal; text-shadow: none; text-align: left; margin: 0px; padding: 0px; background-color: transparent\" href=\"mailto:haskurt@hotmail.com\">HasKurt \n\t\t\u00d6zKurt<\/a><\/u><\/font><\/i><\/font><p align=\"center\">\n\t\t<font face=\"Arial Black\" style=\"box-sizing: border-box; margin: 0px; padding: 0px; color: rgb(0, 0, 255); font-family: &quot;Arial Black&quot;; font-size: 21.98px; font-style: normal; font-variant-ligatures: normal; font-variant-caps: normal; font-weight: 400; letter-spacing: normal; orphans: 2; text-align: left; text-indent: 0px; text-transform: none; widows: 2; word-spacing: 0px; -webkit-text-stroke-width: 0px; white-space: normal; text-decoration-thickness: initial; text-decoration-style: initial; text-decoration-color: initial;\">\n\t\t<font size=\"2\" face=\"Arial Black\" style=\"box-sizing: border-box; margin: 0px; padding: 0px;\">\n\t\tBu site<span lang=\"nl\"> <\/span><\/font>&nbsp;<font color=\"#0000FF\" face=\"Arial Black\" style=\"box-sizing: border-box; margin: 0px; padding: 0px;\"><u style=\"box-sizing: border-box; margin: 0px; padding: 0px;\"><i style=\"box-sizing: border-box; margin: 0px; padding: 0px;\"><a style=\"box-sizing: border-box; margin: 0px; padding: 0px; color: rgb(51, 103, 153); text-decoration: none; background-color: transparent; font-size: 22px; font-family: Arial; font-weight: 400; font-style: normal; text-shadow: none; text-align: left;\" href=\"mailto:haskurt@hotmail.com\">HasKurt\n\t\t<span lang=\"nl\">&nbsp;<\/span>\u00d6zKurt<\/a><\/i><\/u><\/font><\/font><u style=\"box-sizing: border-box; margin: 0px; padding: 0px; color: rgb(0, 0, 255); font-family: &quot;Arial Black&quot;; font-size: 21.98px; font-style: normal; font-variant-ligatures: normal; font-variant-caps: normal; font-weight: 400; letter-spacing: normal; orphans: 2; text-align: left; text-indent: 0px; text-transform: none; widows: 2; word-spacing: 0px; -webkit-text-stroke-width: 0px; white-space: normal;\"><font face=\"Arial Black\" size=\"2\" style=\"box-sizing: border-box; margin: 0px; padding: 0px;\"><span lang=\"nl\">&nbsp;\n\t\t<\/span>Taraf<span lang=\"ES-TRAD\" style=\"box-sizing: border-box; margin: 0px; padding: 0px;\">&#305;<\/span>ndan\n\t\t<span lang=\"nl\">&nbsp;<\/span>haz<\/font><font size=\"3\" face=\"Arial Black\" style=\"box-sizing: border-box; margin: 0px; padding: 0px;\"><span lang=\"ES-TRAD\" style=\"box-sizing: border-box; margin: 0px; padding: 0px; font-size: 10pt; font-family: &quot;Arial Black&quot;;\">&#305;<\/span><\/font><font face=\"Arial Black\" size=\"2\" style=\"box-sizing: border-box; margin: 0px; padding: 0px;\">rlanmaktad<\/font><font size=\"3\" face=\"Arial Black\" style=\"box-sizing: border-box; margin: 0px; padding: 0px;\"><span lang=\"ES-TRAD\" style=\"box-sizing: border-box; margin: 0px; padding: 0px; font-size: 10pt; font-family: &quot;Arial Black&quot;;\">&#305;<\/span><\/font><font face=\"Arial Black\" size=\"2\" style=\"box-sizing: border-box; margin: 0px; padding: 0px;\">r<\/font><\/u><\/td>\n\t\t<td>\n\t\t<p align=\"center\">\n\t\t<img loading=\"lazy\" decoding=\"async\" border=\"0\" src=\"https:\/\/haskurt.com\/40\/wp-content\/uploads\/2024\/07\/Bayrak03.gif\" width=\"68\" height=\"50\"><\/td>\n\t\t<td>\n\t\t<p align=\"center\">\n\t\t<img loading=\"lazy\" decoding=\"async\" border=\"0\" src=\"https:\/\/haskurt.com\/40\/wp-content\/uploads\/2024\/07\/hurgokbayrak.gif\" width=\"68\" height=\"50\"><\/td>\n\t\t<td>\n\t\t<p align=\"center\">\n\t\t<img loading=\"lazy\" decoding=\"async\" border=\"0\" src=\"https:\/\/haskurt.com\/40\/wp-content\/uploads\/2024\/08\/01AzerbaycanA.gif\" width=\"68\" height=\"50\"><\/td>\n\t\t<td>\n\t\t<p align=\"center\">\n\t\t<img loading=\"lazy\" decoding=\"async\" border=\"0\" src=\"https:\/\/haskurt.com\/40\/wp-content\/uploads\/2024\/07\/HasKurt.gif\" width=\"90\" height=\"86\"><\/td>\n\t<\/tr>\n<\/table>\n<\/html>\n","protected":false},"excerpt":{"rendered":"<p>\u00a0 \u00a0 \u00a0 \u00a0Ozan Arif Biyografisi \u00a0 &nbsp;Babas\u0131 y\u00f6renin sevilen simalar\u0131ndan rahmetli Muharrem \u00c7avu\u015fun (Muharrem \u015eirin) o\u011flu Mehmet Bey, annesi Fatma han\u0131m da, yine kom\u015fu k\u00f6y Demir\u00f6z\u00fc`nden ayn\u0131 \u015fekilde sevilen rahmetli Gen\u00e7a\u011fa E\u015fk\u00fcno\u011flu`nun k\u0131z\u0131d\u0131r. Babas\u0131n\u0131n memuriyeti dolay\u0131s\u0131yla, ilk ve ortaokulu &hellip;<\/p>\n<p><a href=\"https:\/\/haskurt.com\/40\/ozan-arif-biyografisi\/\">Continue Reading<span class=\"meta-nav\">&rarr;<\/span><\/a><\/p>\n","protected":false},"author":1,"featured_media":0,"parent":0,"menu_order":0,"comment_status":"closed","ping_status":"closed","template":"page-templates\/haskurt_page.php","meta":{"footnotes":""},"class_list":["post-415","page","type-page","status-publish","hentry"],"_links":{"self":[{"href":"https:\/\/haskurt.com\/40\/wp-json\/wp\/v2\/pages\/415","targetHints":{"allow":["GET"]}}],"collection":[{"href":"https:\/\/haskurt.com\/40\/wp-json\/wp\/v2\/pages"}],"about":[{"href":"https:\/\/haskurt.com\/40\/wp-json\/wp\/v2\/types\/page"}],"author":[{"embeddable":true,"href":"https:\/\/haskurt.com\/40\/wp-json\/wp\/v2\/users\/1"}],"replies":[{"embeddable":true,"href":"https:\/\/haskurt.com\/40\/wp-json\/wp\/v2\/comments?post=415"}],"version-history":[{"count":16,"href":"https:\/\/haskurt.com\/40\/wp-json\/wp\/v2\/pages\/415\/revisions"}],"predecessor-version":[{"id":1940,"href":"https:\/\/haskurt.com\/40\/wp-json\/wp\/v2\/pages\/415\/revisions\/1940"}],"wp:attachment":[{"href":"https:\/\/haskurt.com\/40\/wp-json\/wp\/v2\/media?parent=415"}],"curies":[{"name":"wp","href":"https:\/\/api.w.org\/{rel}","templated":true}]}}