{"id":39,"date":"2024-07-14T07:31:24","date_gmt":"2024-07-14T07:31:24","guid":{"rendered":"https:\/\/haskurt.com\/40\/?page_id=39"},"modified":"2026-01-29T15:46:26","modified_gmt":"2026-01-29T15:46:26","slug":"basbugum","status":"publish","type":"page","link":"https:\/\/haskurt.com\/40\/basbugum\/","title":{"rendered":"Ba\u015fbu\u011fum"},"content":{"rendered":"<h1 class=\"wp-block-heading has-text-align-center has-white-color has-text-color has-background\" style=\"background-color: #34495e; font-size: 0px; font-style: normal; font-weight: bold; text-align: center;\" align=\"center\"><strong><img decoding=\"async\" class=\"alignnone\" src=\"https:\/\/haskurt.com\/40\/wp-content\/uploads\/2024\/07\/Bayrak03.gif\" alt=\"This image has an empty alt attribute; its file name is Bayrak03.gif\" \/>\u00a0 \u00a0 <code><span style=\"color: #ffffff; font-family: Arial Black; font-size: x-large;\">\u00a0 \ud83d\udc3a Ba\u015fbu\u011fum \ud83d\udc3a  \u00a0<\/span><\/code><code><\/code><code><img decoding=\"async\" src=\"https:\/\/haskurt.com\/40\/wp-content\/uploads\/2024\/07\/Bayrak03.gif\" alt=\"This image has an empty alt attribute; its file name is kirsehir03.gif\" \/><\/code><\/strong><code><\/code><\/h1>\n\n\n<figure class=\"wp-block-table aligncenter\"><table><tbody><tr><td><img loading=\"lazy\" decoding=\"async\" src=\"https:\/\/haskurt.com\/40\/wp-content\/uploads\/2024\/07\/Basbugum04.gif\" width=\"200\" height=\"200\"><\/td><td><strong>\u00ab\u00ab BA\u015eBU\u011eUMUZUN HAYATI \u00bb\u00bb<\/strong><br><strong>\u00dcLK\u00dcC\u00dcLER VAR OLDUK\u00c7A G\u00d6KTE YILDIZ YERDE<\/strong><br><strong>T\u00dcRK PARLAYACAK<\/strong>&nbsp;<\/td><td><img loading=\"lazy\" decoding=\"async\" src=\"https:\/\/haskurt.com\/40\/wp-content\/uploads\/2024\/07\/Basbugum04.gif\" width=\"200\" height=\"200\"><\/td><\/tr><\/tbody><\/table><\/figure>\n\n\n\n<p>Alparslan T\u00fcrke\u015f; aslen Kayserilidir. B\u00fcy\u00fck dedesi Arif A\u011fa Kayseri\u2019nin P\u0131narba\u015f\u0131 il\u00e7esinin Yukar\u0131 K\u00f6\u015fkerli K\u00f6y\u00fcnden K\u0131br\u0131s\u2019a g\u00f6\u00e7 etmi\u015f ve buraya yerle\u015fmi\u015ftir. Alparslan T\u00fcrke\u015f 25 Kas\u0131m 1917\u2018de Lefko\u015fa\u2019da do\u011fmu\u015ftur. Babas\u0131 Ahmet Hamdi Efendi, annesi Fat\u0131mat\u00fcl Zehra Han\u0131m\u2019d\u0131r.<br>\u0130lk ve orta e\u011fitimini Lefko\u015fa\u2019da tamamlam\u0131\u015ft\u0131r. O y\u0131llarda \u0130ngiliz i\u015fgal idaresi alt\u0131nda bulunan K\u0131br\u0131s\u2019tan ailece T\u00fcrkiye\u2019ye g\u00f6\u00e7 etmi\u015fler ve \u0130stanbul\u2019a yerle\u015fmi\u015flerdir.&nbsp;<br>Askerlik mesle\u011fine b\u00fcy\u00fck sevgisi olan Alparslan T\u00dcRKE\u015e 1933 y\u0131l\u0131nda Kuleli Askeri Lisesi\u2019ne girmi\u015ftir. B\u00fcy\u00fck ba\u015far\u0131 g\u00f6stererek, 1939 y\u0131l\u0131nda bu liseden mezun olmu\u015f ve Harp Okul\u2019a ge\u00e7mi\u015ftir.<br>1939\u2018da Harp Okulu\u2019ndan mezun olarak piyade aste\u011fmen r\u00fctbesi ile orduya kat\u0131lm\u0131\u015ft\u0131r. Orduda muntazaman terfi etmi\u015f ve harp akademisi imtihan\u0131n\u0131 kazanarak akademiye ge\u00e7mi\u015ftir. Ba\u015far\u0131l\u0131 bir e\u011fitim d\u00f6nemi sonras\u0131nda kurmay subay olarak mezun olmu\u015ftur.<\/p>\n\n\n\n<p>1948 y\u0131l\u0131nda Genelkurmay taraf\u0131ndan a\u00e7\u0131lan imtihanlar\u0131 kazanm\u0131\u015f ve b\u00fct\u00fcn e\u011fitim d\u00f6nemindeki ba\u015far\u0131lar\u0131 da g\u00f6z \u00f6n\u00fcne al\u0131narak Amerika\u2019ya tahsile g\u00f6nderilmi\u015ftir.Amerika\u2019da piyade okulu ve Amerikan Harp Akademi\u2019sinde tahsil g\u00f6rm\u00fc\u015f buralardan da iyi dereceler ile mezun olmu\u015ftur.<\/p>\n\n\n\n<p>1955\u2018de kurmay binba\u015f\u0131 olan Alparslan T\u00fcrke\u015f (Amerika\u2019da) Washington\u2019da bulunan daimi gurup nezdinde T\u00fcrk Genelkurmay\u0131\u2019n\u0131n Temsil Heyeti \u00fcyeli\u011fine tayin edilmi\u015ftir. 1957 y\u0131l\u0131n\u0131n sonuna kadar vazifesini s\u00fcrd\u00fcrm\u00fc\u015ft\u00fcr. Bu s\u00fcre i\u00e7erisinde \u00dcniversity of America (Amerika \u00dcniversitesi)\u2018ya devam etmi\u015f, International Economics tahsili g\u00f6rm\u00fc\u015ft\u00fcr. Daha sonra yurda d\u00f6nen Alparslan T\u00dcRKE\u015e, 1959\u2018da Almanya\u2019ya Atom ve N\u00fckleer Okulu\u2019na g\u00f6nderilmi\u015f, bu okulu da ba\u015far\u0131 ile bitirmi\u015ftir. 27 May\u0131s 1960 y\u0131l\u0131na kadar ,Avrupa\u2019da muhtelif NATO toplant\u0131lar\u0131nda ve askeri mevzularda T\u00fcrk Genel Kurmay Ba\u015fkanl\u0131\u011f\u0131\u2019n\u0131n temsilcisi olarak bulunmu\u015ftur.<\/p>\n\n\n\n<p>27 May\u0131s 1960 Milli Birlik Harekat\u0131\u2019n\u0131n \u00f6nde gelen simalar\u0131ndan olan Alparslan T\u00dcRKE\u015e, bu hareketi partiler \u00fcss\u00fc ve milli birli\u011fi sa\u011flayacak bir reform hareketi olarak d\u00fc\u015f\u00fcnm\u00fc\u015ft\u00fcr. M\u00fcdahaleden sonra birik \u00fcyesi olarak, Ba\u015fbakanl\u0131k M\u00fcste\u015farl\u0131\u011f\u0131 yapm\u0131\u015ft\u0131r. G\u00f6revde bulundu\u011fu 27 May\u0131s 1960, 25 Eyl\u00fcl 1960 tarihleri aras\u0131nda, \u00fclke ve k\u00fclt\u00fcr b\u00fct\u00fcnl\u00fc\u011f\u00fc kanun tasar\u0131s\u0131n\u0131 ve Devlet Planlama Te\u015fkilat\u0131 kanun tasar\u0131s\u0131n\u0131 kanunla\u015ft\u0131rm\u0131\u015f, devlet ve millet yarar\u0131na sunmu\u015ftur. CHP\u2019li baz\u0131 politikac\u0131lar\u0131n M.B. Komitesi \u00fcyelerine yapm\u0131\u015f olduklar\u0131 baz\u0131 telkinler ile Anayasa \u00e7i\u011fnenerek 13 Kas\u0131m 1960 tarihinde 13 arkada\u015f\u0131 ile M.B. Komitesi\u2019nden \u00e7\u0131kar\u0131lm\u0131\u015f ve M\u00fcrtet Hava \u00dcst\u00fcnde hapsedilmi\u015f, daha sonra da, C.H.P.\u2018lerin rahat hareket etmeleri i\u00e7in 19 Kas\u0131m 1960\u2018ta T\u00fcrkiye\u2019den , h\u00fck\u00fcmet m\u00fc\u015faviri g\u00f6revi ile Hindistan Yeni Delhi\u2019ye mecburi ik\u00e2metgah olarak g\u00f6nderilmi\u015ftir. Alparslan T\u00fcrke\u015f Hindistan\u2019da iken h\u00fck\u00fcmet y\u00f6neticilerine mektuplarla s\u00fcrekli ikazlarda bulunmu\u015ftur.<\/p>\n\n\n\n<p>23 \u015eubat 1963\u2018ta yurda d\u00f6nen ALPARSLAN T\u00dcRKE\u015e, 21May\u0131s\u2019ta tevkif edilmi\u015f, 5 Eyl\u00fcl 1963\u2018te tahliye olmu\u015ftur. 31 Mart 1964\u2018te C.K.M.P.\u2018ye \u00fcye olmu\u015f ve Parti Genel M\u00fcfetti\u015fli\u011fi g\u00f6revini alm\u0131\u015ft\u0131r.<br>1 A\u011fustos 1965\u2018de C.K.M.P.\u2018nin kongresinde parti \u00fcyeleri taraf\u0131ndan genel ba\u015fkanl\u0131\u011fa se\u00e7ilmi\u015ftir. (8-9) \u015eubat 1969 C.K.M.P.\u2018nin Adana\u2019daki kongresinde ALPARSLAN T\u00dcRKE\u015e\u2019\u0130N teklifiyle partinin ismi Milliyet\u00e7i Hareket Partisi olarak de\u011fi\u015ftirilmi\u015ftir. 65-69, 69-73, 73-77 ve 1977\u2018den 12 Eyl\u00fcl 1980\u2018e kadar d\u00f6rt d\u00f6nem, Ankara ve Adana\u2019dan milletvekilli\u011fi yapm\u0131\u015ft\u0131r. 1975\u2018den sonra kurulan 1. Ve 2. M.C. h\u00fck\u00fcmetlerinde ba\u015fbakan yard\u0131mc\u0131l\u0131\u011f\u0131 g\u00f6revlerinde bulunmu\u015ftur.<br>12 Eyl\u00fcl 1980 hareketinden sonra s\u0131k\u0131 y\u00f6netim taraf\u0131ndan tevkif edilmi\u015f ve 29 Nisan 1981 tarihinde, MHP ve \u00dclk\u00fcc\u00fc Kurulu\u015flar davas\u0131 ad\u0131 ile s\u0131k\u0131 y\u00f6netim mahkemelerinin kar\u015f\u0131s\u0131na \u00e7\u0131kar\u0131lm\u0131\u015ft\u0131r. Yarg\u0131land\u0131\u011f\u0131 dava nedeni ile uzun s\u00fcren tutuklulu\u011fu, 9 Nisan 1985\u2018de tahliye olarak son bulmu\u015ftur.<\/p>\n\n\n\n<p>Bu dava nedeniyle d\u00f6rt bu\u00e7uk y\u0131l tutuklu kalm\u0131\u015ft\u0131r. 6 Eyl\u00fcl 1987\u2018de siyasi yasaklar\u0131n referandum ile kalkmas\u0131ndan sonra 20 Eyl\u00fcl\u2019de Alparslan T\u00fcrke\u015f M.\u00c7.P.\u2018ye t\u00f6renle kaydolmu\u015ftur. 4 Ekim 1987 tarihinde yap\u0131lan ola\u011fan\u00fcst\u00fc 2.Kongre ile Milliyet\u00e7i \u00c7al\u0131\u015fma Partisi Genel Ba\u015fkanl\u0131\u011f\u0131\u2019na se\u00e7ilmi\u015ftir.<br>24 Eyl\u00fcl 1991 tarihinde 19. D\u00f6nem Milletvekili se\u00e7imlerinde M.\u00c7.P.\u2018nin, I.D.P., R.P. ile \u00fc\u00e7l\u00fc ittifak yapmas\u0131yla Yozgat\u2019tan milletvekili se\u00e7ilmi\u015ftir. 15 Kas\u0131m 1991 tarihinde 18 arkada\u015f\u0131 ile ittifaktan ayr\u0131larak ba\u011f\u0131ms\u0131z milletvekili olmu\u015ftur. 25 Aral\u0131k 1991\u2018de Demokratik Hareket Partisini kurmu\u015ftur.Kurucular Kurulu karar\u0131 ile parti kapat\u0131larak, Milliyet\u00e7i \u00c7al\u0131\u015fma Partisi\u2019nin 29 Aral\u0131k 1991 tarihinde yap\u0131lan 3. Ola\u011fan Genel Kongresi\u2019nde tekrar M.\u00c7.P.\u2018nin Genel Ba\u015fkanl\u0131\u011f\u0131\u2019na se\u00e7ilmi\u015ftir.<\/p>\n\n\n\n<p>Zamanla, olgunlu\u011fa ve doygunlu\u011fa y\u00f6nelen ruh s\u0131ra s\u0131ra dizilmi\u015f nefis da\u011flar\u0131n\u0131 zorlamaya ba\u015flar. Da\u011f\u0131n en nazik b\u00f6lgesine y\u0131\u011f\u0131nla odun ve k\u00f6m\u00fcr dizilir. K\u00f6r\u00fckler kurulur. Alevler harlan\u0131r ve da\u011f erimeye ba\u015flar. B\u00fcy\u00fck ruhlu \u015fahsiyet ard arda gelen ve gelenin gideni aratt\u0131\u011f\u0131 \u00e7ileli bir d\u00f6nem ba\u015flam\u0131\u015ft\u0131r.<br>S\u0131radan ruhlu \u00e7o\u011funlu\u011fun ya\u015fand\u0131\u011f\u0131 mevsim genellikle yazd\u0131r, bahard\u0131r. O ise \u201aA\u011fustos\u2019ta suya girse balta kesmez buz olur\u2018 Do\u011fruyu s\u00f6yleyip savunduk\u00e7a k\u0131nan\u0131r, \u00e7o\u011funlu\u011fun sahip olmak i\u00e7in \u015fahsiyetini bile paralad\u0131\u011f\u0131 \u015feyleri o terk ettik\u00e7e ad\u0131 deliye \u00e7\u0131kar. \u00c7ekilen sistemli \u00e7ilenin dozaj\u0131 artt\u0131k\u00e7a nefis s\u0131ra da\u011flar\u0131 birer birer delinir, a\u015f\u0131l\u0131r. Bu s\u00fcre\u00e7 sona do\u011fru yakla\u015ft\u0131k\u00e7a halk\u0131n deli dedi\u011fi bu b\u00fcy\u00fck ruhlu insan, Hakk\u2019\u0131n yan\u0131nda veli s\u0131fat\u0131n\u0131 kazanmaya ba\u015flar.<br>Bu ar\u0131nma, olgunla\u015fma i\u015fleminden \u00f6nce, nefsin a\u011farl\u0131\u011f\u0131n\u0131 hissettirdi\u011fi, Alplik s\u0131fat\u0131n\u0131n \u00f6ne \u00e7\u0131kt\u0131\u011f\u0131 d\u00f6nemlerde bu \u015fahsiyetin m\u00fccadelesi olabildi\u011fince d\u0131\u015fa y\u00f6neliktir. (k\u00fc\u00e7\u00fck cihat d\u00f6nemi) M\u00fccadelesi delikanl\u0131cad\u0131r. Delice akan bir \u0131rmakt\u0131r O. Baz\u0131 baharlarda co\u015ftuk\u00e7a co\u015far, bazen etraf\u0131n\u0131 silip s\u00fcp\u00fcrebilir. \u0130lahi rahmetin tam kontrol unda oldu\u011fu i\u00e7in genellikle u\u00e7urumlar\u0131n kenar\u0131ndan bir vesile ile \u00e7ekip al\u0131n\u0131r, b\u00fcy\u00fck cihat g\u00fcn\u00fcne haz\u0131rlan\u0131r.<\/p>\n\n\n\n<p>Genellikle, g\u00f6r\u00fcn\u00fcr planda tama zafere ramak kala ya\u015fat\u0131lan b\u00fcy\u00fck hayal k\u0131r\u0131kl\u0131\u011f\u0131 ile k\u00fc\u00e7\u00fck cihattan b\u00fcy\u00fck cihada \u00e7ekilir bu b\u00fcy\u00fck ruhlu \u015fahsiyet. Halbuki, ilahi murad bamba\u015fka bir senaryo taktir etmi\u015ftir ta ezelde.<br>12 Eyl\u00fcl 1980 hareketinin kapatt\u0131\u011f\u0131 siyasi partilerin isim ve amblemlerinin kullanma yasa\u011f\u0131n\u0131n kalkmas\u0131 ile, 27 Aral\u0131k 1992 tarihinde, kapat\u0131lan M.H.P.\u2018nin o g\u00fcnk\u00fc delegelerinin kat\u0131ld\u0131\u011f\u0131 kongrede, M.H.P\u2019nin isim, amblem kullanma yetkisi tekrar kurucu Alparslan T\u00fcrke\u015f\u2019e devredilmi\u015ftir.<\/p>\n\n\n\n<p>24 Ocak 1993 tarihinde yap\u0131lan kongrede. M.\u00c7.P. yerini M.H.P.\u2018ye b\u0131rakm\u0131\u015f, Genel Ba\u015fkanl\u0131\u011fa da Alparslan T\u00fcrke\u015f se\u00e7ilmi\u015ftir. Ba\u015fbu\u011fumuz 24 Aral\u0131k 1995 tarihinde yap\u0131lan genel se\u00e7imlerde Adana\u2019dan milletvekilli\u011fi adayl\u0131\u011f\u0131n\u0131 a\u00e7\u0131klam\u0131\u015ft\u0131r. Milliyet\u00e7i Hareket Partisi, 24 Aral\u0131k 1995\u2018te yap\u0131lan genel se\u00e7imlerde antidemokratik %10\u2018luk \u00fclke baraj\u0131na tak\u0131larak meclise girememi\u015ftir.<\/p>\n\n\n\n<p>Ba\u015fbu\u011fumuz, evli, ikisi erkek, be\u015fi k\u0131z yedi \u00e7ocuk babas\u0131d\u0131r. \u0130yi derce Frans\u0131zca ve \u0130ngilizce bilmektedir.<\/p>\n\n\n\n<p><strong>NE MUTLU T\u00dcRK&#8217;\u00dcM DiYENE&#8230;<\/strong><\/p>\n\n\n\n<p><strong>ALPARSLAN T\u00dcRKES&#8217;TEN<\/strong><\/p>\n\n\n\n<p><strong>T\u00dcRK \u00dcLK\u00dcS\u00dc \u00dcZER\u0130NE S\u00d6ZLER<br><br>1)Bir fikre, bir ideolojiye, kendisinden daha \u00fcst\u00fcn bir fikirle kar\u015f\u0131<br>\u00e7\u0131k\u0131l\u0131r. Kar\u015f\u0131 fikir kaba kuvvetle ezilemez.<br><br>2)Milliyet\u00e7ilik; reaksiyon de\u011fil, aksiyondur. Dinamiktir.<br><br>3)DALINDAN KOPAN YAPRA\u011eIN AKIBET\u0130N\u0130 R\u00dcZGAR TAY\u0130N EDER.<br><br>4)T\u00dcRKL\u00dcK bedenimiz, \u0130slamiyet ruhumuzdur. Ruhsuz beden ceset olur.<br><br>5)M\u00fclkiyetin;ba\u015fkalar\u0131n\u0131 s\u00f6m\u00fcrme, ezme arac\u0131 olarak kullan\u0131lmas\u0131na kar\u015f\u0131y\u0131z.<br><br>6)Milliyet\u00e7ilik \u00fclk\u00fcs\u00fc, ideolojisi her t\u00fcrl\u00fc s\u0131n\u0131f sistemlerine kar\u015f\u0131d\u0131r.<br><br>7)Fikir, iman, \u00fclk\u00fc a\u015fk\u0131 &#8230; \u0130nsanlar\u0131 g\u00fc\u00e7l\u00fc yapan bunlard\u0131r.<br><br>8)Devletle\u015ftirme, her \u015feyin devlet emrine, yani devletin ba\u015f\u0131ndaki ki\u015filere verilmesidir.<br><br>9)Biz ne ba\u015fkalar\u0131na u\u015fakl\u0131k etmek, nede ba\u015fkalar\u0131n\u0131 u\u015fak olarak kullanmak istemeyiz.<br><br>10)Taklit\u00e7ilik bir nevi h\u0131rs\u0131zl\u0131kt\u0131r.<br><br>11)Dokuz I\u015f\u0131k Doktrini, derin bir insan sevgisi ve insan haysiyetine sayg\u0131 ile ba\u011fl\u0131 olma iste\u011fini i\u00e7erisinde ta\u015f\u0131r.<br><br>12)\u0130nsanl\u0131k aleminin en \u015ferefli bir ailesi T\u00fcrk Milletidir.<br><br>13)Dokuz \u0131\u015f\u0131k demek, T\u00fcrk \u00fclk\u00fcs\u00fc demektir.<br><br>14)T\u00fcrk T\u00f6resi, T\u00fcrk \u00dclk\u00fcs\u00fcn\u00fcn ayr\u0131lmaz bir par\u00e7as\u0131d\u0131r.<br><br>15)\u00dclk\u00fcs\u00fcz insan \u00e7amurdan fark\u0131 olmayan bir varl\u0131kt\u0131r.<br><br>16)Ahlak\u00e7\u0131l\u0131k anlay\u0131\u015f\u0131m\u0131z, T\u00fcrk Ahlak\u0131 ve M\u00fcsl\u00fcmanl\u0131k inanc\u0131ndan meydana gelmi\u015ftir.<br><br>17)\u0130slamiyet&#8217;i ele al\u0131p T\u00fcrkl\u00fc\u011f\u00fc inkar etmek ihanettir. Bunun terside ayn\u0131 derecede gaflet ve ihanettir.<br><br>18)T\u00fcrk\u00fcn en \u00f6nemli vasf\u0131 te\u015fkilat\u00e7\u0131l\u0131\u011f\u0131d\u0131r.<br><br>19)Kendi plan\u0131m\u0131za tabi olaca\u011f\u0131z. D\u00fc\u015fmanlar\u0131m\u0131z\u0131, yari T\u00fcrk milletinin d\u00fc\u015fmanlar\u0131n\u0131 plan\u0131m\u0131za tabi k\u0131laca\u011f\u0131z, tabi edece\u011fiz.<br><br>20)\u0130nsanlar,; yoksullu\u011fa, a\u00e7l\u0131\u011fa, susuzlu\u011fa tahamm\u00fcl ederler. Fakat adaletsizli\u011fe, hor g\u00f6r\u00fclmeye a\u015fa\u011f\u0131lanmaya asla m\u00fcsaade, m\u00fcsamaha ekmezler.<br><br>21)Her \u015fah\u0131s, her ki\u015fi, d\u00fc\u015fmanlar\u0131m\u0131za kar\u015f\u0131 canl\u0131 bir propaganda vas\u0131tas\u0131 olmak zorundad\u0131r.<br><br>22)Hepiniz birer T\u00fcrk Bayra\u011f\u0131&#8217;s\u0131n\u0131z. Bayra\u011f\u0131 lekelemeyin, kirletmeyin, yere d\u00fc\u015f\u00fcrmeyin.<br><\/strong> <strong>RUHUN \u015eAD OLSUN BA\u015eBU\u011eUM<\/strong><\/p>\n\n\n\n<p><strong>BOZKURTLARIN D\u0130MD\u0130K AYAKTA<\/strong><\/p>\n\n\n\n<p><strong><br>BA\u015eBU\u011eLAR \u00d6LMEZ<\/strong><\/p>\n\n\n\n<p><strong>Soysuz eller kuruyacak Bozkurt&#8217;um!<br>Allah T\u00fcrk&#8217;\u00fc koruyacak Bozkurt&#8217;um!<\/strong><\/p>\n\n\n<div class=\"wp-block-image\">\n<figure class=\"aligncenter size-full\"><img loading=\"lazy\" decoding=\"async\" width=\"436\" height=\"399\" src=\"https:\/\/haskurt.com\/40\/wp-content\/uploads\/2024\/07\/Basbugum1997.gif\" alt=\"\" class=\"wp-image-59\"\/><\/figure><\/div>\n\n<h1 class=\"wp-block-heading has-text-align-center has-white-color has-text-color has-background\" style=\"background-color: #34495e; font-size: 0px; font-style: normal; font-weight: bold; text-align: center;\" align=\"center\"><strong><img decoding=\"async\" class=\"alignnone\" src=\"https:\/\/haskurt.com\/40\/wp-content\/uploads\/2024\/07\/Bayrak03.gif\" alt=\"This image has an empty alt attribute; its file name is Bayrak03.gif\" \/>\u00a0 \u00a0 <code><span style=\"color: #ffffff; font-family: Arial Black; font-size: x-large;\">\u00a0 \ud83d\udc3a HasKurt \ud83d\udc3a  \u00a0<\/span><\/code><code><\/code><code><img decoding=\"async\" src=\"https:\/\/haskurt.com\/40\/wp-content\/uploads\/2024\/07\/Bayrak03.gif\" alt=\"This image has an empty alt attribute; its file name is kirsehir03.gif\" \/><\/code><\/strong><code><\/code><\/h1>\n\n\n<head>\n<meta http-equiv=\"Content-Type\" content=\"text\/html; charset=windows-1254\">\n<meta http-equiv=\"Content-Language\" content=\"tr\">\n<\/head>\n\n<table border=\"0\" width=\"100%\" cellspacing=\"0\" cellpadding=\"0\">\n\t<tr>\n\t\t<td>\n\t\t<p align=\"center\">\n\t\t<img loading=\"lazy\" decoding=\"async\" border=\"0\" src=\"https:\/\/haskurt.com\/40\/wp-content\/uploads\/2024\/07\/HasKurt2005A.gif\" width=\"200\" height=\"120\"><\/td>\n\t\t<td>\n\t\t<p align=\"center\">\n\t\t<img loading=\"lazy\" decoding=\"async\" border=\"0\" src=\"https:\/\/haskurt.com\/40\/wp-content\/uploads\/2024\/07\/OsmanliImparatorlugu_1882\u20131922.svg_.png\" width=\"120\" height=\"120\"><\/td>\n\t\t<td>\n\t\t<p align=\"center\">\n\t\t<img loading=\"lazy\" decoding=\"async\" border=\"0\" src=\"https:\/\/haskurt.com\/40\/wp-content\/uploads\/2024\/07\/Bayrak03.gif\" width=\"163\" height=\"120\"><\/td>\n\t\t<td>\n\t\t<p align=\"center\">\n\t\t<img loading=\"lazy\" decoding=\"async\" border=\"0\" src=\"https:\/\/haskurt.com\/40\/wp-content\/uploads\/2024\/07\/HasKurt2014A.gif\" width=\"200\" height=\"120\"><\/td>\n\t<\/tr>\n<\/table>\n<table border=\"0\" width=\"100%\" cellspacing=\"0\" cellpadding=\"0\">\n\t<tr>\n\t\t<td>\n\t\t<p align=\"center\">\n\t\t<img decoding=\"async\" border=\"0\" src=\"https:\/\/haskurt.com\/40\/wp-content\/uploads\/2024\/07\/100YilTurkiye.png\" width=\"100%\" height=\"60\"><\/td>\n\t<\/tr>\n\t<tr>\n\t\t<td>\n\t\t<p align=\"center\">\n\t\t&nbsp;<\/td>\n\t<\/tr>\n<\/table>\n<table border=\"0\" width=\"100%\" cellspacing=\"0\" cellpadding=\"0\">\n\t<tr>\n\t\t<td>\n\t\t<p align=\"center\">\n\t\t<img loading=\"lazy\" decoding=\"async\" border=\"0\" src=\"https:\/\/haskurt.com\/40\/wp-content\/uploads\/2024\/07\/Bayrak03.gif\" width=\"68\" height=\"50\"><\/td>\n\t\t<td>\n\t\t<p align=\"center\">\n\t\t<img loading=\"lazy\" decoding=\"async\" border=\"0\" src=\"https:\/\/haskurt.com\/40\/wp-content\/uploads\/2024\/07\/hurgokbayrak.gif\" width=\"68\" height=\"50\"><\/td>\n\t\t<td>\n\t\t<p align=\"center\">\n\t\t<img loading=\"lazy\" decoding=\"async\" border=\"0\" src=\"https:\/\/haskurt.com\/40\/wp-content\/uploads\/2024\/08\/01AzerbaycanA.gif\" width=\"68\" height=\"50\"><\/td>\n\t\t<td>\n\t\t<p align=\"center\">\n\t\t<img loading=\"lazy\" decoding=\"async\" border=\"0\" src=\"https:\/\/haskurt.com\/40\/wp-content\/uploads\/2024\/07\/HasKurt.gif\" width=\"90\" height=\"86\"><\/td>\n\t\t<td>\n\t\t<p align=\"center\">\n\t\t<font face=\"Arial Black\" size=\"2\" style=\"box-sizing: border-box; color: rgb(32, 32, 32); font-size: 21.98px; font-style: normal; font-variant-ligatures: normal; font-variant-caps: normal; font-weight: 400; letter-spacing: normal; orphans: 2; text-align: left; text-indent: 0px; text-transform: none; widows: 2; word-spacing: 0px; -webkit-text-stroke-width: 0px; white-space: normal; text-decoration-thickness: initial; text-decoration-style: initial; text-decoration-color: initial; margin: 0px; padding: 0px\">\n\t\te \u2013 Posta<span lang=\"nl\" style=\"box-sizing: border-box; margin: 0px; padding: 0px;\">:<\/span><\/font><font color=\"#0000FF\" face=\"Arial Black\" style=\"box-sizing: border-box; margin: 0px; padding: 0px; font-size: 21.98px; font-style: normal; font-variant-ligatures: normal; font-variant-caps: normal; font-weight: 400; letter-spacing: normal; orphans: 2; text-align: left; text-indent: 0px; text-transform: none; widows: 2; word-spacing: 0px; -webkit-text-stroke-width: 0px; white-space: normal; text-decoration-thickness: initial; text-decoration-style: initial; text-decoration-color: initial;\"><span lang=\"nl\" style=\"box-sizing: border-box; margin: 0px; padding: 0px;\"><font face=\"Arial Black\" size=\"2\" style=\"box-sizing: border-box; margin: 0px; padding: 0px;\">&nbsp;&nbsp; <\/font><\/span><i style=\"box-sizing: border-box; margin: 0px; padding: 0px;\"><font face=\"Times New Roman\" style=\"box-sizing: border-box; margin: 0px; padding: 0px;\"><u style=\"box-sizing: border-box; margin: 0px; padding: 0px;\"><a style=\"box-sizing: border-box; text-decoration: none; font-size: 22px; font-family: Arial Black; font-weight: 700; font-style: normal; text-shadow: none; text-align: left; margin: 0px; padding: 0px; background-color: transparent\" href=\"mailto:haskurt@hotmail.com\">HasKurt \n\t\t\u00d6zKurt<\/a><\/u><\/font><\/i><\/font><p align=\"center\">\n\t\t<font face=\"Arial Black\" style=\"box-sizing: border-box; margin: 0px; padding: 0px; color: rgb(0, 0, 255); font-family: &quot;Arial Black&quot;; font-size: 21.98px; font-style: normal; font-variant-ligatures: normal; font-variant-caps: normal; font-weight: 400; letter-spacing: normal; orphans: 2; text-align: left; text-indent: 0px; text-transform: none; widows: 2; word-spacing: 0px; -webkit-text-stroke-width: 0px; white-space: normal; text-decoration-thickness: initial; text-decoration-style: initial; text-decoration-color: initial;\">\n\t\t<font size=\"2\" face=\"Arial Black\" style=\"box-sizing: border-box; margin: 0px; padding: 0px;\">\n\t\tBu site<span lang=\"nl\"> <\/span><\/font>&nbsp;<font color=\"#0000FF\" face=\"Arial Black\" style=\"box-sizing: border-box; margin: 0px; padding: 0px;\"><u style=\"box-sizing: border-box; margin: 0px; padding: 0px;\"><i style=\"box-sizing: border-box; margin: 0px; padding: 0px;\"><a style=\"box-sizing: border-box; margin: 0px; padding: 0px; color: rgb(51, 103, 153); text-decoration: none; background-color: transparent; font-size: 22px; font-family: Arial; font-weight: 400; font-style: normal; text-shadow: none; text-align: left;\" href=\"mailto:haskurt@hotmail.com\">HasKurt\n\t\t<span lang=\"nl\">&nbsp;<\/span>\u00d6zKurt<\/a><\/i><\/u><\/font><\/font><u style=\"box-sizing: border-box; margin: 0px; padding: 0px; color: rgb(0, 0, 255); font-family: &quot;Arial Black&quot;; font-size: 21.98px; font-style: normal; font-variant-ligatures: normal; font-variant-caps: normal; font-weight: 400; letter-spacing: normal; orphans: 2; text-align: left; text-indent: 0px; text-transform: none; widows: 2; word-spacing: 0px; -webkit-text-stroke-width: 0px; white-space: normal;\"><font face=\"Arial Black\" size=\"2\" style=\"box-sizing: border-box; margin: 0px; padding: 0px;\"><span lang=\"nl\">&nbsp;\n\t\t<\/span>Taraf<span lang=\"ES-TRAD\" style=\"box-sizing: border-box; margin: 0px; padding: 0px;\">&#305;<\/span>ndan\n\t\t<span lang=\"nl\">&nbsp;<\/span>haz<\/font><font size=\"3\" face=\"Arial Black\" style=\"box-sizing: border-box; margin: 0px; padding: 0px;\"><span lang=\"ES-TRAD\" style=\"box-sizing: border-box; margin: 0px; padding: 0px; font-size: 10pt; font-family: &quot;Arial Black&quot;;\">&#305;<\/span><\/font><font face=\"Arial Black\" size=\"2\" style=\"box-sizing: border-box; margin: 0px; padding: 0px;\">rlanmaktad<\/font><font size=\"3\" face=\"Arial Black\" style=\"box-sizing: border-box; margin: 0px; padding: 0px;\"><span lang=\"ES-TRAD\" style=\"box-sizing: border-box; margin: 0px; padding: 0px; font-size: 10pt; font-family: &quot;Arial Black&quot;;\">&#305;<\/span><\/font><font face=\"Arial Black\" size=\"2\" style=\"box-sizing: border-box; margin: 0px; padding: 0px;\">r<\/font><\/u><\/td>\n\t\t<td>\n\t\t<p align=\"center\">\n\t\t<img loading=\"lazy\" decoding=\"async\" border=\"0\" src=\"https:\/\/haskurt.com\/40\/wp-content\/uploads\/2024\/07\/Bayrak03.gif\" width=\"68\" height=\"50\"><\/td>\n\t\t<td>\n\t\t<p align=\"center\">\n\t\t<img loading=\"lazy\" decoding=\"async\" border=\"0\" src=\"https:\/\/haskurt.com\/40\/wp-content\/uploads\/2024\/07\/hurgokbayrak.gif\" width=\"68\" height=\"50\"><\/td>\n\t\t<td>\n\t\t<p align=\"center\">\n\t\t<img loading=\"lazy\" decoding=\"async\" border=\"0\" src=\"https:\/\/haskurt.com\/40\/wp-content\/uploads\/2024\/08\/01AzerbaycanA.gif\" width=\"68\" height=\"50\"><\/td>\n\t\t<td>\n\t\t<p align=\"center\">\n\t\t<img loading=\"lazy\" decoding=\"async\" border=\"0\" src=\"https:\/\/haskurt.com\/40\/wp-content\/uploads\/2024\/07\/HasKurt.gif\" width=\"90\" height=\"86\"><\/td>\n\t<\/tr>\n<\/table>\n<\/html>\n","protected":false},"excerpt":{"rendered":"<p>\u00a0 \u00a0 \u00a0 \ud83d\udc3a Ba\u015fbu\u011fum \ud83d\udc3a \u00a0 \u00ab\u00ab BA\u015eBU\u011eUMUZUN HAYATI \u00bb\u00bb\u00dcLK\u00dcC\u00dcLER VAR OLDUK\u00c7A G\u00d6KTE YILDIZ YERDET\u00dcRK PARLAYACAK&nbsp; Alparslan T\u00fcrke\u015f; aslen Kayserilidir. B\u00fcy\u00fck dedesi Arif A\u011fa Kayseri\u2019nin P\u0131narba\u015f\u0131 il\u00e7esinin Yukar\u0131 K\u00f6\u015fkerli K\u00f6y\u00fcnden K\u0131br\u0131s\u2019a g\u00f6\u00e7 etmi\u015f ve buraya yerle\u015fmi\u015ftir. Alparslan T\u00fcrke\u015f 25 &hellip;<\/p>\n<p><a href=\"https:\/\/haskurt.com\/40\/basbugum\/\">Continue Reading<span class=\"meta-nav\">&rarr;<\/span><\/a><\/p>\n","protected":false},"author":1,"featured_media":0,"parent":0,"menu_order":0,"comment_status":"closed","ping_status":"closed","template":"page-templates\/haskurt_page.php","meta":{"footnotes":""},"class_list":["post-39","page","type-page","status-publish","hentry"],"_links":{"self":[{"href":"https:\/\/haskurt.com\/40\/wp-json\/wp\/v2\/pages\/39","targetHints":{"allow":["GET"]}}],"collection":[{"href":"https:\/\/haskurt.com\/40\/wp-json\/wp\/v2\/pages"}],"about":[{"href":"https:\/\/haskurt.com\/40\/wp-json\/wp\/v2\/types\/page"}],"author":[{"embeddable":true,"href":"https:\/\/haskurt.com\/40\/wp-json\/wp\/v2\/users\/1"}],"replies":[{"embeddable":true,"href":"https:\/\/haskurt.com\/40\/wp-json\/wp\/v2\/comments?post=39"}],"version-history":[{"count":6,"href":"https:\/\/haskurt.com\/40\/wp-json\/wp\/v2\/pages\/39\/revisions"}],"predecessor-version":[{"id":1843,"href":"https:\/\/haskurt.com\/40\/wp-json\/wp\/v2\/pages\/39\/revisions\/1843"}],"wp:attachment":[{"href":"https:\/\/haskurt.com\/40\/wp-json\/wp\/v2\/media?parent=39"}],"curies":[{"name":"wp","href":"https:\/\/api.w.org\/{rel}","templated":true}]}}