{"id":252,"date":"2024-07-14T20:33:51","date_gmt":"2024-07-14T20:33:51","guid":{"rendered":"https:\/\/haskurt.com\/40\/?page_id=252"},"modified":"2026-01-31T17:29:19","modified_gmt":"2026-01-31T17:29:19","slug":"babur","status":"publish","type":"page","link":"https:\/\/haskurt.com\/40\/babur\/","title":{"rendered":"Bab\u00fcr"},"content":{"rendered":"<h1 class=\"wp-block-heading has-text-align-center has-white-color has-text-color has-background\" style=\"background-color: #34495e; font-size: 0px; font-style: normal; font-weight: bold; text-align: center;\" align=\"center\"><strong><img decoding=\"async\" class=\"alignnone\" src=\"https:\/\/haskurt.com\/40\/wp-content\/uploads\/2024\/07\/Bayrak03.gif\" alt=\"This image has an empty alt attribute; its file name is Bayrak03.gif\" \/>\u00a0 \u00a0 <code><span style=\"color: #ffffff; font-family: Arial Black; font-size: x-large;\">\u00a0 \u00a0Bab\u00fcr Devleti\u00a0 <\/span><\/code><code><\/code><code><img decoding=\"async\" src=\"https:\/\/haskurt.com\/40\/wp-content\/uploads\/2024\/07\/hurgokbayrak.gif\" alt=\"This image has an empty alt attribute; its file name is kirsehir03.gif\" \/><\/code><\/strong><code><\/code><\/h1>\n\n\n<figure class=\"wp-block-image size-full is-resized\"><img loading=\"lazy\" decoding=\"async\" width=\"600\" height=\"450\" src=\"https:\/\/haskurt.com\/40\/wp-content\/uploads\/2024\/07\/Babur-Haritasi.jpg\" alt=\"\" class=\"wp-image-254\" style=\"width:1121px;height:auto\" srcset=\"https:\/\/haskurt.com\/40\/wp-content\/uploads\/2024\/07\/Babur-Haritasi.jpg 600w, https:\/\/haskurt.com\/40\/wp-content\/uploads\/2024\/07\/Babur-Haritasi-300x225.jpg 300w\" sizes=\"auto, (max-width: 600px) 100vw, 600px\" \/><\/figure>\n\n\n<h1 class=\"wp-block-heading has-text-align-center has-white-color has-text-color has-background\" style=\"background-color: #34495e; font-size: 0px; font-style: normal; font-weight: bold; text-align: center;\" align=\"center\"><strong><img decoding=\"async\" class=\"alignnone\" src=\"https:\/\/haskurt.com\/40\/wp-content\/uploads\/2024\/07\/Bayrak03.gif\" alt=\"This image has an empty alt attribute; its file name is Bayrak03.gif\" \/>\u00a0 \u00a0 <code><span style=\"color: #ffffff; font-family: Arial Black; font-size: x-large;\">\u00a0 \u00a0Bab\u00fcr Devletinin Kurulu\u015fu \u00a0<\/span><\/code><code><\/code><code><img decoding=\"async\" src=\"https:\/\/haskurt.com\/40\/wp-content\/uploads\/2024\/07\/hurgokbayrak.gif\" alt=\"This image has an empty alt attribute; its file name is kirsehir03.gif\" \/><\/code><\/strong><code><\/code><\/h1>\n\n\n<p>Gazneliler, Timur Devleti gibi T\u00fcrk devletleri \u0130\u00e7 Asya\u2019da giderek artan bir T\u00fcrk n\u00fcfusu olu\u015fturmu\u015ftu. Bu devletlerin y\u0131k\u0131lmas\u0131 ile bu b\u00f6lgede k\u00fc\u00e7\u00fck beylikler ve devlet olamam\u0131\u015f h\u00fck\u00fcmdarl\u0131klar ortaya \u00e7\u0131kar. Timur\u2019un torunlar\u0131ndan olan Fergana H\u00fck\u00fcmdarl\u0131\u011f\u0131 da Fergana b\u00f6lgesinde idi. 1504 y\u0131l\u0131nda Timur\u2019un torunu \u015eeyh \u00d6mer Mirza vefat eder. Yerine Zahireddin Muhammed Bab\u00fcr ge\u00e7er. 21 ya\u015f\u0131nda amcas\u0131 ile saltanat m\u00fccadelesine girer ve Kabil\u2019e ka\u00e7ar. Burada g\u00fc\u00e7lenen Bab\u00fcr \u015eah, yerel h\u00fck\u00fcmdarlarla m\u00fccadele eder ve 1524 y\u0131l\u0131nda Delhi\u2019yi al\u0131r. Bu galibiyet ile muazzam bir g\u00fcce kavu\u015fur. \u0130ki y\u0131l i\u00e7erisinde devlet te\u015fkilatlanmas\u0131n\u0131 ve ordusunu tamamlar.<\/p>\n\n\n\n<p class=\"has-text-color has-link-color has-large-font-size wp-elements-496e1f6f746dad797feb6560c2fc4dde\" style=\"color:#ff0000\"><strong>&nbsp;Bab\u00fcr Devletinin Kurucusu<\/strong><\/p>\n\n\n\n<figure class=\"wp-block-image size-full is-resized\"><img loading=\"lazy\" decoding=\"async\" width=\"600\" height=\"450\" src=\"https:\/\/haskurt.com\/40\/wp-content\/uploads\/2024\/07\/Babur-Bayragi.jpg\" alt=\"\" class=\"wp-image-255\" style=\"width:1121px;height:auto\" srcset=\"https:\/\/haskurt.com\/40\/wp-content\/uploads\/2024\/07\/Babur-Bayragi.jpg 600w, https:\/\/haskurt.com\/40\/wp-content\/uploads\/2024\/07\/Babur-Bayragi-300x225.jpg 300w\" sizes=\"auto, (max-width: 600px) 100vw, 600px\" \/><\/figure>\n\n\n\n<p>&nbsp;Zahireddin Muhammed Bab\u00fcr taraf\u0131ndan Delhi\u2019de 1526 y\u0131l\u0131ndan kurulan Bab\u00fcr \u0130mparatorlu\u011fu varl\u0131\u011f\u0131n\u0131 1858 y\u0131l\u0131na kadar devam ettirmi\u015ftir. Bab\u00fcr \u015eah, bu topraklardaki ikinci T\u00fcrk Devleti oluyordu. \u0130lk d\u00fc\u015fmanlar\u0131 Hint Krallar\u0131 olur. Ancak Bab\u00fcr \u015eah onlar\u0131 ma\u011flup eder. \u00d6nce Agra sonra Luknov ve Bengal \u015fehirlerini alarak hakimiyet alan\u0131n\u0131 geni\u015fletti. Zahireddin Muhammed Han ayn\u0131 zamanda \u015fair ve edebiyat\u00e7\u0131 idi. Edebiyatta ve devletin resmi yaz\u0131\u015fmalar\u0131nda \u00c7a\u011fatay T\u00fcrk\u00e7esi ve Arap alfabesini kullanm\u0131\u015ft\u0131. Eserleri t\u00fcm zamanlar\u0131n en iyi T\u00fcrk\u00e7e eserleri olarak kabul edilir.<\/p>\n\n\n\n<p class=\"has-text-color has-link-color has-large-font-size wp-elements-93c83ee64652c92cf74e969143f64adc\" style=\"color:#ff0000\"><strong>Bab\u00fcr Devletinin S\u0131n\u0131rlar\u0131<\/strong><\/p>\n\n\n\n<p>&nbsp;Bab\u00fcr \u0130mparatorlu\u011funun en geni\u015f s\u0131n\u0131rlar\u0131 Hindistan, Banglade\u015f, Afganistan\u2019\u0131 kapsam\u0131\u015ft\u0131. Devletin en parlak d\u00f6nemi Ekber \u015eah d\u00f6nemidir. Bu d\u00f6nemde Hindistan ekonomik ve k\u00fclt\u00fcrel ilerlemelerin yan\u0131nda farkl\u0131 dinlerden olanlar\u0131 uyum i\u00e7inde ya\u015fad\u0131\u011f\u0131 bir d\u00f6nem olmu\u015ftur.<\/p>\n\n\n\n<p>&nbsp;Bab\u00fcr Devleti Y\u0131k\u0131l\u0131\u015f\u0131<\/p>\n\n\n\n<p>&nbsp;Cihangir \u015eah\u2019\u0131n saltanat\u0131 birka\u00e7 ay s\u00fcrer. \u0130syanlar\u0131 bast\u0131ramamas\u0131ndan dolay\u0131 tahttan indirilir. Ferruh Han 6 y\u0131l h\u00fck\u00fcm s\u00fcrm\u00fc\u015f ancak bast\u0131r\u0131lamayan isyanlar sonunu getirmi\u015ftir. Afganlar\u0131n ya\u011fmalar\u0131 ve taarruzlar\u0131n Ferruh Han\u2019\u0131n taht\u0131ndan eder. Sonras\u0131nda s\u0131ras\u0131 ile \u015eah Cihan\u0131 Sani, Muhammed \u015eah taht kavgalar\u0131na tutu\u015fur. Bitmeyen saltanat kavgalar\u0131 \u00fclkeyi iki b\u00f6ler. Bu da mevcut g\u00fcc\u00fcn par\u00e7alanmas\u0131 anlam\u0131na gelir. Hatta Safeviler bu d\u00f6nemde Delhi\u2019yi ya\u011fmalar ve \u00e7ok b\u00fcy\u00fck ganimetler toplar. Ahmet Bahad\u0131r \u015eah ise babas\u0131ndan devrald\u0131\u011f\u0131 y\u00f6netimde sorunlar\u0131 \u00e7\u00f6zemez.<\/p>\n\n\n\n<p>&nbsp;Afganlar bu d\u00f6nemde ba\u011f\u0131ms\u0131zl\u0131\u011f\u0131n\u0131 ilan eder. Devlet giderek k\u00fc\u00e7\u00fcl\u00fcr. Hollandal\u0131 ve \u0130ngiliz s\u00f6m\u00fcrgeciler otorite bo\u015flu\u011fundan faydalan\u0131r. Halk \u00fczerinde zul\u00fcm ve bask\u0131 k\u0131rarak devlet ekonomisini ele ge\u00e7irir. \u00d6zellikle \u0130ngilizce devletinin s\u00f6m\u00fcrgecilik faaliyetleri alt\u0131nda can \u00e7eki\u015fen Bab\u00fcrl\u00fcler, 1858 y\u0131l\u0131nda \u0130ngiliz memur son h\u00fck\u00fcmdar \u015eah Bahad\u0131r&#8217;\u0131 tahttan indirerek Bab\u00fcr topraklar\u0131n\u0131n \u0130ngiliz topra\u011f\u0131 olarak ilan eder. Ve vali atar. Hindistan&#8217;\u0131n yeniden ba\u011f\u0131ms\u0131zl\u0131\u011f\u0131n\u0131 kazanmas\u0131 1948 y\u0131l\u0131nda Mahatma Gandi ile ba\u015flayan ba\u011f\u0131ms\u0131zl\u0131k hareketi ile olur. Bab\u00fcr \u0130mparatorlu\u011funun k\u00fclt\u00fcrel miras\u0131, siyasi kimli\u011fi ve tarihi ser\u00fcveni g\u00fcn\u00fcm\u00fczdeki Pakistan ve Hindistan devletlerine temel olu\u015fturmu\u015ftur.<\/p>\n\n\n<h1 class=\"wp-block-heading has-text-align-center has-white-color has-text-color has-background\" style=\"background-color: #34495e; font-size: 0px; font-style: normal; font-weight: bold; text-align: center;\" align=\"center\"><strong><img decoding=\"async\" class=\"alignnone\" src=\"https:\/\/haskurt.com\/40\/wp-content\/uploads\/2024\/07\/Bayrak03.gif\" alt=\"This image has an empty alt attribute; its file name is Bayrak03.gif\" \/>\u00a0 \u00a0 <code><span style=\"color: #ffffff; font-family: Arial Black; font-size: x-large;\">\u00a0 \ud83d\udc3a HasKurt \ud83d\udc3a  \u00a0<\/span><\/code><code><\/code><code><img decoding=\"async\" src=\"https:\/\/haskurt.com\/40\/wp-content\/uploads\/2024\/07\/Bayrak03.gif\" alt=\"This image has an empty alt attribute; its file name is kirsehir03.gif\" \/><\/code><\/strong><code><\/code><\/h1>\n\n\n<head>\n<meta http-equiv=\"Content-Type\" content=\"text\/html; charset=windows-1254\">\n<meta http-equiv=\"Content-Language\" content=\"tr\">\n<\/head>\n\n<table border=\"0\" width=\"100%\" cellspacing=\"0\" cellpadding=\"0\">\n\t<tr>\n\t\t<td>\n\t\t<p align=\"center\">\n\t\t<img loading=\"lazy\" decoding=\"async\" border=\"0\" src=\"https:\/\/haskurt.com\/40\/wp-content\/uploads\/2024\/07\/HasKurt2005A.gif\" width=\"200\" height=\"120\"><\/td>\n\t\t<td>\n\t\t<p align=\"center\">\n\t\t<img loading=\"lazy\" decoding=\"async\" border=\"0\" src=\"https:\/\/haskurt.com\/40\/wp-content\/uploads\/2024\/07\/OsmanliImparatorlugu_1882\u20131922.svg_.png\" width=\"120\" height=\"120\"><\/td>\n\t\t<td>\n\t\t<p align=\"center\">\n\t\t<img loading=\"lazy\" decoding=\"async\" border=\"0\" src=\"https:\/\/haskurt.com\/40\/wp-content\/uploads\/2024\/07\/Bayrak03.gif\" width=\"163\" height=\"120\"><\/td>\n\t\t<td>\n\t\t<p align=\"center\">\n\t\t<img loading=\"lazy\" decoding=\"async\" border=\"0\" src=\"https:\/\/haskurt.com\/40\/wp-content\/uploads\/2024\/07\/HasKurt2014A.gif\" width=\"200\" height=\"120\"><\/td>\n\t<\/tr>\n<\/table>\n<table border=\"0\" width=\"100%\" cellspacing=\"0\" cellpadding=\"0\">\n\t<tr>\n\t\t<td>\n\t\t<p align=\"center\">\n\t\t<img decoding=\"async\" border=\"0\" src=\"https:\/\/haskurt.com\/40\/wp-content\/uploads\/2024\/07\/100YilTurkiye.png\" width=\"100%\" height=\"60\"><\/td>\n\t<\/tr>\n\t<tr>\n\t\t<td>\n\t\t<p align=\"center\">\n\t\t&nbsp;<\/td>\n\t<\/tr>\n<\/table>\n<table border=\"0\" width=\"100%\" cellspacing=\"0\" cellpadding=\"0\">\n\t<tr>\n\t\t<td>\n\t\t<p align=\"center\">\n\t\t<img loading=\"lazy\" decoding=\"async\" border=\"0\" src=\"https:\/\/haskurt.com\/40\/wp-content\/uploads\/2024\/07\/Bayrak03.gif\" width=\"68\" height=\"50\"><\/td>\n\t\t<td>\n\t\t<p align=\"center\">\n\t\t<img loading=\"lazy\" decoding=\"async\" border=\"0\" src=\"https:\/\/haskurt.com\/40\/wp-content\/uploads\/2024\/07\/hurgokbayrak.gif\" width=\"68\" height=\"50\"><\/td>\n\t\t<td>\n\t\t<p align=\"center\">\n\t\t<img loading=\"lazy\" decoding=\"async\" border=\"0\" src=\"https:\/\/haskurt.com\/40\/wp-content\/uploads\/2024\/08\/01AzerbaycanA.gif\" width=\"68\" height=\"50\"><\/td>\n\t\t<td>\n\t\t<p align=\"center\">\n\t\t<img loading=\"lazy\" decoding=\"async\" border=\"0\" src=\"https:\/\/haskurt.com\/40\/wp-content\/uploads\/2024\/07\/HasKurt.gif\" width=\"90\" height=\"86\"><\/td>\n\t\t<td>\n\t\t<p align=\"center\">\n\t\t<font face=\"Arial Black\" size=\"2\" style=\"box-sizing: border-box; color: rgb(32, 32, 32); font-size: 21.98px; font-style: normal; font-variant-ligatures: normal; font-variant-caps: normal; font-weight: 400; letter-spacing: normal; orphans: 2; text-align: left; text-indent: 0px; text-transform: none; widows: 2; word-spacing: 0px; -webkit-text-stroke-width: 0px; white-space: normal; text-decoration-thickness: initial; text-decoration-style: initial; text-decoration-color: initial; margin: 0px; padding: 0px\">\n\t\te \u2013 Posta<span lang=\"nl\" style=\"box-sizing: border-box; margin: 0px; padding: 0px;\">:<\/span><\/font><font color=\"#0000FF\" face=\"Arial Black\" style=\"box-sizing: border-box; margin: 0px; padding: 0px; font-size: 21.98px; font-style: normal; font-variant-ligatures: normal; font-variant-caps: normal; font-weight: 400; letter-spacing: normal; orphans: 2; text-align: left; text-indent: 0px; text-transform: none; widows: 2; word-spacing: 0px; -webkit-text-stroke-width: 0px; white-space: normal; text-decoration-thickness: initial; text-decoration-style: initial; text-decoration-color: initial;\"><span lang=\"nl\" style=\"box-sizing: border-box; margin: 0px; padding: 0px;\"><font face=\"Arial Black\" size=\"2\" style=\"box-sizing: border-box; margin: 0px; padding: 0px;\">&nbsp;&nbsp; <\/font><\/span><i style=\"box-sizing: border-box; margin: 0px; padding: 0px;\"><font face=\"Times New Roman\" style=\"box-sizing: border-box; margin: 0px; padding: 0px;\"><u style=\"box-sizing: border-box; margin: 0px; padding: 0px;\"><a style=\"box-sizing: border-box; text-decoration: none; font-size: 22px; font-family: Arial Black; font-weight: 700; font-style: normal; text-shadow: none; text-align: left; margin: 0px; padding: 0px; background-color: transparent\" href=\"mailto:haskurt@hotmail.com\">HasKurt \n\t\t\u00d6zKurt<\/a><\/u><\/font><\/i><\/font><p align=\"center\">\n\t\t<font face=\"Arial Black\" style=\"box-sizing: border-box; margin: 0px; padding: 0px; color: rgb(0, 0, 255); font-family: &quot;Arial Black&quot;; font-size: 21.98px; font-style: normal; font-variant-ligatures: normal; font-variant-caps: normal; font-weight: 400; letter-spacing: normal; orphans: 2; text-align: left; text-indent: 0px; text-transform: none; widows: 2; word-spacing: 0px; -webkit-text-stroke-width: 0px; white-space: normal; text-decoration-thickness: initial; text-decoration-style: initial; text-decoration-color: initial;\">\n\t\t<font size=\"2\" face=\"Arial Black\" style=\"box-sizing: border-box; margin: 0px; padding: 0px;\">\n\t\tBu site<span lang=\"nl\"> <\/span><\/font>&nbsp;<font color=\"#0000FF\" face=\"Arial Black\" style=\"box-sizing: border-box; margin: 0px; padding: 0px;\"><u style=\"box-sizing: border-box; margin: 0px; padding: 0px;\"><i style=\"box-sizing: border-box; margin: 0px; padding: 0px;\"><a style=\"box-sizing: border-box; margin: 0px; padding: 0px; color: rgb(51, 103, 153); text-decoration: none; background-color: transparent; font-size: 22px; font-family: Arial; font-weight: 400; font-style: normal; text-shadow: none; text-align: left;\" href=\"mailto:haskurt@hotmail.com\">HasKurt\n\t\t<span lang=\"nl\">&nbsp;<\/span>\u00d6zKurt<\/a><\/i><\/u><\/font><\/font><u style=\"box-sizing: border-box; margin: 0px; padding: 0px; color: rgb(0, 0, 255); font-family: &quot;Arial Black&quot;; font-size: 21.98px; font-style: normal; font-variant-ligatures: normal; font-variant-caps: normal; font-weight: 400; letter-spacing: normal; orphans: 2; text-align: left; text-indent: 0px; text-transform: none; widows: 2; word-spacing: 0px; -webkit-text-stroke-width: 0px; white-space: normal;\"><font face=\"Arial Black\" size=\"2\" style=\"box-sizing: border-box; margin: 0px; padding: 0px;\"><span lang=\"nl\">&nbsp;\n\t\t<\/span>Taraf<span lang=\"ES-TRAD\" style=\"box-sizing: border-box; margin: 0px; padding: 0px;\">&#305;<\/span>ndan\n\t\t<span lang=\"nl\">&nbsp;<\/span>haz<\/font><font size=\"3\" face=\"Arial Black\" style=\"box-sizing: border-box; margin: 0px; padding: 0px;\"><span lang=\"ES-TRAD\" style=\"box-sizing: border-box; margin: 0px; padding: 0px; font-size: 10pt; font-family: &quot;Arial Black&quot;;\">&#305;<\/span><\/font><font face=\"Arial Black\" size=\"2\" style=\"box-sizing: border-box; margin: 0px; padding: 0px;\">rlanmaktad<\/font><font size=\"3\" face=\"Arial Black\" style=\"box-sizing: border-box; margin: 0px; padding: 0px;\"><span lang=\"ES-TRAD\" style=\"box-sizing: border-box; margin: 0px; padding: 0px; font-size: 10pt; font-family: &quot;Arial Black&quot;;\">&#305;<\/span><\/font><font face=\"Arial Black\" size=\"2\" style=\"box-sizing: border-box; margin: 0px; padding: 0px;\">r<\/font><\/u><\/td>\n\t\t<td>\n\t\t<p align=\"center\">\n\t\t<img loading=\"lazy\" decoding=\"async\" border=\"0\" src=\"https:\/\/haskurt.com\/40\/wp-content\/uploads\/2024\/07\/Bayrak03.gif\" width=\"68\" height=\"50\"><\/td>\n\t\t<td>\n\t\t<p align=\"center\">\n\t\t<img loading=\"lazy\" decoding=\"async\" border=\"0\" src=\"https:\/\/haskurt.com\/40\/wp-content\/uploads\/2024\/07\/hurgokbayrak.gif\" width=\"68\" height=\"50\"><\/td>\n\t\t<td>\n\t\t<p align=\"center\">\n\t\t<img loading=\"lazy\" decoding=\"async\" border=\"0\" src=\"https:\/\/haskurt.com\/40\/wp-content\/uploads\/2024\/08\/01AzerbaycanA.gif\" width=\"68\" height=\"50\"><\/td>\n\t\t<td>\n\t\t<p align=\"center\">\n\t\t<img loading=\"lazy\" decoding=\"async\" border=\"0\" src=\"https:\/\/haskurt.com\/40\/wp-content\/uploads\/2024\/07\/HasKurt.gif\" width=\"90\" height=\"86\"><\/td>\n\t<\/tr>\n<\/table>\n<\/html>\n","protected":false},"excerpt":{"rendered":"<p>\u00a0 \u00a0 \u00a0 \u00a0Bab\u00fcr Devleti\u00a0 \u00a0 \u00a0 \u00a0 \u00a0Bab\u00fcr Devletinin Kurulu\u015fu \u00a0 Gazneliler, Timur Devleti gibi T\u00fcrk devletleri \u0130\u00e7 Asya\u2019da giderek artan bir T\u00fcrk n\u00fcfusu olu\u015fturmu\u015ftu. Bu devletlerin y\u0131k\u0131lmas\u0131 ile bu b\u00f6lgede k\u00fc\u00e7\u00fck beylikler ve devlet olamam\u0131\u015f h\u00fck\u00fcmdarl\u0131klar ortaya \u00e7\u0131kar. &hellip;<\/p>\n<p><a href=\"https:\/\/haskurt.com\/40\/babur\/\">Continue Reading<span class=\"meta-nav\">&rarr;<\/span><\/a><\/p>\n","protected":false},"author":1,"featured_media":0,"parent":0,"menu_order":0,"comment_status":"closed","ping_status":"closed","template":"page-templates\/haskurt_page.php","meta":{"footnotes":""},"class_list":["post-252","page","type-page","status-publish","hentry"],"_links":{"self":[{"href":"https:\/\/haskurt.com\/40\/wp-json\/wp\/v2\/pages\/252","targetHints":{"allow":["GET"]}}],"collection":[{"href":"https:\/\/haskurt.com\/40\/wp-json\/wp\/v2\/pages"}],"about":[{"href":"https:\/\/haskurt.com\/40\/wp-json\/wp\/v2\/types\/page"}],"author":[{"embeddable":true,"href":"https:\/\/haskurt.com\/40\/wp-json\/wp\/v2\/users\/1"}],"replies":[{"embeddable":true,"href":"https:\/\/haskurt.com\/40\/wp-json\/wp\/v2\/comments?post=252"}],"version-history":[{"count":9,"href":"https:\/\/haskurt.com\/40\/wp-json\/wp\/v2\/pages\/252\/revisions"}],"predecessor-version":[{"id":1915,"href":"https:\/\/haskurt.com\/40\/wp-json\/wp\/v2\/pages\/252\/revisions\/1915"}],"wp:attachment":[{"href":"https:\/\/haskurt.com\/40\/wp-json\/wp\/v2\/media?parent=252"}],"curies":[{"name":"wp","href":"https:\/\/api.w.org\/{rel}","templated":true}]}}