{"id":240,"date":"2024-07-14T20:16:09","date_gmt":"2024-07-14T20:16:09","guid":{"rendered":"https:\/\/haskurt.com\/40\/?page_id=240"},"modified":"2026-01-29T16:00:22","modified_gmt":"2026-01-29T16:00:22","slug":"harzemsahlar","status":"publish","type":"page","link":"https:\/\/haskurt.com\/40\/harzemsahlar\/","title":{"rendered":"Harzem\u015fahlar"},"content":{"rendered":"<h1 class=\"wp-block-heading has-text-align-center has-white-color has-text-color has-background\" style=\"background-color: #34495e; font-size: 0px; font-style: normal; font-weight: bold; text-align: center;\" align=\"center\"><strong><img decoding=\"async\" class=\"alignnone\" src=\"https:\/\/haskurt.com\/40\/wp-content\/uploads\/2024\/07\/Bayrak03.gif\" alt=\"This image has an empty alt attribute; its file name is Bayrak03.gif\" \/>\u00a0 \u00a0 <code><span style=\"color: #ffffff; font-family: Arial Black; font-size: x-large;\">\u00a0 \u00a0Harzem\u015fahlar \u00a0<\/span><\/code><code><\/code><code><img decoding=\"async\" src=\"https:\/\/haskurt.com\/40\/wp-content\/uploads\/2024\/07\/hurgokbayrak.gif\" alt=\"This image has an empty alt attribute; its file name is kirsehir03.gif\" \/><\/code><\/strong><code><\/code><\/h1>\n\n\n<figure class=\"wp-block-image size-full is-resized\"><img loading=\"lazy\" decoding=\"async\" width=\"600\" height=\"450\" src=\"https:\/\/haskurt.com\/40\/wp-content\/uploads\/2024\/07\/Harzemsahlar-Haritasi.jpg\" alt=\"\" class=\"wp-image-241\" style=\"width:1121px;height:auto\" srcset=\"https:\/\/haskurt.com\/40\/wp-content\/uploads\/2024\/07\/Harzemsahlar-Haritasi.jpg 600w, https:\/\/haskurt.com\/40\/wp-content\/uploads\/2024\/07\/Harzemsahlar-Haritasi-300x225.jpg 300w\" sizes=\"auto, (max-width: 600px) 100vw, 600px\" \/><\/figure>\n\n\n\n<p>Harzem\u015fahlar Devleti nerede kuruldu? Harzem\u015fahlar Devleti kurucusu kimdir? Sorusu merak konusu oldu. H\u00e2rizm ve \u0130ran&#8217;da 1097-1231 y\u0131llar\u0131 aras\u0131nda h\u00fck\u00fcm s\u00fcren T\u00fcrk-\u0130sl\u00e2m h\u00e2nedan\u0131 olan Harzem\u015fah Devleti ile ilgili t\u00fcm merak edilenler haberimizde&#8230;<\/p>\n\n\n\n<p class=\"has-text-color has-link-color has-large-font-size wp-elements-da8c88c934f3452394ade0fbbe7e7a82\" style=\"color:#ff0000\"><strong>HARZEM\u015eAHLAR DEVLET\u0130 TAR\u0130H\u0130 (1097-1231)<\/strong><\/p>\n\n\n\n<figure class=\"wp-block-image size-full is-resized\"><img loading=\"lazy\" decoding=\"async\" width=\"600\" height=\"450\" src=\"https:\/\/haskurt.com\/40\/wp-content\/uploads\/2024\/07\/Harzemsahlar-Bayragi.jpg\" alt=\"\" class=\"wp-image-242\" style=\"width:1121px;height:auto\" srcset=\"https:\/\/haskurt.com\/40\/wp-content\/uploads\/2024\/07\/Harzemsahlar-Bayragi.jpg 600w, https:\/\/haskurt.com\/40\/wp-content\/uploads\/2024\/07\/Harzemsahlar-Bayragi-300x225.jpg 300w\" sizes=\"auto, (max-width: 600px) 100vw, 600px\" \/><\/figure>\n\n\n\n<p>B\u00fcy\u00fck Sel\u00e7uklu Sultan\u0131 Melik\u015fah\u2019\u0131n saray hizmetinde bulunan Anu\u015f-tegin\u2019in o\u011flu Kudbeddin Muhammed, Sel\u00e7uklu San\u00e7ar\u2019a ba\u011fl\u0131 olarak, Harezm\u015fah unvan\u0131 ile, Harezm\u2019i idare etmi\u015f (1097-1128), o\u011flu Ats\u0131z (1128-1156) gayretli ve m\u00fccadeleci bir Harezm\u015fah olmu\u015ftu. O\u011flu \u0130l-Arslan (1156-1172) realist bir siyas\u00ee davran\u0131\u015fla, bat\u0131da Irak Sel\u00e7uklu sultanlar\u0131 ile iyi m\u00fcnasebetleri devam ettirirken, do\u011fuda, y\u0131ll\u0131k vergi ile ba\u011fl\u0131 oldu\u011fu Mo\u011fol Kara-Hitay boyunduru\u011funu k\u0131rma\u011fa \u00e7al\u0131\u015f\u0131yordu. M\u00e2vera\u00fcnnehir\u2019de Karluklar\u2019\u0131n isyan\u0131n\u0131 bu bak\u0131mdan isabetle de\u011ferlendirerek Semerkand\u2019a bask\u0131s\u0131n\u0131 art\u0131rd\u0131. Fakat Kara Hitaylar\u2019\u0131n Harezm\u2019e taarruzlar\u0131 s\u0131ras\u0131nda \u00f6ld\u00fc. Gayesini o\u011flu ve Harezm\u015fahlar devletinin en b\u00fcy\u00fck h\u00fck\u00fcmdar\u0131 Al\u00e2addin Teki\u015f (1172-1200) ger\u00e7ekle\u015ftirdi: Kara-Hitaylar\u2019\u0131 ma\u011fl\u00fbp etti (1175). Seyhun \u00f6tesi ile m\u00fcnasebet kurarak Kangl\u0131 ve K\u0131p\u00e7ak T\u00fcrkleri\u2019ni t\u00e2biiyetine ald\u0131. 1182\u2019de M\u00e2vera\u00fcnnehir\u2019e girdi ve Buh\u00e2ra\u2019y\u0131 zapt etti. 1187\u2019de Horasan\u2019\u0131n b\u00fcy\u00fck k\u0131sm\u0131n\u0131 i\u015fg\u00e2l etti, M\u00e2zender\u00e2n\u2019\u0131 kendine ba\u011flad\u0131 ve nihayet Sel\u00e7uklu Sultan\u0131 III. Tu\u011frul\u2019u ma\u011fl\u00fbp ederek b\u00fct\u00fcn Irak\u2019\u0131 imparatorlu\u011funa ilhak etti (1194). Rey, Hemedan gibi merkezlere kendi valilerini yerle\u015ftirdi. Kangal\u0131-K\u0131p\u00e7ak T\u00fcrklerinden kurulu kuvvetli bir orduya sahipti ve imparatorlu\u011fu Aral kuzeyi d\u00fczl\u00fcklerinden Ba\u011fdat yak\u0131nlar\u0131na kadar uzan\u0131yordu.<\/p>\n\n\n\n<p>O\u011flu Alaaddin Muhammed (1200-1220) f\u00fct\u00fbhat\u0131 daha da geli\u015ftirdi: 1201\u2019de Gurl\u0131lar\u2019\u0131 hezimete u\u011fratt\u0131, Gur \u00fclkesini t\u00e2biiyete ald\u0131 (1207), Il\u00e2m\u0131\u015f zaferi ile (1210) ile peri\u015fan etti\u011fi Kara-Hitaylar\u2019\u0131 nihayet ortadan kald\u0131rd\u0131 (1212). Karahanl\u0131lara son verdi ve M\u00e2vera\u00fcnnehir\u2019i ilhak etti. Sonra Gurlu devletini nihayete erdirdi. Kirman, Sicist\u00e2n (S\u00eestan) ve Umm\u00e2n denizine kadar olan b\u00f6lgeleri imparatorlu\u011funa ba\u011flad\u0131 (1212-1215), en b\u00fcy\u00fck \u0130slam-T\u00fcrk devletinin h\u00fck\u00fcmdar\u0131 h\u00e2line geldi. Taberistan, Erran ve Azerbaycan&#8217;\u0131 da n\u00fcfuzu alt\u0131na alan Sultan Muhammed Harezm\u015fah, \u015eam\u2019\u0131, M\u0131s\u0131r&#8217;\u0131 ve Anadolu\u2019yu zapt etmek emelini besliyordu. Fakat Abbas\u00ee Halifesi en-N\u00e2s\u0131r li-dinillah ile aras\u0131 a\u00e7\u0131kt\u0131 ve iktidara kar\u015f\u0131 haris bir kad\u0131n olan annesi Terken H\u00e2tun ile de iyi ge\u00e7inemiyordu. Bu \u015fartlar i\u00e7inde iken Cengiz Han idaresindeki m\u00fcthi\u015f Mo\u011fol istil\u00e2s\u0131 Harezm\u015fahlar \u0130mparatorlu\u011fu\u2019na \u00e7arpt\u0131 (1220 ba\u015flar\u0131). Buh\u00e2ra, Semerkand\u2019dan sonra, imparatorluk ba\u015fkenti G\u00fcrgen\u00e7 Mo\u011follar\u2019\u0131n eline ge\u00e7ti. \u0130stil\u00e2c\u0131larla sava\u015fmaya cesaret edemeyen Sultan Muhammed ka\u00e7t\u0131\u011f\u0131 Hazar denizinin \u0131ss\u0131z bir adas\u0131nda \u00f6ld\u00fc (Aral\u0131k 1220). \u0130mparatorluk Mo\u011fol istil\u00e2 ak\u0131n\u0131 kar\u015f\u0131s\u0131nda \u00e7\u00f6kt\u00fc. Irak\u2019a Kafkaslar\u2019a kadar b\u00fct\u00fcn memleket Mo\u011follar\u2019\u0131n eline ge\u00e7ti. Sultan Muhammed\u2019in o\u011flu Celaleddin, Mo\u011follar \u2019\u0131n \u00f6n\u00fcnden \u00e7ekilerek Hindistan\u2019da, \u0130ran\u2019da ve Do\u011fu Anadolu\u2019da, b\u00fcy\u00fck gayretlerle, devletini ihya etme\u011fi denedi, muvaffak olamad\u0131 ve 1231\u2019de \u00f6ld\u00fc. Harezm\u015fahlar \u0130mparatorlu\u011fu\u2019nun tarihe kar\u0131\u015fmas\u0131 ile b\u00fct\u00fcn Orta Asya, Yak\u0131n-do\u011fu ve Kuzey T\u00fcrk \u00fclkeleri istikl\u00e2llerini kaybederek Mo\u011fol tahakk\u00fcm\u00fc alt\u0131na girdi.<\/p>\n\n\n<h1 class=\"wp-block-heading has-text-align-center has-white-color has-text-color has-background\" style=\"background-color: #34495e; font-size: 0px; font-style: normal; font-weight: bold; text-align: center;\" align=\"center\"><strong><img decoding=\"async\" class=\"alignnone\" src=\"https:\/\/haskurt.com\/40\/wp-content\/uploads\/2024\/07\/Bayrak03.gif\" alt=\"This image has an empty alt attribute; its file name is Bayrak03.gif\" \/>\u00a0 \u00a0 <code><span style=\"color: #ffffff; font-family: Arial Black; font-size: x-large;\">\u00a0 \ud83d\udc3a HasKurt \ud83d\udc3a  \u00a0<\/span><\/code><code><\/code><code><img decoding=\"async\" src=\"https:\/\/haskurt.com\/40\/wp-content\/uploads\/2024\/07\/Bayrak03.gif\" alt=\"This image has an empty alt attribute; its file name is kirsehir03.gif\" \/><\/code><\/strong><code><\/code><\/h1>\n\n\n<head>\n<meta http-equiv=\"Content-Type\" content=\"text\/html; charset=windows-1254\">\n<meta http-equiv=\"Content-Language\" content=\"tr\">\n<\/head>\n\n<table border=\"0\" width=\"100%\" cellspacing=\"0\" cellpadding=\"0\">\n\t<tr>\n\t\t<td>\n\t\t<p align=\"center\">\n\t\t<img loading=\"lazy\" decoding=\"async\" border=\"0\" src=\"https:\/\/haskurt.com\/40\/wp-content\/uploads\/2024\/07\/HasKurt2005A.gif\" width=\"200\" height=\"120\"><\/td>\n\t\t<td>\n\t\t<p align=\"center\">\n\t\t<img loading=\"lazy\" decoding=\"async\" border=\"0\" src=\"https:\/\/haskurt.com\/40\/wp-content\/uploads\/2024\/07\/OsmanliImparatorlugu_1882\u20131922.svg_.png\" width=\"120\" height=\"120\"><\/td>\n\t\t<td>\n\t\t<p align=\"center\">\n\t\t<img loading=\"lazy\" decoding=\"async\" border=\"0\" src=\"https:\/\/haskurt.com\/40\/wp-content\/uploads\/2024\/07\/Bayrak03.gif\" width=\"163\" height=\"120\"><\/td>\n\t\t<td>\n\t\t<p align=\"center\">\n\t\t<img loading=\"lazy\" decoding=\"async\" border=\"0\" src=\"https:\/\/haskurt.com\/40\/wp-content\/uploads\/2024\/07\/HasKurt2014A.gif\" width=\"200\" height=\"120\"><\/td>\n\t<\/tr>\n<\/table>\n<table border=\"0\" width=\"100%\" cellspacing=\"0\" cellpadding=\"0\">\n\t<tr>\n\t\t<td>\n\t\t<p align=\"center\">\n\t\t<img decoding=\"async\" border=\"0\" src=\"https:\/\/haskurt.com\/40\/wp-content\/uploads\/2024\/07\/100YilTurkiye.png\" width=\"100%\" height=\"60\"><\/td>\n\t<\/tr>\n\t<tr>\n\t\t<td>\n\t\t<p align=\"center\">\n\t\t&nbsp;<\/td>\n\t<\/tr>\n<\/table>\n<table border=\"0\" width=\"100%\" cellspacing=\"0\" cellpadding=\"0\">\n\t<tr>\n\t\t<td>\n\t\t<p align=\"center\">\n\t\t<img loading=\"lazy\" decoding=\"async\" border=\"0\" src=\"https:\/\/haskurt.com\/40\/wp-content\/uploads\/2024\/07\/Bayrak03.gif\" width=\"68\" height=\"50\"><\/td>\n\t\t<td>\n\t\t<p align=\"center\">\n\t\t<img loading=\"lazy\" decoding=\"async\" border=\"0\" src=\"https:\/\/haskurt.com\/40\/wp-content\/uploads\/2024\/07\/hurgokbayrak.gif\" width=\"68\" height=\"50\"><\/td>\n\t\t<td>\n\t\t<p align=\"center\">\n\t\t<img loading=\"lazy\" decoding=\"async\" border=\"0\" src=\"https:\/\/haskurt.com\/40\/wp-content\/uploads\/2024\/08\/01AzerbaycanA.gif\" width=\"68\" height=\"50\"><\/td>\n\t\t<td>\n\t\t<p align=\"center\">\n\t\t<img loading=\"lazy\" decoding=\"async\" border=\"0\" src=\"https:\/\/haskurt.com\/40\/wp-content\/uploads\/2024\/07\/HasKurt.gif\" width=\"90\" height=\"86\"><\/td>\n\t\t<td>\n\t\t<p align=\"center\">\n\t\t<font face=\"Arial Black\" size=\"2\" style=\"box-sizing: border-box; color: rgb(32, 32, 32); font-size: 21.98px; font-style: normal; font-variant-ligatures: normal; font-variant-caps: normal; font-weight: 400; letter-spacing: normal; orphans: 2; text-align: left; text-indent: 0px; text-transform: none; widows: 2; word-spacing: 0px; -webkit-text-stroke-width: 0px; white-space: normal; text-decoration-thickness: initial; text-decoration-style: initial; text-decoration-color: initial; margin: 0px; padding: 0px\">\n\t\te \u2013 Posta<span lang=\"nl\" style=\"box-sizing: border-box; margin: 0px; padding: 0px;\">:<\/span><\/font><font color=\"#0000FF\" face=\"Arial Black\" style=\"box-sizing: border-box; margin: 0px; padding: 0px; font-size: 21.98px; font-style: normal; font-variant-ligatures: normal; font-variant-caps: normal; font-weight: 400; letter-spacing: normal; orphans: 2; text-align: left; text-indent: 0px; text-transform: none; widows: 2; word-spacing: 0px; -webkit-text-stroke-width: 0px; white-space: normal; text-decoration-thickness: initial; text-decoration-style: initial; text-decoration-color: initial;\"><span lang=\"nl\" style=\"box-sizing: border-box; margin: 0px; padding: 0px;\"><font face=\"Arial Black\" size=\"2\" style=\"box-sizing: border-box; margin: 0px; padding: 0px;\">&nbsp;&nbsp; <\/font><\/span><i style=\"box-sizing: border-box; margin: 0px; padding: 0px;\"><font face=\"Times New Roman\" style=\"box-sizing: border-box; margin: 0px; padding: 0px;\"><u style=\"box-sizing: border-box; margin: 0px; padding: 0px;\"><a style=\"box-sizing: border-box; text-decoration: none; font-size: 22px; font-family: Arial Black; font-weight: 700; font-style: normal; text-shadow: none; text-align: left; margin: 0px; padding: 0px; background-color: transparent\" href=\"mailto:haskurt@hotmail.com\">HasKurt \n\t\t\u00d6zKurt<\/a><\/u><\/font><\/i><\/font><p align=\"center\">\n\t\t<font face=\"Arial Black\" style=\"box-sizing: border-box; margin: 0px; padding: 0px; color: rgb(0, 0, 255); font-family: &quot;Arial Black&quot;; font-size: 21.98px; font-style: normal; font-variant-ligatures: normal; font-variant-caps: normal; font-weight: 400; letter-spacing: normal; orphans: 2; text-align: left; text-indent: 0px; text-transform: none; widows: 2; word-spacing: 0px; -webkit-text-stroke-width: 0px; white-space: normal; text-decoration-thickness: initial; text-decoration-style: initial; text-decoration-color: initial;\">\n\t\t<font size=\"2\" face=\"Arial Black\" style=\"box-sizing: border-box; margin: 0px; padding: 0px;\">\n\t\tBu site<span lang=\"nl\"> <\/span><\/font>&nbsp;<font color=\"#0000FF\" face=\"Arial Black\" style=\"box-sizing: border-box; margin: 0px; padding: 0px;\"><u style=\"box-sizing: border-box; margin: 0px; padding: 0px;\"><i style=\"box-sizing: border-box; margin: 0px; padding: 0px;\"><a style=\"box-sizing: border-box; margin: 0px; padding: 0px; color: rgb(51, 103, 153); text-decoration: none; background-color: transparent; font-size: 22px; font-family: Arial; font-weight: 400; font-style: normal; text-shadow: none; text-align: left;\" href=\"mailto:haskurt@hotmail.com\">HasKurt\n\t\t<span lang=\"nl\">&nbsp;<\/span>\u00d6zKurt<\/a><\/i><\/u><\/font><\/font><u style=\"box-sizing: border-box; margin: 0px; padding: 0px; color: rgb(0, 0, 255); font-family: &quot;Arial Black&quot;; font-size: 21.98px; font-style: normal; font-variant-ligatures: normal; font-variant-caps: normal; font-weight: 400; letter-spacing: normal; orphans: 2; text-align: left; text-indent: 0px; text-transform: none; widows: 2; word-spacing: 0px; -webkit-text-stroke-width: 0px; white-space: normal;\"><font face=\"Arial Black\" size=\"2\" style=\"box-sizing: border-box; margin: 0px; padding: 0px;\"><span lang=\"nl\">&nbsp;\n\t\t<\/span>Taraf<span lang=\"ES-TRAD\" style=\"box-sizing: border-box; margin: 0px; padding: 0px;\">&#305;<\/span>ndan\n\t\t<span lang=\"nl\">&nbsp;<\/span>haz<\/font><font size=\"3\" face=\"Arial Black\" style=\"box-sizing: border-box; margin: 0px; padding: 0px;\"><span lang=\"ES-TRAD\" style=\"box-sizing: border-box; margin: 0px; padding: 0px; font-size: 10pt; font-family: &quot;Arial Black&quot;;\">&#305;<\/span><\/font><font face=\"Arial Black\" size=\"2\" style=\"box-sizing: border-box; margin: 0px; padding: 0px;\">rlanmaktad<\/font><font size=\"3\" face=\"Arial Black\" style=\"box-sizing: border-box; margin: 0px; padding: 0px;\"><span lang=\"ES-TRAD\" style=\"box-sizing: border-box; margin: 0px; padding: 0px; font-size: 10pt; font-family: &quot;Arial Black&quot;;\">&#305;<\/span><\/font><font face=\"Arial Black\" size=\"2\" style=\"box-sizing: border-box; margin: 0px; padding: 0px;\">r<\/font><\/u><\/td>\n\t\t<td>\n\t\t<p align=\"center\">\n\t\t<img loading=\"lazy\" decoding=\"async\" border=\"0\" src=\"https:\/\/haskurt.com\/40\/wp-content\/uploads\/2024\/07\/Bayrak03.gif\" width=\"68\" height=\"50\"><\/td>\n\t\t<td>\n\t\t<p align=\"center\">\n\t\t<img loading=\"lazy\" decoding=\"async\" border=\"0\" src=\"https:\/\/haskurt.com\/40\/wp-content\/uploads\/2024\/07\/hurgokbayrak.gif\" width=\"68\" height=\"50\"><\/td>\n\t\t<td>\n\t\t<p align=\"center\">\n\t\t<img loading=\"lazy\" decoding=\"async\" border=\"0\" src=\"https:\/\/haskurt.com\/40\/wp-content\/uploads\/2024\/08\/01AzerbaycanA.gif\" width=\"68\" height=\"50\"><\/td>\n\t\t<td>\n\t\t<p align=\"center\">\n\t\t<img loading=\"lazy\" decoding=\"async\" border=\"0\" src=\"https:\/\/haskurt.com\/40\/wp-content\/uploads\/2024\/07\/HasKurt.gif\" width=\"90\" height=\"86\"><\/td>\n\t<\/tr>\n<\/table>\n<\/html>\n","protected":false},"excerpt":{"rendered":"<p>\u00a0 \u00a0 \u00a0 \u00a0Harzem\u015fahlar \u00a0 Harzem\u015fahlar Devleti nerede kuruldu? Harzem\u015fahlar Devleti kurucusu kimdir? Sorusu merak konusu oldu. H\u00e2rizm ve \u0130ran&#8217;da 1097-1231 y\u0131llar\u0131 aras\u0131nda h\u00fck\u00fcm s\u00fcren T\u00fcrk-\u0130sl\u00e2m h\u00e2nedan\u0131 olan Harzem\u015fah Devleti ile ilgili t\u00fcm merak edilenler haberimizde&#8230; HARZEM\u015eAHLAR DEVLET\u0130 TAR\u0130H\u0130 (1097-1231) &hellip;<\/p>\n<p><a href=\"https:\/\/haskurt.com\/40\/harzemsahlar\/\">Continue Reading<span class=\"meta-nav\">&rarr;<\/span><\/a><\/p>\n","protected":false},"author":1,"featured_media":0,"parent":0,"menu_order":0,"comment_status":"closed","ping_status":"closed","template":"page-templates\/haskurt_page.php","meta":{"footnotes":""},"class_list":["post-240","page","type-page","status-publish","hentry"],"_links":{"self":[{"href":"https:\/\/haskurt.com\/40\/wp-json\/wp\/v2\/pages\/240","targetHints":{"allow":["GET"]}}],"collection":[{"href":"https:\/\/haskurt.com\/40\/wp-json\/wp\/v2\/pages"}],"about":[{"href":"https:\/\/haskurt.com\/40\/wp-json\/wp\/v2\/types\/page"}],"author":[{"embeddable":true,"href":"https:\/\/haskurt.com\/40\/wp-json\/wp\/v2\/users\/1"}],"replies":[{"embeddable":true,"href":"https:\/\/haskurt.com\/40\/wp-json\/wp\/v2\/comments?post=240"}],"version-history":[{"count":5,"href":"https:\/\/haskurt.com\/40\/wp-json\/wp\/v2\/pages\/240\/revisions"}],"predecessor-version":[{"id":1859,"href":"https:\/\/haskurt.com\/40\/wp-json\/wp\/v2\/pages\/240\/revisions\/1859"}],"wp:attachment":[{"href":"https:\/\/haskurt.com\/40\/wp-json\/wp\/v2\/media?parent=240"}],"curies":[{"name":"wp","href":"https:\/\/api.w.org\/{rel}","templated":true}]}}