{"id":236,"date":"2024-07-14T20:10:12","date_gmt":"2024-07-14T20:10:12","guid":{"rendered":"https:\/\/haskurt.com\/40\/?page_id=236"},"modified":"2026-01-29T15:51:07","modified_gmt":"2026-01-29T15:51:07","slug":"buyuk-selcuklu-imparatorlugu","status":"publish","type":"page","link":"https:\/\/haskurt.com\/40\/buyuk-selcuklu-imparatorlugu\/","title":{"rendered":"B\u00fcy\u00fck Sel\u00e7uklu \u0130mparatorlu\u011fu"},"content":{"rendered":"<h1 class=\"wp-block-heading has-text-align-center has-white-color has-text-color has-background\" style=\"background-color: #34495e; font-size: 0px; font-style: normal; font-weight: bold; text-align: center;\" align=\"center\"><strong><img decoding=\"async\" class=\"alignnone\" src=\"https:\/\/haskurt.com\/40\/wp-content\/uploads\/2024\/07\/Bayrak03.gif\" alt=\"This image has an empty alt attribute; its file name is Bayrak03.gif\" \/>\u00a0 \u00a0 <code><span style=\"color: #ffffff; font-family: Arial Black; font-size: x-large;\">\u00a0 \u00a0B\u00fcy\u00fck Sel\u00e7uklu \u0130mparatorlu\u011fu \u00a0<\/span><\/code><code><\/code><code><img decoding=\"async\" src=\"https:\/\/haskurt.com\/40\/wp-content\/uploads\/2024\/07\/hurgokbayrak.gif\" alt=\"This image has an empty alt attribute; its file name is kirsehir03.gif\" \/><\/code><\/strong><code><\/code><\/h1>\n\n\n<figure class=\"wp-block-image size-full is-resized\"><img loading=\"lazy\" decoding=\"async\" width=\"600\" height=\"450\" src=\"https:\/\/haskurt.com\/40\/wp-content\/uploads\/2024\/07\/Buyuk-Selcuklu.jpg\" alt=\"\" class=\"wp-image-237\" style=\"width:1121px;height:auto\" srcset=\"https:\/\/haskurt.com\/40\/wp-content\/uploads\/2024\/07\/Buyuk-Selcuklu.jpg 600w, https:\/\/haskurt.com\/40\/wp-content\/uploads\/2024\/07\/Buyuk-Selcuklu-300x225.jpg 300w\" sizes=\"auto, (max-width: 600px) 100vw, 600px\" \/><\/figure>\n\n\n\n<p class=\"has-text-color has-link-color has-large-font-size wp-elements-c500c364f11d132ef03bc88d0d72a3b0\" style=\"color:#ff0000\"><strong><a> <\/a>B\u00fcy\u00fck Sel\u00e7uklu \u0130mparatorlu\u011fu Hakk\u0131nda!<\/strong><\/p>\n\n\n\n<p><strong>B\u00fcy\u00fck Sel\u00e7uklu \u0130mparatorlu\u011fu tarihte kurulmu\u015f en b\u00fcy\u00fck T\u00fcrk devletlerinden birisidir. B\u00fcy\u00fck Sel\u00e7uklu Devleti orta \u00c7a\u011f&#8217;da O\u011fuz T\u00fcrklerinin K\u0131n\u0131k boyu taraf\u0131ndan kurulmu\u015f T\u00fcrk-\u0130ran gelene\u011fine dayal\u0131 bir S\u00fcnni M\u00fcsl\u00fcman imparatorlu\u011fudur ve o d\u00f6nemin en b\u00fcy\u00fck ve en g\u00fc\u00e7l\u00fc ilk T\u00fcrk devletidir. Peki, B\u00fcy\u00fck Sel\u00e7uklu \u0130mparatorlu\u011fu tarihi nedir? B\u00fcy\u00fck Sel\u00e7uklu \u0130mparatorlu\u011funun kurucusu, h\u00fck\u00fcmdarlar\u0131 ve y\u0131k\u0131l\u0131\u015f\u0131 hakk\u0131ndaki bilgiler nelerdir? B\u00fcy\u00fck Sel\u00e7uklu Devleti hakk\u0131nda merak edilen t\u00fcm detaylar\u0131 sizler i\u00e7in derledik.<\/strong><\/p>\n\n\n\n<p class=\"has-text-color has-link-color has-large-font-size wp-elements-b56b728e17c1717ec347930dc8f1dc02\" style=\"color:#ff0000\"><strong>B\u00fcy\u00fck Sel\u00e7uklu Devleti Tarihi<\/strong><\/p>\n\n\n\n<figure class=\"wp-block-image size-full is-resized\"><img loading=\"lazy\" decoding=\"async\" width=\"600\" height=\"450\" src=\"https:\/\/haskurt.com\/40\/wp-content\/uploads\/2024\/07\/Buyuk-Selcuklu-Bayragi.jpg\" alt=\"\" class=\"wp-image-238\" style=\"width:1121px;height:auto\" srcset=\"https:\/\/haskurt.com\/40\/wp-content\/uploads\/2024\/07\/Buyuk-Selcuklu-Bayragi.jpg 600w, https:\/\/haskurt.com\/40\/wp-content\/uploads\/2024\/07\/Buyuk-Selcuklu-Bayragi-300x225.jpg 300w\" sizes=\"auto, (max-width: 600px) 100vw, 600px\" \/><\/figure>\n\n\n\n<p><strong>B\u00fcy\u00fck Sel\u00e7uklu Devleti O\u011fuz T\u00fcrklerinin K\u0131n\u0131k boyu taraf\u0131ndan \u00f6n Asya\u2019da 1037 y\u0131l\u0131nda kurulan ilk ve en b\u00fcy\u00fck T\u00fcrk devletidir. B\u00fcy\u00fck Sel\u00e7uklu Devleti T\u00fcrk-\u0130ran gelene\u011fine dayal\u0131 olan bir devletti ve tarihi kaynaklarda B\u00fcy\u00fck Sel\u00e7uklu imparatorlu\u011fu olarak da adland\u0131r\u0131lmaktayd\u0131. Devlet ilk kuruldu\u011fu zaman ba\u015fkenti Ni\u015fabur \u015fehriydi. B\u00fcy\u00fck Sel\u00e7uklu Devletinde resmi dil Fars\u00e7a iken, ordunun dili ise T\u00fcrk\u00e7e idi ayr\u0131ca devlette konu\u015fulan di\u011fer yayg\u0131n dil de Arap\u00e7a dili idi ve bu dil B\u00fcy\u00fck Sel\u00e7uklu Devleti i\u00e7erisinde \u00f6\u011fretilen bir dildi.<\/strong><\/p>\n\n\n\n<p><strong>B\u00fcy\u00fck Sel\u00e7uklu Devleti ilk kuruldu\u011fu zaman G\u00fcney Hazar b\u00f6lgesine yerle\u015fmi\u015f ve bu b\u00f6lgeyi kendilerine yurt edinmi\u015flerdi. Hen\u00fcz k\u00fc\u00e7\u00fck bir alana h\u00fckme diyorken daha sonra, \u00f6nce Mezopotamya, sonras\u0131nda Anadolu ve \u0130\u00e7 Asya boylar\u0131na kadar s\u0131n\u0131rlar\u0131n\u0131 geni\u015fleterek d\u00f6nemin en b\u00fcy\u00fck T\u00fcrk Devleti haline gelerek toplamda 3,9 milyonluk bir alana h\u00fckmetmeye ba\u015flayan B\u00fcy\u00fck Sel\u00e7uklu Devleti, T\u00fcrk tarihinde ki en b\u00fcy\u00fck imparatorluklar\u0131ndan birisi oldu. \u0130ranl\u0131lar ile T\u00fcrklerin birlikte oldu\u011fu B\u00fcy\u00fck Sel\u00e7uklu imparatorlu\u011funda daha sonra Anadolu&#8217;ya gelinerek \u0130ran k\u00fclt\u00fcr\u00fcn\u00fc de Anadolu&#8217;ya yans\u0131tmaya ba\u015flad\u0131lar. B\u00fcy\u00fck Sel\u00e7uklu Devleti T\u00fcrk boylar\u0131n\u0131n artmas\u0131 ile birlikte daha sonra \u0130ran Sel\u00e7uklu sultan\u0131n\u0131n \u00f6l\u00fcm\u00fc ile birlikte \u0130ran\u2019da Sel\u00e7uklu d\u00f6nemi kapand\u0131 ve bunun ard\u0131ndan \u00f6z\u00fcne yani T\u00fcrkle\u015fme s\u00fcrecine de girmi\u015f ve devlet kuzey b\u00f6lgelerini de ele ge\u00e7irdikten sonra B\u00fcy\u00fck Sel\u00e7uklu Devleti art\u0131k tamamen T\u00fcrkle\u015fme s\u00fcreci i\u00e7erisinde olacakt\u0131.<\/strong><\/p>\n\n\n\n<p class=\"has-text-color has-link-color has-large-font-size wp-elements-e10e581d6006047c8dc1231a1fa9d827\" style=\"color:#ff0000\"><strong>B\u00fcy\u00fck Sel\u00e7uklular B\u00fcy\u00fck Sel\u00e7uklu Devleti Kurucusu<\/strong><\/p>\n\n\n\n<p><strong>Kurulu\u015fu<\/strong><\/p>\n\n\n\n<p><strong>Gazneli ordusunu a\u011f\u0131r bir yenilgiye u\u011fratarak kazan\u0131lan Dandanakan zaferinin ard\u0131ndan \u00c7a\u011fr\u0131 Bey, karde\u015finde m\u00fcthi\u015f bir keskin zeka g\u00f6rd\u00fc ve Sultan Tu\u011frul Beyi devletin ba\u015f\u0131na toy yani h\u00fck\u00fcmdar olarak tayin etti. Kazanm\u0131\u015f olunan bu zafer ile birlikte B\u00fcy\u00fck Sel\u00e7uklu devletle\u015fme s\u00fcrecine de ba\u015flam\u0131\u015f oldu. O\u011fuz T\u00fcrklerinin K\u0131n\u0131k boyundan gelen B\u00fcy\u00fck Sel\u00e7uklu \u0130mparatorlu\u011fu T\u00fcrkmenistan&#8217;da yer alan Merv \u015fehrini ele ge\u00e7irmi\u015f ve devletle\u015firken siyasi ve askeri m\u00fccadelelerin merkezi olan Merv&#8217;i de ba\u015fkent olarak ilan etmi\u015f ard\u0131ndan da kurultaylar d\u00fczenlenmi\u015ftir.<\/strong><\/p>\n\n\n\n<p><strong>Gazneliler bir kere daha a\u011f\u0131r bir yenilgi ya\u015famas\u0131n\u0131n ard\u0131ndan Ni\u015fabur kentinden \u00e7ekilmek zorunda kalm\u0131\u015f ve B\u00fcy\u00fck Sel\u00e7uklularda bu kenti ele ge\u00e7irerek egemenliklerini ilan etmi\u015f ve B\u00fcy\u00fck Sel\u00e7uklu Devleti kurulmu\u015f oldu.<\/strong><\/p>\n\n\n\n<p class=\"has-text-color has-link-color has-large-font-size wp-elements-cbc29458419fd33c889ef4813b3bdc51\" style=\"color:#ff0000\"><strong>B\u00fcy\u00fck Sel\u00e7uklu Devleti Kurucusu<\/strong><\/p>\n\n\n\n<p><strong>B\u00fcy\u00fck Sel\u00e7uklu Devleti ya da kaynaklar taraf\u0131ndan bilinen ismi ile B\u00fcy\u00fck Sel\u00e7uklu \u0130mparatorlu\u011fu Tu\u011frul Bey taraf\u0131ndan kurulmu\u015ftur.<\/strong><\/p>\n\n\n\n<p class=\"has-text-color has-link-color has-large-font-size wp-elements-84716265bdbab97585246634aa1b2cca\" style=\"color:#ff0000\"><strong>B\u00fcy\u00fck Sel\u00e7uklu Devleti S\u0131n\u0131rlar\u0131<\/strong><\/p>\n\n\n\n<p><strong>O d\u00f6nemin gerek askeri g\u00fc\u00e7 gerekse de ekonomik g\u00fc\u00e7 olarak en b\u00fcy\u00fck \u0130mparatorlu\u011fu olan Sel\u00e7uklu do\u011fuda Seyhun Nehrinden Tanr\u0131 Da\u011flar\u0131na kadar, bat\u0131da Akdeniz ve Bo\u011fazlara kadar, Kuzey&#8217;de Kafkas Da\u011flar\u0131na kadar, g\u00fcneyde ise Hint denizine kadar b\u00fct\u00fcn topraklar B\u00fcy\u00fck Sel\u00e7uklu \u0130mparatorlu\u011funun himayesi ve kontrol\u00fc alt\u0131nda idi.<\/strong><\/p>\n\n\n\n<p><strong>B\u00fcy\u00fck Sel\u00e7uklu Devleti Y\u0131k\u0131l\u0131\u015f Sebepleri<\/strong><strong> Son sultan olan Sultan Sencer\u2019in ya\u015fanan ekonomik buhranlar sebebi ile esir d\u00fc\u015fmesinin ard\u0131ndan iki y\u0131l esir kald\u0131ktan sonra ka\u00e7arak kurtulmu\u015f ancak d\u00fc\u015fen itibar\u0131ndan \u00dclkede iktidar\u0131 yeniden sa\u011flayamadan 1157 y\u0131l\u0131nda vefat etti ve B\u00fcy\u00fck Sel\u00e7uklu Devletinin y\u0131k\u0131larak sona erdi. B\u00fcy\u00fck Sel\u00e7uklu \u0130mparatorlu\u011funun y\u0131k\u0131lma sebeplerinin ba\u015f\u0131nda g\u00f6sterilen en \u00f6nemli sebeplerden birisi \u00fclkenin hanedanlar aras\u0131nda payla\u015ft\u0131r\u0131lmas\u0131 geliyordu. Ayr\u0131ca taht kavgalar\u0131n\u0131n ya\u015fan\u0131yor oldu\u011fu bu d\u00f6nemlerde Sel\u00e7uklu sultanlar\u0131n\u0131n \u015fehzadelerini yeti\u015ftirmek amac\u0131yla eyaletlere g\u00f6nderdikleri atabeylerin otorite bo\u015flu\u011fu f\u0131rsat\u0131ndan yararlanarak ba\u011f\u0131ms\u0131zl\u0131klar\u0131n\u0131 ilan etmeleri de Sel\u00e7uklu Devletinin y\u0131k\u0131l\u0131\u015f\u0131na zemin haz\u0131rlam\u0131\u015ft\u0131. Ayr\u0131ca Bat\u0131ni ismini alan bir grup ki\u015filer Kuran&#8217;\u0131 kendilerini g\u00f6re yorumlay\u0131p, \u0130slama ters d\u00fc\u015fen fikirleri savunan, ayetlerin gizli anlamlar ta\u015f\u0131yor oldu\u011funu dillendirerek B\u00fcy\u00fck Sel\u00e7uklular Devletine zarar verecek faaliyetlerde bulundular ve bu hareketlenmelerde y\u0131k\u0131l\u0131\u015fa destek oldu. Bu sebeplerin yan\u0131 s\u0131ra T\u00fcrkmenlerinde devlete k\u00fcst\u00fcr\u00fclmesi B\u00fcy\u00fck Sel\u00e7uklu Devletinin y\u0131k\u0131lmas\u0131na sebep olmu\u015f ve son olarak \u015eiilerinde y\u0131prat\u0131c\u0131 etkisi ile birlikte B\u00fcy\u00fck Sel\u00e7uklu Devleti tamamen y\u0131k\u0131larak da\u011f\u0131lm\u0131\u015ft\u0131r.<\/strong><\/p>\n\n\n<h1 class=\"wp-block-heading has-text-align-center has-white-color has-text-color has-background\" style=\"background-color: #34495e; font-size: 0px; font-style: normal; font-weight: bold; text-align: center;\" align=\"center\"><strong><img decoding=\"async\" class=\"alignnone\" src=\"https:\/\/haskurt.com\/40\/wp-content\/uploads\/2024\/07\/Bayrak03.gif\" alt=\"This image has an empty alt attribute; its file name is Bayrak03.gif\" \/>\u00a0 \u00a0 <code><span style=\"color: #ffffff; font-family: Arial Black; font-size: x-large;\">\u00a0 \ud83d\udc3a HasKurt \ud83d\udc3a  \u00a0<\/span><\/code><code><\/code><code><img decoding=\"async\" src=\"https:\/\/haskurt.com\/40\/wp-content\/uploads\/2024\/07\/Bayrak03.gif\" alt=\"This image has an empty alt attribute; its file name is kirsehir03.gif\" \/><\/code><\/strong><code><\/code><\/h1>\n\n\n<head>\n<meta http-equiv=\"Content-Type\" content=\"text\/html; charset=windows-1254\">\n<meta http-equiv=\"Content-Language\" content=\"tr\">\n<\/head>\n\n<table border=\"0\" width=\"100%\" cellspacing=\"0\" cellpadding=\"0\">\n\t<tr>\n\t\t<td>\n\t\t<p align=\"center\">\n\t\t<img loading=\"lazy\" decoding=\"async\" border=\"0\" src=\"https:\/\/haskurt.com\/40\/wp-content\/uploads\/2024\/07\/HasKurt2005A.gif\" width=\"200\" height=\"120\"><\/td>\n\t\t<td>\n\t\t<p align=\"center\">\n\t\t<img loading=\"lazy\" decoding=\"async\" border=\"0\" src=\"https:\/\/haskurt.com\/40\/wp-content\/uploads\/2024\/07\/OsmanliImparatorlugu_1882\u20131922.svg_.png\" width=\"120\" height=\"120\"><\/td>\n\t\t<td>\n\t\t<p align=\"center\">\n\t\t<img loading=\"lazy\" decoding=\"async\" border=\"0\" src=\"https:\/\/haskurt.com\/40\/wp-content\/uploads\/2024\/07\/Bayrak03.gif\" width=\"163\" height=\"120\"><\/td>\n\t\t<td>\n\t\t<p align=\"center\">\n\t\t<img loading=\"lazy\" decoding=\"async\" border=\"0\" src=\"https:\/\/haskurt.com\/40\/wp-content\/uploads\/2024\/07\/HasKurt2014A.gif\" width=\"200\" height=\"120\"><\/td>\n\t<\/tr>\n<\/table>\n<table border=\"0\" width=\"100%\" cellspacing=\"0\" cellpadding=\"0\">\n\t<tr>\n\t\t<td>\n\t\t<p align=\"center\">\n\t\t<img decoding=\"async\" border=\"0\" src=\"https:\/\/haskurt.com\/40\/wp-content\/uploads\/2024\/07\/100YilTurkiye.png\" width=\"100%\" height=\"60\"><\/td>\n\t<\/tr>\n\t<tr>\n\t\t<td>\n\t\t<p align=\"center\">\n\t\t&nbsp;<\/td>\n\t<\/tr>\n<\/table>\n<table border=\"0\" width=\"100%\" cellspacing=\"0\" cellpadding=\"0\">\n\t<tr>\n\t\t<td>\n\t\t<p align=\"center\">\n\t\t<img loading=\"lazy\" decoding=\"async\" border=\"0\" src=\"https:\/\/haskurt.com\/40\/wp-content\/uploads\/2024\/07\/Bayrak03.gif\" width=\"68\" height=\"50\"><\/td>\n\t\t<td>\n\t\t<p align=\"center\">\n\t\t<img loading=\"lazy\" decoding=\"async\" border=\"0\" src=\"https:\/\/haskurt.com\/40\/wp-content\/uploads\/2024\/07\/hurgokbayrak.gif\" width=\"68\" height=\"50\"><\/td>\n\t\t<td>\n\t\t<p align=\"center\">\n\t\t<img loading=\"lazy\" decoding=\"async\" border=\"0\" src=\"https:\/\/haskurt.com\/40\/wp-content\/uploads\/2024\/08\/01AzerbaycanA.gif\" width=\"68\" height=\"50\"><\/td>\n\t\t<td>\n\t\t<p align=\"center\">\n\t\t<img loading=\"lazy\" decoding=\"async\" border=\"0\" src=\"https:\/\/haskurt.com\/40\/wp-content\/uploads\/2024\/07\/HasKurt.gif\" width=\"90\" height=\"86\"><\/td>\n\t\t<td>\n\t\t<p align=\"center\">\n\t\t<font face=\"Arial Black\" size=\"2\" style=\"box-sizing: border-box; color: rgb(32, 32, 32); font-size: 21.98px; font-style: normal; font-variant-ligatures: normal; font-variant-caps: normal; font-weight: 400; letter-spacing: normal; orphans: 2; text-align: left; text-indent: 0px; text-transform: none; widows: 2; word-spacing: 0px; -webkit-text-stroke-width: 0px; white-space: normal; text-decoration-thickness: initial; text-decoration-style: initial; text-decoration-color: initial; margin: 0px; padding: 0px\">\n\t\te \u2013 Posta<span lang=\"nl\" style=\"box-sizing: border-box; margin: 0px; padding: 0px;\">:<\/span><\/font><font color=\"#0000FF\" face=\"Arial Black\" style=\"box-sizing: border-box; margin: 0px; padding: 0px; font-size: 21.98px; font-style: normal; font-variant-ligatures: normal; font-variant-caps: normal; font-weight: 400; letter-spacing: normal; orphans: 2; text-align: left; text-indent: 0px; text-transform: none; widows: 2; word-spacing: 0px; -webkit-text-stroke-width: 0px; white-space: normal; text-decoration-thickness: initial; text-decoration-style: initial; text-decoration-color: initial;\"><span lang=\"nl\" style=\"box-sizing: border-box; margin: 0px; padding: 0px;\"><font face=\"Arial Black\" size=\"2\" style=\"box-sizing: border-box; margin: 0px; padding: 0px;\">&nbsp;&nbsp; <\/font><\/span><i style=\"box-sizing: border-box; margin: 0px; padding: 0px;\"><font face=\"Times New Roman\" style=\"box-sizing: border-box; margin: 0px; padding: 0px;\"><u style=\"box-sizing: border-box; margin: 0px; padding: 0px;\"><a style=\"box-sizing: border-box; text-decoration: none; font-size: 22px; font-family: Arial Black; font-weight: 700; font-style: normal; text-shadow: none; text-align: left; margin: 0px; padding: 0px; background-color: transparent\" href=\"mailto:haskurt@hotmail.com\">HasKurt \n\t\t\u00d6zKurt<\/a><\/u><\/font><\/i><\/font><p align=\"center\">\n\t\t<font face=\"Arial Black\" style=\"box-sizing: border-box; margin: 0px; padding: 0px; color: rgb(0, 0, 255); font-family: &quot;Arial Black&quot;; font-size: 21.98px; font-style: normal; font-variant-ligatures: normal; font-variant-caps: normal; font-weight: 400; letter-spacing: normal; orphans: 2; text-align: left; text-indent: 0px; text-transform: none; widows: 2; word-spacing: 0px; -webkit-text-stroke-width: 0px; white-space: normal; text-decoration-thickness: initial; text-decoration-style: initial; text-decoration-color: initial;\">\n\t\t<font size=\"2\" face=\"Arial Black\" style=\"box-sizing: border-box; margin: 0px; padding: 0px;\">\n\t\tBu site<span lang=\"nl\"> <\/span><\/font>&nbsp;<font color=\"#0000FF\" face=\"Arial Black\" style=\"box-sizing: border-box; margin: 0px; padding: 0px;\"><u style=\"box-sizing: border-box; margin: 0px; padding: 0px;\"><i style=\"box-sizing: border-box; margin: 0px; padding: 0px;\"><a style=\"box-sizing: border-box; margin: 0px; padding: 0px; color: rgb(51, 103, 153); text-decoration: none; background-color: transparent; font-size: 22px; font-family: Arial; font-weight: 400; font-style: normal; text-shadow: none; text-align: left;\" href=\"mailto:haskurt@hotmail.com\">HasKurt\n\t\t<span lang=\"nl\">&nbsp;<\/span>\u00d6zKurt<\/a><\/i><\/u><\/font><\/font><u style=\"box-sizing: border-box; margin: 0px; padding: 0px; color: rgb(0, 0, 255); font-family: &quot;Arial Black&quot;; font-size: 21.98px; font-style: normal; font-variant-ligatures: normal; font-variant-caps: normal; font-weight: 400; letter-spacing: normal; orphans: 2; text-align: left; text-indent: 0px; text-transform: none; widows: 2; word-spacing: 0px; -webkit-text-stroke-width: 0px; white-space: normal;\"><font face=\"Arial Black\" size=\"2\" style=\"box-sizing: border-box; margin: 0px; padding: 0px;\"><span lang=\"nl\">&nbsp;\n\t\t<\/span>Taraf<span lang=\"ES-TRAD\" style=\"box-sizing: border-box; margin: 0px; padding: 0px;\">&#305;<\/span>ndan\n\t\t<span lang=\"nl\">&nbsp;<\/span>haz<\/font><font size=\"3\" face=\"Arial Black\" style=\"box-sizing: border-box; margin: 0px; padding: 0px;\"><span lang=\"ES-TRAD\" style=\"box-sizing: border-box; margin: 0px; padding: 0px; font-size: 10pt; font-family: &quot;Arial Black&quot;;\">&#305;<\/span><\/font><font face=\"Arial Black\" size=\"2\" style=\"box-sizing: border-box; margin: 0px; padding: 0px;\">rlanmaktad<\/font><font size=\"3\" face=\"Arial Black\" style=\"box-sizing: border-box; margin: 0px; padding: 0px;\"><span lang=\"ES-TRAD\" style=\"box-sizing: border-box; margin: 0px; padding: 0px; font-size: 10pt; font-family: &quot;Arial Black&quot;;\">&#305;<\/span><\/font><font face=\"Arial Black\" size=\"2\" style=\"box-sizing: border-box; margin: 0px; padding: 0px;\">r<\/font><\/u><\/td>\n\t\t<td>\n\t\t<p align=\"center\">\n\t\t<img loading=\"lazy\" decoding=\"async\" border=\"0\" src=\"https:\/\/haskurt.com\/40\/wp-content\/uploads\/2024\/07\/Bayrak03.gif\" width=\"68\" height=\"50\"><\/td>\n\t\t<td>\n\t\t<p align=\"center\">\n\t\t<img loading=\"lazy\" decoding=\"async\" border=\"0\" src=\"https:\/\/haskurt.com\/40\/wp-content\/uploads\/2024\/07\/hurgokbayrak.gif\" width=\"68\" height=\"50\"><\/td>\n\t\t<td>\n\t\t<p align=\"center\">\n\t\t<img loading=\"lazy\" decoding=\"async\" border=\"0\" src=\"https:\/\/haskurt.com\/40\/wp-content\/uploads\/2024\/08\/01AzerbaycanA.gif\" width=\"68\" height=\"50\"><\/td>\n\t\t<td>\n\t\t<p align=\"center\">\n\t\t<img loading=\"lazy\" decoding=\"async\" border=\"0\" src=\"https:\/\/haskurt.com\/40\/wp-content\/uploads\/2024\/07\/HasKurt.gif\" width=\"90\" height=\"86\"><\/td>\n\t<\/tr>\n<\/table>\n<\/html>\n","protected":false},"excerpt":{"rendered":"<p>\u00a0 \u00a0 \u00a0 \u00a0B\u00fcy\u00fck Sel\u00e7uklu \u0130mparatorlu\u011fu \u00a0 B\u00fcy\u00fck Sel\u00e7uklu \u0130mparatorlu\u011fu Hakk\u0131nda! B\u00fcy\u00fck Sel\u00e7uklu \u0130mparatorlu\u011fu tarihte kurulmu\u015f en b\u00fcy\u00fck T\u00fcrk devletlerinden birisidir. B\u00fcy\u00fck Sel\u00e7uklu Devleti orta \u00c7a\u011f&#8217;da O\u011fuz T\u00fcrklerinin K\u0131n\u0131k boyu taraf\u0131ndan kurulmu\u015f T\u00fcrk-\u0130ran gelene\u011fine dayal\u0131 bir S\u00fcnni M\u00fcsl\u00fcman imparatorlu\u011fudur ve &hellip;<\/p>\n<p><a href=\"https:\/\/haskurt.com\/40\/buyuk-selcuklu-imparatorlugu\/\">Continue Reading<span class=\"meta-nav\">&rarr;<\/span><\/a><\/p>\n","protected":false},"author":1,"featured_media":0,"parent":0,"menu_order":0,"comment_status":"closed","ping_status":"closed","template":"page-templates\/haskurt_page.php","meta":{"footnotes":""},"class_list":["post-236","page","type-page","status-publish","hentry"],"_links":{"self":[{"href":"https:\/\/haskurt.com\/40\/wp-json\/wp\/v2\/pages\/236","targetHints":{"allow":["GET"]}}],"collection":[{"href":"https:\/\/haskurt.com\/40\/wp-json\/wp\/v2\/pages"}],"about":[{"href":"https:\/\/haskurt.com\/40\/wp-json\/wp\/v2\/types\/page"}],"author":[{"embeddable":true,"href":"https:\/\/haskurt.com\/40\/wp-json\/wp\/v2\/users\/1"}],"replies":[{"embeddable":true,"href":"https:\/\/haskurt.com\/40\/wp-json\/wp\/v2\/comments?post=236"}],"version-history":[{"count":5,"href":"https:\/\/haskurt.com\/40\/wp-json\/wp\/v2\/pages\/236\/revisions"}],"predecessor-version":[{"id":1848,"href":"https:\/\/haskurt.com\/40\/wp-json\/wp\/v2\/pages\/236\/revisions\/1848"}],"wp:attachment":[{"href":"https:\/\/haskurt.com\/40\/wp-json\/wp\/v2\/media?parent=236"}],"curies":[{"name":"wp","href":"https:\/\/api.w.org\/{rel}","templated":true}]}}