{"id":227,"date":"2024-07-14T19:53:02","date_gmt":"2024-07-14T19:53:02","guid":{"rendered":"https:\/\/haskurt.com\/40\/?page_id=227"},"modified":"2026-01-29T15:55:24","modified_gmt":"2026-01-29T15:55:24","slug":"gazneliler","status":"publish","type":"page","link":"https:\/\/haskurt.com\/40\/gazneliler\/","title":{"rendered":"Gazneliler"},"content":{"rendered":"<h1 class=\"wp-block-heading has-text-align-center has-white-color has-text-color has-background\" style=\"background-color: #34495e; font-size: 0px; font-style: normal; font-weight: bold; text-align: center;\" align=\"center\"><strong><img decoding=\"async\" class=\"alignnone\" src=\"https:\/\/haskurt.com\/40\/wp-content\/uploads\/2024\/07\/Bayrak03.gif\" alt=\"This image has an empty alt attribute; its file name is Bayrak03.gif\" \/>\u00a0 \u00a0 <code><span style=\"color: #ffffff; font-family: Arial Black; font-size: x-large;\">\u00a0 \u00a0Gazneliler \u00a0<\/span><\/code><code><\/code><code><img decoding=\"async\" src=\"https:\/\/haskurt.com\/40\/wp-content\/uploads\/2024\/07\/hurgokbayrak.gif\" alt=\"This image has an empty alt attribute; its file name is kirsehir03.gif\" \/><\/code><\/strong><code><\/code><\/h1>\n\n\n<figure class=\"wp-block-image size-full is-resized\"><img loading=\"lazy\" decoding=\"async\" width=\"600\" height=\"450\" src=\"https:\/\/haskurt.com\/40\/wp-content\/uploads\/2024\/07\/Gazneliler-Haritasi.jpg\" alt=\"\" class=\"wp-image-228\" style=\"width:1121px;height:auto\" srcset=\"https:\/\/haskurt.com\/40\/wp-content\/uploads\/2024\/07\/Gazneliler-Haritasi.jpg 600w, https:\/\/haskurt.com\/40\/wp-content\/uploads\/2024\/07\/Gazneliler-Haritasi-300x225.jpg 300w\" sizes=\"auto, (max-width: 600px) 100vw, 600px\" \/><\/figure>\n\n\n\n<p>Gaznelilerin devlet anlay\u0131\u015f\u0131, \u0130slam halifesini veya onun ad\u0131na h\u00fck\u00fcm s\u00fcren h\u00fck\u00fcmdarlar\u0131 &#8220;Allah&#8217;\u0131n yery\u00fcz\u00fcndeki g\u00f6lgesi&#8221; olarak telakki eden \u0130slami anlay\u0131\u015fla ba\u011fda\u015fan, \u0130rani, \u0130slami ve T\u00fcrki h\u00e2kimiyet anlay\u0131\u015flar\u0131n\u0131n bir sentezi \u015feklinde ger\u00e7ekle\u015fmi\u015ftir. Saman\u00eeler gibi k\u00f6kl\u00fc ve esasl\u0131 devlet te\u015fkilat\u0131na sahip bir \u0130slam devletine bir s\u00fcre hizmet eden ve bu s\u00fcre de ona t\u00e2bi olarak varl\u0131\u011f\u0131n\u0131 s\u00fcrd\u00fcren Gazneli Devleti, Orta \u00c7a\u011f \u0130slam devletlerinin \u00f6zelliklerini, devlet, h\u00fck\u00fbmet ve h\u00e2kimiyet anlay\u0131\u015flar\u0131n\u0131 aynen yans\u0131tmaktad\u0131r.<\/p>\n\n\n\n<figure class=\"wp-block-image size-full is-resized\"><img loading=\"lazy\" decoding=\"async\" width=\"600\" height=\"450\" src=\"https:\/\/haskurt.com\/40\/wp-content\/uploads\/2024\/07\/Gaznelile-Bayragi.jpg\" alt=\"\" class=\"wp-image-229\" style=\"width:1121px;height:auto\" srcset=\"https:\/\/haskurt.com\/40\/wp-content\/uploads\/2024\/07\/Gaznelile-Bayragi.jpg 600w, https:\/\/haskurt.com\/40\/wp-content\/uploads\/2024\/07\/Gaznelile-Bayragi-300x225.jpg 300w\" sizes=\"auto, (max-width: 600px) 100vw, 600px\" \/><\/figure>\n\n\n\n<p>Gazneliler, MS: 963-1186 y\u0131llar\u0131 aras\u0131nda Mavera\u00fcnnehir, Afganistan, Hindistan&#8217;\u0131n kuzeyi ve Horasan&#8217;da h\u00fck\u00fcm s\u00fcrm\u00fc\u015f bir T\u00fcrk devletidir. Gazneliler adlar\u0131n\u0131 ba\u015fkent edindikleri, h\u00e2len Afganistan s\u0131n\u0131rlar\u0131 i\u00e7inde bulunan Gazne \u015fehrinden alm\u0131\u015ft\u0131r. Gazne Devleti&#8217;nden \u00f6nce bu topraklarda h\u00fck\u00fcm s\u00fcrm\u00fc\u015f olan Farsi as\u0131ll\u0131 Saman\u00eelerin k\u00fclt\u00fcrel etkisinden dolay\u0131 Gazneli T\u00fcrkler, zaman i\u00e7erisinde Farsla\u015fm\u0131\u015flard\u0131r.&nbsp;<\/p>\n\n\n\n<p>Gaznelilerin kurucusu say\u0131lan Alp Tegin, Saman\u00eelerin ordu komutanlar\u0131ndand\u0131. Ancak hanedanl\u0131\u011f\u0131n tam anlam\u0131yla kurulu\u015fu, onun damad\u0131 Seb\u00fck Tigin d\u00f6neminde m\u00fcmk\u00fcn olmu\u015ftur. Seb\u00fck Tigin, Gazne \u015fehrini ba\u015fkent yaparak Saman\u00ee sultanlar\u0131n\u0131n egemenli\u011finden kurtulmu\u015ftur. Seb\u00fck Tegin&#8217;in o\u011flu Sultan Mahmut d\u00f6neminde imparatorlu\u011fun s\u0131n\u0131rlar\u0131 Ceyhun&#8217;dan \u0130ndus Nehri&#8217;ne, oradan da Hint Okyanusu&#8217;na kadar uzanm\u0131\u015f ve Rey Hanedan\u0131n\u0131 da kapsam\u0131\u015ft\u0131r. I. Mesut d\u00f6neminde Gaznelilere ait topraklar\u0131n bir k\u0131sm\u0131 kaybedilmi\u015ftir. Bat\u0131 b\u00f6lgelerinin neredeyse tamam\u0131, Dandanakan Sava\u015f\u0131 sonras\u0131nda Sel\u00e7uklu Devleti&#8217;nin kontrol\u00fcne ge\u00e7mi\u015f ve elde sadece Afganistan, Belucistan ve Pencap b\u00f6lgeleri kalm\u0131\u015ft\u0131r. Sel\u00e7uklular\u0131n 1157&#8217;de da\u011f\u0131lmas\u0131, Gaznelilere pek yarar getirmemi\u015ftir. Bu kar\u0131\u015f\u0131k ortamdan g\u00fc\u00e7lenerek \u00e7\u0131kan Gurlular, 1151&#8217;de Behram\u015fah&#8217;\u0131 yenilgiye u\u011fratarak Gazne&#8217;yi ele ge\u00e7irmi\u015flerdir. Bundan sonra h\u00fck\u00fcmdarl\u0131klar\u0131n\u0131 Lahor&#8217;a \u00e7ekilerek devam ettiren ve \u0130slam dinini Hindistan&#8217;\u0131n i\u00e7lerine kadar yaym\u0131\u015f olan Gaznelilerin son h\u00fck\u00fcmdar\u0131 H\u00fcsrev Melik&#8217;in Gurlular taraf\u0131ndan 1186&#8217;da esir al\u0131nmas\u0131ndan sonra Gazne Devleti kesin olarak tarihin tozlu sayfas\u0131ndaki yerini alm\u0131\u015ft\u0131r.<\/p>\n\n\n<h1 class=\"wp-block-heading has-text-align-center has-white-color has-text-color has-background\" style=\"background-color: #34495e; font-size: 0px; font-style: normal; font-weight: bold; text-align: center;\" align=\"center\"><strong><img decoding=\"async\" class=\"alignnone\" src=\"https:\/\/haskurt.com\/40\/wp-content\/uploads\/2024\/07\/Bayrak03.gif\" alt=\"This image has an empty alt attribute; its file name is Bayrak03.gif\" \/>\u00a0 \u00a0 <code><span style=\"color: #ffffff; font-family: Arial Black; font-size: x-large;\">\u00a0 \ud83d\udc3a HasKurt \ud83d\udc3a  \u00a0<\/span><\/code><code><\/code><code><img decoding=\"async\" src=\"https:\/\/haskurt.com\/40\/wp-content\/uploads\/2024\/07\/Bayrak03.gif\" alt=\"This image has an empty alt attribute; its file name is kirsehir03.gif\" \/><\/code><\/strong><code><\/code><\/h1>\n\n\n<head>\n<meta http-equiv=\"Content-Type\" content=\"text\/html; charset=windows-1254\">\n<meta http-equiv=\"Content-Language\" content=\"tr\">\n<\/head>\n\n<table border=\"0\" width=\"100%\" cellspacing=\"0\" cellpadding=\"0\">\n\t<tr>\n\t\t<td>\n\t\t<p align=\"center\">\n\t\t<img loading=\"lazy\" decoding=\"async\" border=\"0\" src=\"https:\/\/haskurt.com\/40\/wp-content\/uploads\/2024\/07\/HasKurt2005A.gif\" width=\"200\" height=\"120\"><\/td>\n\t\t<td>\n\t\t<p align=\"center\">\n\t\t<img loading=\"lazy\" decoding=\"async\" border=\"0\" src=\"https:\/\/haskurt.com\/40\/wp-content\/uploads\/2024\/07\/OsmanliImparatorlugu_1882\u20131922.svg_.png\" width=\"120\" height=\"120\"><\/td>\n\t\t<td>\n\t\t<p align=\"center\">\n\t\t<img loading=\"lazy\" decoding=\"async\" border=\"0\" src=\"https:\/\/haskurt.com\/40\/wp-content\/uploads\/2024\/07\/Bayrak03.gif\" width=\"163\" height=\"120\"><\/td>\n\t\t<td>\n\t\t<p align=\"center\">\n\t\t<img loading=\"lazy\" decoding=\"async\" border=\"0\" src=\"https:\/\/haskurt.com\/40\/wp-content\/uploads\/2024\/07\/HasKurt2014A.gif\" width=\"200\" height=\"120\"><\/td>\n\t<\/tr>\n<\/table>\n<table border=\"0\" width=\"100%\" cellspacing=\"0\" cellpadding=\"0\">\n\t<tr>\n\t\t<td>\n\t\t<p align=\"center\">\n\t\t<img decoding=\"async\" border=\"0\" src=\"https:\/\/haskurt.com\/40\/wp-content\/uploads\/2024\/07\/100YilTurkiye.png\" width=\"100%\" height=\"60\"><\/td>\n\t<\/tr>\n\t<tr>\n\t\t<td>\n\t\t<p align=\"center\">\n\t\t&nbsp;<\/td>\n\t<\/tr>\n<\/table>\n<table border=\"0\" width=\"100%\" cellspacing=\"0\" cellpadding=\"0\">\n\t<tr>\n\t\t<td>\n\t\t<p align=\"center\">\n\t\t<img loading=\"lazy\" decoding=\"async\" border=\"0\" src=\"https:\/\/haskurt.com\/40\/wp-content\/uploads\/2024\/07\/Bayrak03.gif\" width=\"68\" height=\"50\"><\/td>\n\t\t<td>\n\t\t<p align=\"center\">\n\t\t<img loading=\"lazy\" decoding=\"async\" border=\"0\" src=\"https:\/\/haskurt.com\/40\/wp-content\/uploads\/2024\/07\/hurgokbayrak.gif\" width=\"68\" height=\"50\"><\/td>\n\t\t<td>\n\t\t<p align=\"center\">\n\t\t<img loading=\"lazy\" decoding=\"async\" border=\"0\" src=\"https:\/\/haskurt.com\/40\/wp-content\/uploads\/2024\/08\/01AzerbaycanA.gif\" width=\"68\" height=\"50\"><\/td>\n\t\t<td>\n\t\t<p align=\"center\">\n\t\t<img loading=\"lazy\" decoding=\"async\" border=\"0\" src=\"https:\/\/haskurt.com\/40\/wp-content\/uploads\/2024\/07\/HasKurt.gif\" width=\"90\" height=\"86\"><\/td>\n\t\t<td>\n\t\t<p align=\"center\">\n\t\t<font face=\"Arial Black\" size=\"2\" style=\"box-sizing: border-box; color: rgb(32, 32, 32); font-size: 21.98px; font-style: normal; font-variant-ligatures: normal; font-variant-caps: normal; font-weight: 400; letter-spacing: normal; orphans: 2; text-align: left; text-indent: 0px; text-transform: none; widows: 2; word-spacing: 0px; -webkit-text-stroke-width: 0px; white-space: normal; text-decoration-thickness: initial; text-decoration-style: initial; text-decoration-color: initial; margin: 0px; padding: 0px\">\n\t\te \u2013 Posta<span lang=\"nl\" style=\"box-sizing: border-box; margin: 0px; padding: 0px;\">:<\/span><\/font><font color=\"#0000FF\" face=\"Arial Black\" style=\"box-sizing: border-box; margin: 0px; padding: 0px; font-size: 21.98px; font-style: normal; font-variant-ligatures: normal; font-variant-caps: normal; font-weight: 400; letter-spacing: normal; orphans: 2; text-align: left; text-indent: 0px; text-transform: none; widows: 2; word-spacing: 0px; -webkit-text-stroke-width: 0px; white-space: normal; text-decoration-thickness: initial; text-decoration-style: initial; text-decoration-color: initial;\"><span lang=\"nl\" style=\"box-sizing: border-box; margin: 0px; padding: 0px;\"><font face=\"Arial Black\" size=\"2\" style=\"box-sizing: border-box; margin: 0px; padding: 0px;\">&nbsp;&nbsp; <\/font><\/span><i style=\"box-sizing: border-box; margin: 0px; padding: 0px;\"><font face=\"Times New Roman\" style=\"box-sizing: border-box; margin: 0px; padding: 0px;\"><u style=\"box-sizing: border-box; margin: 0px; padding: 0px;\"><a style=\"box-sizing: border-box; text-decoration: none; font-size: 22px; font-family: Arial Black; font-weight: 700; font-style: normal; text-shadow: none; text-align: left; margin: 0px; padding: 0px; background-color: transparent\" href=\"mailto:haskurt@hotmail.com\">HasKurt \n\t\t\u00d6zKurt<\/a><\/u><\/font><\/i><\/font><p align=\"center\">\n\t\t<font face=\"Arial Black\" style=\"box-sizing: border-box; margin: 0px; padding: 0px; color: rgb(0, 0, 255); font-family: &quot;Arial Black&quot;; font-size: 21.98px; font-style: normal; font-variant-ligatures: normal; font-variant-caps: normal; font-weight: 400; letter-spacing: normal; orphans: 2; text-align: left; text-indent: 0px; text-transform: none; widows: 2; word-spacing: 0px; -webkit-text-stroke-width: 0px; white-space: normal; text-decoration-thickness: initial; text-decoration-style: initial; text-decoration-color: initial;\">\n\t\t<font size=\"2\" face=\"Arial Black\" style=\"box-sizing: border-box; margin: 0px; padding: 0px;\">\n\t\tBu site<span lang=\"nl\"> <\/span><\/font>&nbsp;<font color=\"#0000FF\" face=\"Arial Black\" style=\"box-sizing: border-box; margin: 0px; padding: 0px;\"><u style=\"box-sizing: border-box; margin: 0px; padding: 0px;\"><i style=\"box-sizing: border-box; margin: 0px; padding: 0px;\"><a style=\"box-sizing: border-box; margin: 0px; padding: 0px; color: rgb(51, 103, 153); text-decoration: none; background-color: transparent; font-size: 22px; font-family: Arial; font-weight: 400; font-style: normal; text-shadow: none; text-align: left;\" href=\"mailto:haskurt@hotmail.com\">HasKurt\n\t\t<span lang=\"nl\">&nbsp;<\/span>\u00d6zKurt<\/a><\/i><\/u><\/font><\/font><u style=\"box-sizing: border-box; margin: 0px; padding: 0px; color: rgb(0, 0, 255); font-family: &quot;Arial Black&quot;; font-size: 21.98px; font-style: normal; font-variant-ligatures: normal; font-variant-caps: normal; font-weight: 400; letter-spacing: normal; orphans: 2; text-align: left; text-indent: 0px; text-transform: none; widows: 2; word-spacing: 0px; -webkit-text-stroke-width: 0px; white-space: normal;\"><font face=\"Arial Black\" size=\"2\" style=\"box-sizing: border-box; margin: 0px; padding: 0px;\"><span lang=\"nl\">&nbsp;\n\t\t<\/span>Taraf<span lang=\"ES-TRAD\" style=\"box-sizing: border-box; margin: 0px; padding: 0px;\">&#305;<\/span>ndan\n\t\t<span lang=\"nl\">&nbsp;<\/span>haz<\/font><font size=\"3\" face=\"Arial Black\" style=\"box-sizing: border-box; margin: 0px; padding: 0px;\"><span lang=\"ES-TRAD\" style=\"box-sizing: border-box; margin: 0px; padding: 0px; font-size: 10pt; font-family: &quot;Arial Black&quot;;\">&#305;<\/span><\/font><font face=\"Arial Black\" size=\"2\" style=\"box-sizing: border-box; margin: 0px; padding: 0px;\">rlanmaktad<\/font><font size=\"3\" face=\"Arial Black\" style=\"box-sizing: border-box; margin: 0px; padding: 0px;\"><span lang=\"ES-TRAD\" style=\"box-sizing: border-box; margin: 0px; padding: 0px; font-size: 10pt; font-family: &quot;Arial Black&quot;;\">&#305;<\/span><\/font><font face=\"Arial Black\" size=\"2\" style=\"box-sizing: border-box; margin: 0px; padding: 0px;\">r<\/font><\/u><\/td>\n\t\t<td>\n\t\t<p align=\"center\">\n\t\t<img loading=\"lazy\" decoding=\"async\" border=\"0\" src=\"https:\/\/haskurt.com\/40\/wp-content\/uploads\/2024\/07\/Bayrak03.gif\" width=\"68\" height=\"50\"><\/td>\n\t\t<td>\n\t\t<p align=\"center\">\n\t\t<img loading=\"lazy\" decoding=\"async\" border=\"0\" src=\"https:\/\/haskurt.com\/40\/wp-content\/uploads\/2024\/07\/hurgokbayrak.gif\" width=\"68\" height=\"50\"><\/td>\n\t\t<td>\n\t\t<p align=\"center\">\n\t\t<img loading=\"lazy\" decoding=\"async\" border=\"0\" src=\"https:\/\/haskurt.com\/40\/wp-content\/uploads\/2024\/08\/01AzerbaycanA.gif\" width=\"68\" height=\"50\"><\/td>\n\t\t<td>\n\t\t<p align=\"center\">\n\t\t<img loading=\"lazy\" decoding=\"async\" border=\"0\" src=\"https:\/\/haskurt.com\/40\/wp-content\/uploads\/2024\/07\/HasKurt.gif\" width=\"90\" height=\"86\"><\/td>\n\t<\/tr>\n<\/table>\n<\/html>\n\n\n\n<p><\/p>\n","protected":false},"excerpt":{"rendered":"<p>\u00a0 \u00a0 \u00a0 \u00a0Gazneliler \u00a0 Gaznelilerin devlet anlay\u0131\u015f\u0131, \u0130slam halifesini veya onun ad\u0131na h\u00fck\u00fcm s\u00fcren h\u00fck\u00fcmdarlar\u0131 &#8220;Allah&#8217;\u0131n yery\u00fcz\u00fcndeki g\u00f6lgesi&#8221; olarak telakki eden \u0130slami anlay\u0131\u015fla ba\u011fda\u015fan, \u0130rani, \u0130slami ve T\u00fcrki h\u00e2kimiyet anlay\u0131\u015flar\u0131n\u0131n bir sentezi \u015feklinde ger\u00e7ekle\u015fmi\u015ftir. Saman\u00eeler gibi k\u00f6kl\u00fc ve esasl\u0131 &hellip;<\/p>\n<p><a href=\"https:\/\/haskurt.com\/40\/gazneliler\/\">Continue Reading<span class=\"meta-nav\">&rarr;<\/span><\/a><\/p>\n","protected":false},"author":1,"featured_media":0,"parent":0,"menu_order":0,"comment_status":"closed","ping_status":"closed","template":"page-templates\/haskurt_page.php","meta":{"footnotes":""},"class_list":["post-227","page","type-page","status-publish","hentry"],"_links":{"self":[{"href":"https:\/\/haskurt.com\/40\/wp-json\/wp\/v2\/pages\/227","targetHints":{"allow":["GET"]}}],"collection":[{"href":"https:\/\/haskurt.com\/40\/wp-json\/wp\/v2\/pages"}],"about":[{"href":"https:\/\/haskurt.com\/40\/wp-json\/wp\/v2\/types\/page"}],"author":[{"embeddable":true,"href":"https:\/\/haskurt.com\/40\/wp-json\/wp\/v2\/users\/1"}],"replies":[{"embeddable":true,"href":"https:\/\/haskurt.com\/40\/wp-json\/wp\/v2\/comments?post=227"}],"version-history":[{"count":5,"href":"https:\/\/haskurt.com\/40\/wp-json\/wp\/v2\/pages\/227\/revisions"}],"predecessor-version":[{"id":1855,"href":"https:\/\/haskurt.com\/40\/wp-json\/wp\/v2\/pages\/227\/revisions\/1855"}],"wp:attachment":[{"href":"https:\/\/haskurt.com\/40\/wp-json\/wp\/v2\/media?parent=227"}],"curies":[{"name":"wp","href":"https:\/\/api.w.org\/{rel}","templated":true}]}}