{"id":201,"date":"2024-07-14T19:04:19","date_gmt":"2024-07-14T19:04:19","guid":{"rendered":"https:\/\/haskurt.com\/40\/?page_id=201"},"modified":"2026-01-29T15:26:09","modified_gmt":"2026-01-29T15:26:09","slug":"ak-hun-imparatorlugu","status":"publish","type":"page","link":"https:\/\/haskurt.com\/40\/ak-hun-imparatorlugu\/","title":{"rendered":"Ak Hun \u0130mparatorlu\u011fu"},"content":{"rendered":"<h1 class=\"wp-block-heading has-text-align-center has-white-color has-text-color has-background\" style=\"background-color: #34495e; font-size: 0px; font-style: normal; font-weight: bold; text-align: center;\" align=\"center\"><strong><img decoding=\"async\" class=\"alignnone\" src=\"https:\/\/haskurt.com\/40\/wp-content\/uploads\/2024\/07\/Bayrak03.gif\" alt=\"This image has an empty alt attribute; its file name is Bayrak03.gif\" \/>\u00a0 \u00a0 <code><span style=\"color: #ffffff; font-family: Arial Black; font-size: x-large;\">\u00a0 \u00a0Ak Hun \u0130mparatorlu\u011fu\u00a0 \u00a0<\/span><\/code><code><\/code><code><img decoding=\"async\" src=\"https:\/\/haskurt.com\/40\/wp-content\/uploads\/2024\/07\/hurgokbayrak.gif\" alt=\"This image has an empty alt attribute; its file name is kirsehir03.gif\" \/><\/code><\/strong><code><\/code><\/h1>\n\n\n<figure class=\"wp-block-image size-full is-resized\"><img loading=\"lazy\" decoding=\"async\" width=\"600\" height=\"450\" src=\"https:\/\/haskurt.com\/40\/wp-content\/uploads\/2024\/07\/Ak-Hun-Haritasi.jpg\" alt=\"\" class=\"wp-image-202\" style=\"width:1121px;height:auto\" srcset=\"https:\/\/haskurt.com\/40\/wp-content\/uploads\/2024\/07\/Ak-Hun-Haritasi.jpg 600w, https:\/\/haskurt.com\/40\/wp-content\/uploads\/2024\/07\/Ak-Hun-Haritasi-300x225.jpg 300w\" sizes=\"auto, (max-width: 600px) 100vw, 600px\" \/><\/figure>\n\n\n\n<p>Kurulu\u015f Tarihi: 420<br>Y\u0131k\u0131l\u0131\u015f Tarihi: 562<br>Kurucusu: Aksuvar<br>Ba\u015fkenti: Belh<br>Dili: Hun T\u00fcrk\u00e7esi<br>Devlet Ba\u015fkan\u0131: Hakan<\/p>\n\n\n\n<figure class=\"wp-block-image size-full is-resized\"><img loading=\"lazy\" decoding=\"async\" width=\"600\" height=\"450\" src=\"https:\/\/haskurt.com\/40\/wp-content\/uploads\/2024\/07\/Ak-Hun-Bayragi.jpg\" alt=\"\" class=\"wp-image-203\" style=\"width:1121px;height:auto\" srcset=\"https:\/\/haskurt.com\/40\/wp-content\/uploads\/2024\/07\/Ak-Hun-Bayragi.jpg 600w, https:\/\/haskurt.com\/40\/wp-content\/uploads\/2024\/07\/Ak-Hun-Bayragi-300x225.jpg 300w\" sizes=\"auto, (max-width: 600px) 100vw, 600px\" \/><\/figure>\n\n\n\n<p>B\u00fcy\u00fck Hun \u0130mparatorlu\u011fu\u2019nun da\u011f\u0131lmas\u0131 \u00fczerine, Hunlar\u0131n b\u00fcy\u00fck bir k\u0131sm\u0131 Volga \u0131rma\u011f\u0131 \u00fczerinden Bat\u0131\u2019ya do\u011fru g\u00f6\u00e7 ederken, bir b\u00f6l\u00fcm\u00fc de G\u00fcneye do\u011fru inmi\u015ftir. G\u00fcneye inen Hunlar daha sonralar\u0131 Ak Hun \u0130mparatorlu\u011fu\u2019nu kurmu\u015flard\u0131r. Ortado\u011fu Hunlar\u0131 da denen Ak Hunlar, bir y\u00fczy\u0131ldan fazla bir s\u00fcre Horasan, Pencap, Afganistan, Hindistan, Harezm, \u0130ran ve Do\u011fu T\u00fcrkistan b\u00f6lgelerinde egemen olmu\u015flar ve imparatorluklar\u0131n\u0131 s\u00fcrd\u00fcrm\u00fc\u015flerdir.<\/p>\n\n\n\n<p>\u00d6zellikle \u00c7in kaynaklar\u0131nda Ak Hunlar hakk\u0131nda geni\u015f bilgi vard\u0131r. Bir s\u00fcre T\u00fcrkistan\u2019a egemen olduklar\u0131 i\u00e7in \u00c7inlilerle zaman zaman kar\u015f\u0131la\u015fm\u0131\u015flard\u0131r. \u00c7in kaynaklar\u0131n\u0131n yan\u0131 s\u0131ra eski \u0130ran, Latin ve Bizans kaynaklar\u0131nda da Ak Hunlar hakk\u0131nda bilgilere rastlanmaktad\u0131r. Bat\u0131 Hun \u0130mparatorlu\u011fu\u2019nun kurulu\u015f d\u00f6neminde Ak Hunlar da Afganistan ve Kuzey Hindistan\u2019da kendi imparatorluklar\u0131n\u0131 kurmaya \u00e7al\u0131\u015f\u0131yorlard\u0131. Ak Hunlar\u0131n o devirde \u0130ran\u2019a egemen olan Sasanilerle \u00e7ok yak\u0131n ili\u015fkileri ve sava\u015flar\u0131 olmu\u015ftur. \u0130slam kaynaklar\u0131nda da Sasani devleti ile ilgili b\u00f6l\u00fcmlerde dolayl\u0131 bi\u00e7imlerde Ak Hunlar devleti ile ilgili bilgiler verilmektedir. Son zamanlarda Hindistan\u2019da yap\u0131lan tarih \u00e7al\u0131\u015fmalar\u0131nda da Ak Hunlar ve genel olarak Hunlar hakk\u0131nda geni\u015f b\u00f6l\u00fcmlere rastlanmaktad\u0131r.<\/p>\n\n\n\n<p>Ak Hunlarla ilgili arkeolojik buluntular \u00e7ok azd\u0131r. Ama tarihleriyle ilgili bilgi sa\u011flayan \u00f6\u011feler aras\u0131nda para ve kitabeler \u00f6n s\u0131rada yer al\u0131r. Para ve kitabelerin \u00e7o\u011fu Do\u011fu \u0130ran ve Afganistan y\u00f6relerinde ele ge\u00e7mi\u015ftir. Bunlar\u0131n b\u00fcy\u00fck bir b\u00f6l\u00fcm\u00fc Toraman ve Mihrakula d\u00f6nemleri ile ilgilidir. Ak Hun paralar\u0131 \u00fczerinde yap\u0131lan \u00e7e\u015fitli ara\u015ft\u0131rmalar sonucunda bunlar\u0131n atl\u0131, b\u00fcst ve yar\u0131 drahmi tipi olarak \u00fc\u00e7 t\u00fcre ayr\u0131ld\u0131\u011f\u0131 anla\u015f\u0131lm\u0131\u015ft\u0131r. Ak Hun devleti i\u00e7inde baz\u0131 Mo\u011follar ve \u0130ranl\u0131lar da ya\u015fam\u0131\u015flard\u0131r. \u0130mparatorlu\u011fun egemen \u00f6\u011fesi ve toplumun \u00e7o\u011funlu\u011fu ise Hunlar\u2019dan gelme T\u00fcrklerdi. Ak Hun \u0130mparatorlu\u011funun di\u011fer bir merkezi de Kunduz\u2019da bulunan Huo kenti idi. Gor\u2019dan sonra bu kent de \u00f6nemli bir merkez durumuna gelmi\u015ftir. Huo da Toharistan b\u00f6lgesinde yer al\u0131yordu. Toharistan, Belh kentinin do\u011fusuna d\u00fc\u015fen Ceyhun \u0131rma\u011f\u0131n\u0131n g\u00fcneyindeki Hulm, Kunduz, Iskam\u0131\u015f, Talakan-Simigan, Ba\u011flan gibi yerleri i\u00e7ine alan b\u00f6lge olarak bilinmektedir. T\u00fcrk\u00e7e kaynaklarda bu b\u00f6lgeye Tukri veya Tukharistan ad\u0131 da verilmektedir. Ak Hunlar\u0131n en son ve en b\u00fcy\u00fck merkezleri, Bedah\u015fan\u2019\u0131n bat\u0131s\u0131nda Himatala idi. Bu b\u00f6lge da\u011flar\u0131 ve \u0131rmaklar\u0131yla \u00e7ok verimli bir yerdi. Himatala, karl\u0131 da\u011f\u0131n ete\u011finde ya\u015fayanlar anlam\u0131na geliyordu.<\/p>\n\n\n<h1 class=\"wp-block-heading has-text-align-center has-white-color has-text-color has-background\" style=\"background-color: #34495e; font-size: 0px; font-style: normal; font-weight: bold; text-align: center;\" align=\"center\"><strong><img decoding=\"async\" class=\"alignnone\" src=\"https:\/\/haskurt.com\/40\/wp-content\/uploads\/2024\/07\/Bayrak03.gif\" alt=\"This image has an empty alt attribute; its file name is Bayrak03.gif\" \/>\u00a0 \u00a0 <code><span style=\"color: #ffffff; font-family: Arial Black; font-size: x-large;\">\u00a0 \ud83d\udc3a HasKurt \ud83d\udc3a  \u00a0<\/span><\/code><code><\/code><code><img decoding=\"async\" src=\"https:\/\/haskurt.com\/40\/wp-content\/uploads\/2024\/07\/Bayrak03.gif\" alt=\"This image has an empty alt attribute; its file name is kirsehir03.gif\" \/><\/code><\/strong><code><\/code><\/h1>\n\n\n<head>\n<meta http-equiv=\"Content-Type\" content=\"text\/html; charset=windows-1254\">\n<meta http-equiv=\"Content-Language\" content=\"tr\">\n<\/head>\n\n<table border=\"0\" width=\"100%\" cellspacing=\"0\" cellpadding=\"0\">\n\t<tr>\n\t\t<td>\n\t\t<p align=\"center\">\n\t\t<img loading=\"lazy\" decoding=\"async\" border=\"0\" src=\"https:\/\/haskurt.com\/40\/wp-content\/uploads\/2024\/07\/HasKurt2005A.gif\" width=\"200\" height=\"120\"><\/td>\n\t\t<td>\n\t\t<p align=\"center\">\n\t\t<img loading=\"lazy\" decoding=\"async\" border=\"0\" src=\"https:\/\/haskurt.com\/40\/wp-content\/uploads\/2024\/07\/OsmanliImparatorlugu_1882\u20131922.svg_.png\" width=\"120\" height=\"120\"><\/td>\n\t\t<td>\n\t\t<p align=\"center\">\n\t\t<img loading=\"lazy\" decoding=\"async\" border=\"0\" src=\"https:\/\/haskurt.com\/40\/wp-content\/uploads\/2024\/07\/Bayrak03.gif\" width=\"163\" height=\"120\"><\/td>\n\t\t<td>\n\t\t<p align=\"center\">\n\t\t<img loading=\"lazy\" decoding=\"async\" border=\"0\" src=\"https:\/\/haskurt.com\/40\/wp-content\/uploads\/2024\/07\/HasKurt2014A.gif\" width=\"200\" height=\"120\"><\/td>\n\t<\/tr>\n<\/table>\n<table border=\"0\" width=\"100%\" cellspacing=\"0\" cellpadding=\"0\">\n\t<tr>\n\t\t<td>\n\t\t<p align=\"center\">\n\t\t<img decoding=\"async\" border=\"0\" src=\"https:\/\/haskurt.com\/40\/wp-content\/uploads\/2024\/07\/100YilTurkiye.png\" width=\"100%\" height=\"60\"><\/td>\n\t<\/tr>\n\t<tr>\n\t\t<td>\n\t\t<p align=\"center\">\n\t\t&nbsp;<\/td>\n\t<\/tr>\n<\/table>\n<table border=\"0\" width=\"100%\" cellspacing=\"0\" cellpadding=\"0\">\n\t<tr>\n\t\t<td>\n\t\t<p align=\"center\">\n\t\t<img loading=\"lazy\" decoding=\"async\" border=\"0\" src=\"https:\/\/haskurt.com\/40\/wp-content\/uploads\/2024\/07\/Bayrak03.gif\" width=\"68\" height=\"50\"><\/td>\n\t\t<td>\n\t\t<p align=\"center\">\n\t\t<img loading=\"lazy\" decoding=\"async\" border=\"0\" src=\"https:\/\/haskurt.com\/40\/wp-content\/uploads\/2024\/07\/hurgokbayrak.gif\" width=\"68\" height=\"50\"><\/td>\n\t\t<td>\n\t\t<p align=\"center\">\n\t\t<img loading=\"lazy\" decoding=\"async\" border=\"0\" src=\"https:\/\/haskurt.com\/40\/wp-content\/uploads\/2024\/08\/01AzerbaycanA.gif\" width=\"68\" height=\"50\"><\/td>\n\t\t<td>\n\t\t<p align=\"center\">\n\t\t<img loading=\"lazy\" decoding=\"async\" border=\"0\" src=\"https:\/\/haskurt.com\/40\/wp-content\/uploads\/2024\/07\/HasKurt.gif\" width=\"90\" height=\"86\"><\/td>\n\t\t<td>\n\t\t<p align=\"center\">\n\t\t<font face=\"Arial Black\" size=\"2\" style=\"box-sizing: border-box; color: rgb(32, 32, 32); font-size: 21.98px; font-style: normal; font-variant-ligatures: normal; font-variant-caps: normal; font-weight: 400; letter-spacing: normal; orphans: 2; text-align: left; text-indent: 0px; text-transform: none; widows: 2; word-spacing: 0px; -webkit-text-stroke-width: 0px; white-space: normal; text-decoration-thickness: initial; text-decoration-style: initial; text-decoration-color: initial; margin: 0px; padding: 0px\">\n\t\te \u2013 Posta<span lang=\"nl\" style=\"box-sizing: border-box; margin: 0px; padding: 0px;\">:<\/span><\/font><font color=\"#0000FF\" face=\"Arial Black\" style=\"box-sizing: border-box; margin: 0px; padding: 0px; font-size: 21.98px; font-style: normal; font-variant-ligatures: normal; font-variant-caps: normal; font-weight: 400; letter-spacing: normal; orphans: 2; text-align: left; text-indent: 0px; text-transform: none; widows: 2; word-spacing: 0px; -webkit-text-stroke-width: 0px; white-space: normal; text-decoration-thickness: initial; text-decoration-style: initial; text-decoration-color: initial;\"><span lang=\"nl\" style=\"box-sizing: border-box; margin: 0px; padding: 0px;\"><font face=\"Arial Black\" size=\"2\" style=\"box-sizing: border-box; margin: 0px; padding: 0px;\">&nbsp;&nbsp; <\/font><\/span><i style=\"box-sizing: border-box; margin: 0px; padding: 0px;\"><font face=\"Times New Roman\" style=\"box-sizing: border-box; margin: 0px; padding: 0px;\"><u style=\"box-sizing: border-box; margin: 0px; padding: 0px;\"><a style=\"box-sizing: border-box; text-decoration: none; font-size: 22px; font-family: Arial Black; font-weight: 700; font-style: normal; text-shadow: none; text-align: left; margin: 0px; padding: 0px; background-color: transparent\" href=\"mailto:haskurt@hotmail.com\">HasKurt \n\t\t\u00d6zKurt<\/a><\/u><\/font><\/i><\/font><p align=\"center\">\n\t\t<font face=\"Arial Black\" style=\"box-sizing: border-box; margin: 0px; padding: 0px; color: rgb(0, 0, 255); font-family: &quot;Arial Black&quot;; font-size: 21.98px; font-style: normal; font-variant-ligatures: normal; font-variant-caps: normal; font-weight: 400; letter-spacing: normal; orphans: 2; text-align: left; text-indent: 0px; text-transform: none; widows: 2; word-spacing: 0px; -webkit-text-stroke-width: 0px; white-space: normal; text-decoration-thickness: initial; text-decoration-style: initial; text-decoration-color: initial;\">\n\t\t<font size=\"2\" face=\"Arial Black\" style=\"box-sizing: border-box; margin: 0px; padding: 0px;\">\n\t\tBu site<span lang=\"nl\"> <\/span><\/font>&nbsp;<font color=\"#0000FF\" face=\"Arial Black\" style=\"box-sizing: border-box; margin: 0px; padding: 0px;\"><u style=\"box-sizing: border-box; margin: 0px; padding: 0px;\"><i style=\"box-sizing: border-box; margin: 0px; padding: 0px;\"><a style=\"box-sizing: border-box; margin: 0px; padding: 0px; color: rgb(51, 103, 153); text-decoration: none; background-color: transparent; font-size: 22px; font-family: Arial; font-weight: 400; font-style: normal; text-shadow: none; text-align: left;\" href=\"mailto:haskurt@hotmail.com\">HasKurt\n\t\t<span lang=\"nl\">&nbsp;<\/span>\u00d6zKurt<\/a><\/i><\/u><\/font><\/font><u style=\"box-sizing: border-box; margin: 0px; padding: 0px; color: rgb(0, 0, 255); font-family: &quot;Arial Black&quot;; font-size: 21.98px; font-style: normal; font-variant-ligatures: normal; font-variant-caps: normal; font-weight: 400; letter-spacing: normal; orphans: 2; text-align: left; text-indent: 0px; text-transform: none; widows: 2; word-spacing: 0px; -webkit-text-stroke-width: 0px; white-space: normal;\"><font face=\"Arial Black\" size=\"2\" style=\"box-sizing: border-box; margin: 0px; padding: 0px;\"><span lang=\"nl\">&nbsp;\n\t\t<\/span>Taraf<span lang=\"ES-TRAD\" style=\"box-sizing: border-box; margin: 0px; padding: 0px;\">&#305;<\/span>ndan\n\t\t<span lang=\"nl\">&nbsp;<\/span>haz<\/font><font size=\"3\" face=\"Arial Black\" style=\"box-sizing: border-box; margin: 0px; padding: 0px;\"><span lang=\"ES-TRAD\" style=\"box-sizing: border-box; margin: 0px; padding: 0px; font-size: 10pt; font-family: &quot;Arial Black&quot;;\">&#305;<\/span><\/font><font face=\"Arial Black\" size=\"2\" style=\"box-sizing: border-box; margin: 0px; padding: 0px;\">rlanmaktad<\/font><font size=\"3\" face=\"Arial Black\" style=\"box-sizing: border-box; margin: 0px; padding: 0px;\"><span lang=\"ES-TRAD\" style=\"box-sizing: border-box; margin: 0px; padding: 0px; font-size: 10pt; font-family: &quot;Arial Black&quot;;\">&#305;<\/span><\/font><font face=\"Arial Black\" size=\"2\" style=\"box-sizing: border-box; margin: 0px; padding: 0px;\">r<\/font><\/u><\/td>\n\t\t<td>\n\t\t<p align=\"center\">\n\t\t<img loading=\"lazy\" decoding=\"async\" border=\"0\" src=\"https:\/\/haskurt.com\/40\/wp-content\/uploads\/2024\/07\/Bayrak03.gif\" width=\"68\" height=\"50\"><\/td>\n\t\t<td>\n\t\t<p align=\"center\">\n\t\t<img loading=\"lazy\" decoding=\"async\" border=\"0\" src=\"https:\/\/haskurt.com\/40\/wp-content\/uploads\/2024\/07\/hurgokbayrak.gif\" width=\"68\" height=\"50\"><\/td>\n\t\t<td>\n\t\t<p align=\"center\">\n\t\t<img loading=\"lazy\" decoding=\"async\" border=\"0\" src=\"https:\/\/haskurt.com\/40\/wp-content\/uploads\/2024\/08\/01AzerbaycanA.gif\" width=\"68\" height=\"50\"><\/td>\n\t\t<td>\n\t\t<p align=\"center\">\n\t\t<img loading=\"lazy\" decoding=\"async\" border=\"0\" src=\"https:\/\/haskurt.com\/40\/wp-content\/uploads\/2024\/07\/HasKurt.gif\" width=\"90\" height=\"86\"><\/td>\n\t<\/tr>\n<\/table>\n<\/html>\n\n\n\n<p><\/p>\n","protected":false},"excerpt":{"rendered":"<p>\u00a0 \u00a0 \u00a0 \u00a0Ak Hun \u0130mparatorlu\u011fu\u00a0 \u00a0 Kurulu\u015f Tarihi: 420Y\u0131k\u0131l\u0131\u015f Tarihi: 562Kurucusu: AksuvarBa\u015fkenti: BelhDili: Hun T\u00fcrk\u00e7esiDevlet Ba\u015fkan\u0131: Hakan B\u00fcy\u00fck Hun \u0130mparatorlu\u011fu\u2019nun da\u011f\u0131lmas\u0131 \u00fczerine, Hunlar\u0131n b\u00fcy\u00fck bir k\u0131sm\u0131 Volga \u0131rma\u011f\u0131 \u00fczerinden Bat\u0131\u2019ya do\u011fru g\u00f6\u00e7 ederken, bir b\u00f6l\u00fcm\u00fc de G\u00fcneye do\u011fru inmi\u015ftir. &hellip;<\/p>\n<p><a href=\"https:\/\/haskurt.com\/40\/ak-hun-imparatorlugu\/\">Continue Reading<span class=\"meta-nav\">&rarr;<\/span><\/a><\/p>\n","protected":false},"author":1,"featured_media":0,"parent":0,"menu_order":0,"comment_status":"closed","ping_status":"closed","template":"page-templates\/haskurt_page.php","meta":{"footnotes":""},"class_list":["post-201","page","type-page","status-publish","hentry"],"_links":{"self":[{"href":"https:\/\/haskurt.com\/40\/wp-json\/wp\/v2\/pages\/201","targetHints":{"allow":["GET"]}}],"collection":[{"href":"https:\/\/haskurt.com\/40\/wp-json\/wp\/v2\/pages"}],"about":[{"href":"https:\/\/haskurt.com\/40\/wp-json\/wp\/v2\/types\/page"}],"author":[{"embeddable":true,"href":"https:\/\/haskurt.com\/40\/wp-json\/wp\/v2\/users\/1"}],"replies":[{"embeddable":true,"href":"https:\/\/haskurt.com\/40\/wp-json\/wp\/v2\/comments?post=201"}],"version-history":[{"count":8,"href":"https:\/\/haskurt.com\/40\/wp-json\/wp\/v2\/pages\/201\/revisions"}],"predecessor-version":[{"id":1824,"href":"https:\/\/haskurt.com\/40\/wp-json\/wp\/v2\/pages\/201\/revisions\/1824"}],"wp:attachment":[{"href":"https:\/\/haskurt.com\/40\/wp-json\/wp\/v2\/media?parent=201"}],"curies":[{"name":"wp","href":"https:\/\/api.w.org\/{rel}","templated":true}]}}