{"id":197,"date":"2024-07-14T18:59:01","date_gmt":"2024-07-14T18:59:01","guid":{"rendered":"https:\/\/haskurt.com\/40\/?page_id=197"},"modified":"2026-01-29T15:41:07","modified_gmt":"2026-01-29T15:41:07","slug":"avrupa-hun","status":"publish","type":"page","link":"https:\/\/haskurt.com\/40\/avrupa-hun\/","title":{"rendered":"Avrupa Hun"},"content":{"rendered":"<h1 class=\"wp-block-heading has-text-align-center has-white-color has-text-color has-background\" style=\"background-color: #34495e; font-size: 0px; font-style: normal; font-weight: bold; text-align: center;\" align=\"center\"><strong><img decoding=\"async\" class=\"alignnone\" src=\"https:\/\/haskurt.com\/40\/wp-content\/uploads\/2024\/07\/Bayrak03.gif\" alt=\"This image has an empty alt attribute; its file name is Bayrak03.gif\" \/>\u00a0 \u00a0 <code><span style=\"color: #ffffff; font-family: Arial Black; font-size: x-large;\">\u00a0 \u00a0Avrupa Hun\u00a0 \u00a0<\/span><\/code><code><\/code><code><img decoding=\"async\" src=\"https:\/\/haskurt.com\/40\/wp-content\/uploads\/2024\/07\/hurgokbayrak.gif\" alt=\"This image has an empty alt attribute; its file name is kirsehir03.gif\" \/><\/code><\/strong><code><\/code><\/h1>\n\n\n<figure class=\"wp-block-image size-full is-resized\"><img loading=\"lazy\" decoding=\"async\" width=\"600\" height=\"450\" src=\"https:\/\/haskurt.com\/40\/wp-content\/uploads\/2024\/07\/Avrupa-Hun-Haritasi.jpg\" alt=\"\" class=\"wp-image-198\" style=\"width:1121px;height:auto\" srcset=\"https:\/\/haskurt.com\/40\/wp-content\/uploads\/2024\/07\/Avrupa-Hun-Haritasi.jpg 600w, https:\/\/haskurt.com\/40\/wp-content\/uploads\/2024\/07\/Avrupa-Hun-Haritasi-300x225.jpg 300w\" sizes=\"auto, (max-width: 600px) 100vw, 600px\" \/><\/figure>\n\n\n\n<h2 class=\"wp-block-heading has-medium-font-size\">Avrupa\u2019da kurulan ilk devlet olan&nbsp;Avrupa Hun Devleti, kavimler g\u00f6\u00e7\u00fc sonras\u0131 Orta Avrupa\u2019ya yerle\u015fen g\u00fc\u00e7l\u00fc bir devlet olarak \u00f6n plana \u00e7\u0131kmaktad\u0131r. Bir\u00e7ok sava\u015f ve h\u00fck\u00fcmdarl\u0131\u011fa \u015fahitlik eden bu imparatorluk, T\u00fcrk tarihi bak\u0131m\u0131ndan b\u00fcy\u00fck \u00f6nem arz etmektedir. Avrupa hun devleti ile alakal\u0131 pek \u00e7ok detay bulunmakla birlikte o d\u00f6nem ya\u015fanm\u0131\u015f t\u00fcm \u00f6nemli geli\u015fmeler \u00f6zellikle tarih sevenlerin ilgisini \u00e7ekmektedir. Peki, merak konusu olan Avrupa Hun Devleti kurucusu kimdir?&nbsp;<\/h2>\n\n\n\n<p>Ba\u015fta Balkan seferleri olmak \u00fczere tarihte \u00f6nemli ba\u015far\u0131lara imza atan Avrupa Hun devleti d\u00f6nemlerine g\u00f6re sava\u015f taktikleri, geli\u015fmi\u015f silah ve donan\u0131mlar\u0131 ile Do\u011fu Avrupa&#8217;n\u0131n b\u00fcy\u00fck bir b\u00f6l\u00fcm\u00fcn\u00fc i\u015fgal etmi\u015flerdir. Balamir \u00d6nderli\u011finde IV. Y\u00fczy\u0131l\u0131n\u0131n sonlar\u0131na do\u011fru bat\u0131ya g\u00f6\u00e7 eden Hunlar, kavimler g\u00f6\u00e7\u00fcne sebep olmu\u015flard\u0131r. Hunlar\u0131n bir k\u0131sm\u0131 Do\u011fu Anadolu&#8217;ya bir k\u0131sm\u0131 ise Karpat da\u011flar\u0131n\u0131 a\u015f\u0131p Macaristan&#8217;a y\u00f6nelerek Avrupa Hun \u0130mparatorlu\u011funu kurdu.<\/p>\n\n\n\n<figure class=\"wp-block-image size-full is-resized\"><img loading=\"lazy\" decoding=\"async\" width=\"600\" height=\"450\" src=\"https:\/\/haskurt.com\/40\/wp-content\/uploads\/2024\/07\/Avrupa-Hun-Bayragi.jpg\" alt=\"\" class=\"wp-image-199\" style=\"width:1121px;height:auto\" srcset=\"https:\/\/haskurt.com\/40\/wp-content\/uploads\/2024\/07\/Avrupa-Hun-Bayragi.jpg 600w, https:\/\/haskurt.com\/40\/wp-content\/uploads\/2024\/07\/Avrupa-Hun-Bayragi-300x225.jpg 300w\" sizes=\"auto, (max-width: 600px) 100vw, 600px\" \/><\/figure>\n\n\n\n<figure class=\"wp-block-image\"><img decoding=\"async\" src=\"https:\/\/haskurt.com\/40\/wp-content\/uploads\/2024\/07\/cropped-Bozkurt_03.jpg\" alt=\"Site Icon\"\/><\/figure>\n\n\n\n<p class=\"has-text-color has-link-color has-large-font-size wp-elements-a51d1e2632552acff070dd479ba765ab\" style=\"color:#ff0000\"><strong>AVRUPA HUN DEVLET\u0130 KURUCUSU K\u0130MD\u0130R?<\/strong> <\/p>\n\n\n\n<p>Avrupa Hun Devleti kurucusu Balamir&#8217;dir. Balamir&#8217;in ard\u0131ndan Hunlar\u0131n ba\u015f\u0131na Uld\u0131z ge\u00e7mi\u015ftir. \u0130lk kez Hun ak\u0131nlar\u0131 bu d\u00f6nemde yap\u0131lm\u0131\u015ft\u0131r. Uld\u0131z&#8217;dan sonra ise Hunlar\u0131n ba\u015f\u0131na Rua, Attila ve Karaton gibi pek \u00e7ok h\u00fck\u00fcmdar ge\u00e7mi\u015ftir. Bu h\u00fck\u00fcmdarlardan baz\u0131lar\u0131 olduk\u00e7a \u00f6nemli sava\u015flar ve zaferler ile birlikte imparatorlu\u011fun daha da geni\u015f bir b\u00f6lgeye yay\u0131lmas\u0131nda \u00f6nemli rollere sahiptir. \u0130\u015fte Avrupa hun devleti kurucular\u0131\u2026<\/p>\n\n\n<h1 class=\"wp-block-heading has-text-align-center has-white-color has-text-color has-background\" style=\"background-color: #34495e; font-size: 0px; font-style: normal; font-weight: bold; text-align: center;\" align=\"center\"><strong><img decoding=\"async\" class=\"alignnone\" src=\"https:\/\/haskurt.com\/40\/wp-content\/uploads\/2024\/07\/Bayrak03.gif\" alt=\"This image has an empty alt attribute; its file name is Bayrak03.gif\" \/>\u00a0 \u00a0 <code><span style=\"color: #ffffff; font-family: Arial Black; font-size: x-large;\">\u00a0 \ud83d\udc3a HasKurt \ud83d\udc3a  \u00a0<\/span><\/code><code><\/code><code><img decoding=\"async\" src=\"https:\/\/haskurt.com\/40\/wp-content\/uploads\/2024\/07\/Bayrak03.gif\" alt=\"This image has an empty alt attribute; its file name is kirsehir03.gif\" \/><\/code><\/strong><code><\/code><\/h1>\n\n\n<head>\n<meta http-equiv=\"Content-Type\" content=\"text\/html; charset=windows-1254\">\n<meta http-equiv=\"Content-Language\" content=\"tr\">\n<\/head>\n\n<table border=\"0\" width=\"100%\" cellspacing=\"0\" cellpadding=\"0\">\n\t<tr>\n\t\t<td>\n\t\t<p align=\"center\">\n\t\t<img loading=\"lazy\" decoding=\"async\" border=\"0\" src=\"https:\/\/haskurt.com\/40\/wp-content\/uploads\/2024\/07\/HasKurt2005A.gif\" width=\"200\" height=\"120\"><\/td>\n\t\t<td>\n\t\t<p align=\"center\">\n\t\t<img loading=\"lazy\" decoding=\"async\" border=\"0\" src=\"https:\/\/haskurt.com\/40\/wp-content\/uploads\/2024\/07\/OsmanliImparatorlugu_1882\u20131922.svg_.png\" width=\"120\" height=\"120\"><\/td>\n\t\t<td>\n\t\t<p align=\"center\">\n\t\t<img loading=\"lazy\" decoding=\"async\" border=\"0\" src=\"https:\/\/haskurt.com\/40\/wp-content\/uploads\/2024\/07\/Bayrak03.gif\" width=\"163\" height=\"120\"><\/td>\n\t\t<td>\n\t\t<p align=\"center\">\n\t\t<img loading=\"lazy\" decoding=\"async\" border=\"0\" src=\"https:\/\/haskurt.com\/40\/wp-content\/uploads\/2024\/07\/HasKurt2014A.gif\" width=\"200\" height=\"120\"><\/td>\n\t<\/tr>\n<\/table>\n<table border=\"0\" width=\"100%\" cellspacing=\"0\" cellpadding=\"0\">\n\t<tr>\n\t\t<td>\n\t\t<p align=\"center\">\n\t\t<img decoding=\"async\" border=\"0\" src=\"https:\/\/haskurt.com\/40\/wp-content\/uploads\/2024\/07\/100YilTurkiye.png\" width=\"100%\" height=\"60\"><\/td>\n\t<\/tr>\n\t<tr>\n\t\t<td>\n\t\t<p align=\"center\">\n\t\t&nbsp;<\/td>\n\t<\/tr>\n<\/table>\n<table border=\"0\" width=\"100%\" cellspacing=\"0\" cellpadding=\"0\">\n\t<tr>\n\t\t<td>\n\t\t<p align=\"center\">\n\t\t<img loading=\"lazy\" decoding=\"async\" border=\"0\" src=\"https:\/\/haskurt.com\/40\/wp-content\/uploads\/2024\/07\/Bayrak03.gif\" width=\"68\" height=\"50\"><\/td>\n\t\t<td>\n\t\t<p align=\"center\">\n\t\t<img loading=\"lazy\" decoding=\"async\" border=\"0\" src=\"https:\/\/haskurt.com\/40\/wp-content\/uploads\/2024\/07\/hurgokbayrak.gif\" width=\"68\" height=\"50\"><\/td>\n\t\t<td>\n\t\t<p align=\"center\">\n\t\t<img loading=\"lazy\" decoding=\"async\" border=\"0\" src=\"https:\/\/haskurt.com\/40\/wp-content\/uploads\/2024\/08\/01AzerbaycanA.gif\" width=\"68\" height=\"50\"><\/td>\n\t\t<td>\n\t\t<p align=\"center\">\n\t\t<img loading=\"lazy\" decoding=\"async\" border=\"0\" src=\"https:\/\/haskurt.com\/40\/wp-content\/uploads\/2024\/07\/HasKurt.gif\" width=\"90\" height=\"86\"><\/td>\n\t\t<td>\n\t\t<p align=\"center\">\n\t\t<font face=\"Arial Black\" size=\"2\" style=\"box-sizing: border-box; color: rgb(32, 32, 32); font-size: 21.98px; font-style: normal; font-variant-ligatures: normal; font-variant-caps: normal; font-weight: 400; letter-spacing: normal; orphans: 2; text-align: left; text-indent: 0px; text-transform: none; widows: 2; word-spacing: 0px; -webkit-text-stroke-width: 0px; white-space: normal; text-decoration-thickness: initial; text-decoration-style: initial; text-decoration-color: initial; margin: 0px; padding: 0px\">\n\t\te \u2013 Posta<span lang=\"nl\" style=\"box-sizing: border-box; margin: 0px; padding: 0px;\">:<\/span><\/font><font color=\"#0000FF\" face=\"Arial Black\" style=\"box-sizing: border-box; margin: 0px; padding: 0px; font-size: 21.98px; font-style: normal; font-variant-ligatures: normal; font-variant-caps: normal; font-weight: 400; letter-spacing: normal; orphans: 2; text-align: left; text-indent: 0px; text-transform: none; widows: 2; word-spacing: 0px; -webkit-text-stroke-width: 0px; white-space: normal; text-decoration-thickness: initial; text-decoration-style: initial; text-decoration-color: initial;\"><span lang=\"nl\" style=\"box-sizing: border-box; margin: 0px; padding: 0px;\"><font face=\"Arial Black\" size=\"2\" style=\"box-sizing: border-box; margin: 0px; padding: 0px;\">&nbsp;&nbsp; <\/font><\/span><i style=\"box-sizing: border-box; margin: 0px; padding: 0px;\"><font face=\"Times New Roman\" style=\"box-sizing: border-box; margin: 0px; padding: 0px;\"><u style=\"box-sizing: border-box; margin: 0px; padding: 0px;\"><a style=\"box-sizing: border-box; text-decoration: none; font-size: 22px; font-family: Arial Black; font-weight: 700; font-style: normal; text-shadow: none; text-align: left; margin: 0px; padding: 0px; background-color: transparent\" href=\"mailto:haskurt@hotmail.com\">HasKurt \n\t\t\u00d6zKurt<\/a><\/u><\/font><\/i><\/font><p align=\"center\">\n\t\t<font face=\"Arial Black\" style=\"box-sizing: border-box; margin: 0px; padding: 0px; color: rgb(0, 0, 255); font-family: &quot;Arial Black&quot;; font-size: 21.98px; font-style: normal; font-variant-ligatures: normal; font-variant-caps: normal; font-weight: 400; letter-spacing: normal; orphans: 2; text-align: left; text-indent: 0px; text-transform: none; widows: 2; word-spacing: 0px; -webkit-text-stroke-width: 0px; white-space: normal; text-decoration-thickness: initial; text-decoration-style: initial; text-decoration-color: initial;\">\n\t\t<font size=\"2\" face=\"Arial Black\" style=\"box-sizing: border-box; margin: 0px; padding: 0px;\">\n\t\tBu site<span lang=\"nl\"> <\/span><\/font>&nbsp;<font color=\"#0000FF\" face=\"Arial Black\" style=\"box-sizing: border-box; margin: 0px; padding: 0px;\"><u style=\"box-sizing: border-box; margin: 0px; padding: 0px;\"><i style=\"box-sizing: border-box; margin: 0px; padding: 0px;\"><a style=\"box-sizing: border-box; margin: 0px; padding: 0px; color: rgb(51, 103, 153); text-decoration: none; background-color: transparent; font-size: 22px; font-family: Arial; font-weight: 400; font-style: normal; text-shadow: none; text-align: left;\" href=\"mailto:haskurt@hotmail.com\">HasKurt\n\t\t<span lang=\"nl\">&nbsp;<\/span>\u00d6zKurt<\/a><\/i><\/u><\/font><\/font><u style=\"box-sizing: border-box; margin: 0px; padding: 0px; color: rgb(0, 0, 255); font-family: &quot;Arial Black&quot;; font-size: 21.98px; font-style: normal; font-variant-ligatures: normal; font-variant-caps: normal; font-weight: 400; letter-spacing: normal; orphans: 2; text-align: left; text-indent: 0px; text-transform: none; widows: 2; word-spacing: 0px; -webkit-text-stroke-width: 0px; white-space: normal;\"><font face=\"Arial Black\" size=\"2\" style=\"box-sizing: border-box; margin: 0px; padding: 0px;\"><span lang=\"nl\">&nbsp;\n\t\t<\/span>Taraf<span lang=\"ES-TRAD\" style=\"box-sizing: border-box; margin: 0px; padding: 0px;\">&#305;<\/span>ndan\n\t\t<span lang=\"nl\">&nbsp;<\/span>haz<\/font><font size=\"3\" face=\"Arial Black\" style=\"box-sizing: border-box; margin: 0px; padding: 0px;\"><span lang=\"ES-TRAD\" style=\"box-sizing: border-box; margin: 0px; padding: 0px; font-size: 10pt; font-family: &quot;Arial Black&quot;;\">&#305;<\/span><\/font><font face=\"Arial Black\" size=\"2\" style=\"box-sizing: border-box; margin: 0px; padding: 0px;\">rlanmaktad<\/font><font size=\"3\" face=\"Arial Black\" style=\"box-sizing: border-box; margin: 0px; padding: 0px;\"><span lang=\"ES-TRAD\" style=\"box-sizing: border-box; margin: 0px; padding: 0px; font-size: 10pt; font-family: &quot;Arial Black&quot;;\">&#305;<\/span><\/font><font face=\"Arial Black\" size=\"2\" style=\"box-sizing: border-box; margin: 0px; padding: 0px;\">r<\/font><\/u><\/td>\n\t\t<td>\n\t\t<p align=\"center\">\n\t\t<img loading=\"lazy\" decoding=\"async\" border=\"0\" src=\"https:\/\/haskurt.com\/40\/wp-content\/uploads\/2024\/07\/Bayrak03.gif\" width=\"68\" height=\"50\"><\/td>\n\t\t<td>\n\t\t<p align=\"center\">\n\t\t<img loading=\"lazy\" decoding=\"async\" border=\"0\" src=\"https:\/\/haskurt.com\/40\/wp-content\/uploads\/2024\/07\/hurgokbayrak.gif\" width=\"68\" height=\"50\"><\/td>\n\t\t<td>\n\t\t<p align=\"center\">\n\t\t<img loading=\"lazy\" decoding=\"async\" border=\"0\" src=\"https:\/\/haskurt.com\/40\/wp-content\/uploads\/2024\/08\/01AzerbaycanA.gif\" width=\"68\" height=\"50\"><\/td>\n\t\t<td>\n\t\t<p align=\"center\">\n\t\t<img loading=\"lazy\" decoding=\"async\" border=\"0\" src=\"https:\/\/haskurt.com\/40\/wp-content\/uploads\/2024\/07\/HasKurt.gif\" width=\"90\" height=\"86\"><\/td>\n\t<\/tr>\n<\/table>\n<\/html>\n","protected":false},"excerpt":{"rendered":"<p>\u00a0 \u00a0 \u00a0 \u00a0Avrupa Hun\u00a0 \u00a0 Avrupa\u2019da kurulan ilk devlet olan&nbsp;Avrupa Hun Devleti, kavimler g\u00f6\u00e7\u00fc sonras\u0131 Orta Avrupa\u2019ya yerle\u015fen g\u00fc\u00e7l\u00fc bir devlet olarak \u00f6n plana \u00e7\u0131kmaktad\u0131r. Bir\u00e7ok sava\u015f ve h\u00fck\u00fcmdarl\u0131\u011fa \u015fahitlik eden bu imparatorluk, T\u00fcrk tarihi bak\u0131m\u0131ndan b\u00fcy\u00fck \u00f6nem arz &hellip;<\/p>\n<p><a href=\"https:\/\/haskurt.com\/40\/avrupa-hun\/\">Continue Reading<span class=\"meta-nav\">&rarr;<\/span><\/a><\/p>\n","protected":false},"author":1,"featured_media":0,"parent":0,"menu_order":0,"comment_status":"closed","ping_status":"closed","template":"page-templates\/haskurt_page.php","meta":{"footnotes":""},"class_list":["post-197","page","type-page","status-publish","hentry"],"_links":{"self":[{"href":"https:\/\/haskurt.com\/40\/wp-json\/wp\/v2\/pages\/197","targetHints":{"allow":["GET"]}}],"collection":[{"href":"https:\/\/haskurt.com\/40\/wp-json\/wp\/v2\/pages"}],"about":[{"href":"https:\/\/haskurt.com\/40\/wp-json\/wp\/v2\/types\/page"}],"author":[{"embeddable":true,"href":"https:\/\/haskurt.com\/40\/wp-json\/wp\/v2\/users\/1"}],"replies":[{"embeddable":true,"href":"https:\/\/haskurt.com\/40\/wp-json\/wp\/v2\/comments?post=197"}],"version-history":[{"count":6,"href":"https:\/\/haskurt.com\/40\/wp-json\/wp\/v2\/pages\/197\/revisions"}],"predecessor-version":[{"id":1839,"href":"https:\/\/haskurt.com\/40\/wp-json\/wp\/v2\/pages\/197\/revisions\/1839"}],"wp:attachment":[{"href":"https:\/\/haskurt.com\/40\/wp-json\/wp\/v2\/media?parent=197"}],"curies":[{"name":"wp","href":"https:\/\/api.w.org\/{rel}","templated":true}]}}