{"id":192,"date":"2024-07-14T18:53:23","date_gmt":"2024-07-14T18:53:23","guid":{"rendered":"https:\/\/haskurt.com\/40\/?page_id=192"},"modified":"2026-01-29T15:48:48","modified_gmt":"2026-01-29T15:48:48","slug":"bati-hun-imparatorlugu","status":"publish","type":"page","link":"https:\/\/haskurt.com\/40\/bati-hun-imparatorlugu\/","title":{"rendered":"Bat\u0131 Hun \u0130mparatorlu\u011fu"},"content":{"rendered":"<h1 class=\"wp-block-heading has-text-align-center has-white-color has-text-color has-background\" style=\"background-color: #34495e; font-size: 0px; font-style: normal; font-weight: bold; text-align: center;\" align=\"center\"><strong><img decoding=\"async\" class=\"alignnone\" src=\"https:\/\/haskurt.com\/40\/wp-content\/uploads\/2024\/07\/Bayrak03.gif\" alt=\"This image has an empty alt attribute; its file name is Bayrak03.gif\" \/>\u00a0 \u00a0 <code><span style=\"color: #ffffff; font-family: Arial Black; font-size: x-large;\">\u00a0 \u00a0Bat\u0131 Hun \u0130mparatorlu\u011fu\u00a0 \u00a0<\/span><\/code><code><\/code><code><img decoding=\"async\" src=\"https:\/\/haskurt.com\/40\/wp-content\/uploads\/2024\/07\/hurgokbayrak.gif\" alt=\"This image has an empty alt attribute; its file name is kirsehir03.gif\" \/><\/code><\/strong><code><\/code><\/h1>\n\n\n<figure class=\"wp-block-image size-full is-resized\"><img loading=\"lazy\" decoding=\"async\" width=\"600\" height=\"450\" src=\"https:\/\/haskurt.com\/40\/wp-content\/uploads\/2024\/07\/Bati-Hun-Haritasi-1.jpg\" alt=\"\" class=\"wp-image-193\" style=\"width:1121px;height:auto\" srcset=\"https:\/\/haskurt.com\/40\/wp-content\/uploads\/2024\/07\/Bati-Hun-Haritasi-1.jpg 600w, https:\/\/haskurt.com\/40\/wp-content\/uploads\/2024\/07\/Bati-Hun-Haritasi-1-300x225.jpg 300w\" sizes=\"auto, (max-width: 600px) 100vw, 600px\" \/><\/figure>\n\n\n\n<p>Kurulu\u015f Tarihi: 48<br>Y\u0131k\u0131l\u0131\u015f Tarihi: 216<br>Kurucusu: Panu<br>Ba\u015fkenti: Kang \u2013 Ch\u00fc, Taraz<br>Dili: Hun T\u00fcrk\u00e7esi<br>Devlet Ba\u015fkan\u0131: Tanhu<\/p>\n\n\n\n<p><\/p>\n\n\n\n<figure class=\"wp-block-image size-full is-resized\"><img loading=\"lazy\" decoding=\"async\" width=\"600\" height=\"450\" src=\"https:\/\/haskurt.com\/40\/wp-content\/uploads\/2024\/07\/Bati-Hun-Bayragi.jpg\" alt=\"\" class=\"wp-image-194\" style=\"width:1121px;height:auto\" srcset=\"https:\/\/haskurt.com\/40\/wp-content\/uploads\/2024\/07\/Bati-Hun-Bayragi.jpg 600w, https:\/\/haskurt.com\/40\/wp-content\/uploads\/2024\/07\/Bati-Hun-Bayragi-300x225.jpg 300w\" sizes=\"auto, (max-width: 600px) 100vw, 600px\" \/><\/figure>\n\n\n\n<p>B\u00fcy\u00fck Hun \u0130mparatorlu\u011fu M.\u00d6. 58 y\u0131l\u0131nda \u00c7i\u00e7i Yabgu ve Ho-Han-ye karde\u015fler aras\u0131nda Do\u011fu ve Bat\u0131 olmak \u00fczere ikiye b\u00f6l\u00fcnd\u00fc. Bat\u0131 Hunlar\u0131n\u0131; \u00c7i\u00e7i Yabgu, Do\u011fu Hunlar\u0131n\u0131 Ho-Han-Ye Ka\u011fan (\u015eenyu) y\u00f6netti. Ho-Han-Ye\u2019nin \u00f6l\u00fcm\u00fcnden sonra Do\u011fu Hunlar\u0131 Panu ve ye\u011feni Pi\u2019nin taht kavgas\u0131na sahne oldu. M.S. 48 y\u0131l\u0131nda Do\u011fu Hunlar\u0131; Kuzey ve G\u00fcney olarak ikiye ayr\u0131lm\u0131\u015ft\u0131r. Kuzey Hunlar\u0131n\u0131 Pi, G\u00fcney Hunlar\u0131n\u0131 Panu y\u00f6netmi\u015ftir. G\u00fcney Hunlar\u0131 yani Panu\u2019nun y\u00f6netti\u011fi bu \u00fclke T\u00fcrk Tarih literat\u00fcr\u00fcne Bat\u0131 Hun \u0130mparatorlu\u011fu olarak ge\u00e7mi\u015ftir. \u00c7in egemenli\u011fi g\u00f6lgesinde y\u00f6netilen bu imparatorluk Talas\u2019\u0131n do\u011fusunda \u00c7in\u2019e kadar olan topraklara egemendi.<\/p>\n\n\n\n<p>\u00c7i\u00e7i Yabgu\u2019nun y\u00f6netti\u011fi Bat\u0131 Hunlar\u0131 ise Aral g\u00f6l\u00fc, Bat\u0131 T\u00fcrkistan ve Karadeniz\u2019in kuzeyine kadar olan b\u00f6l\u00fcme egemen olmu\u015ftur. G\u00f6kt\u00fcrk \u0130mparatorlu\u011fu\u2019nun kurulmas\u0131yla Avrupa\u2019ya g\u00f6\u00e7 ederek Avrupa Hun \u0130mparatorlu\u011fu\u2019nun temelini olu\u015fturmu\u015flard\u0131r.<\/p>\n\n\n\n<p>Panu y\u00f6netimindeki Bat\u0131 Hun \u0130mparatorlu\u011fu y\u0131k\u0131lmas\u0131yla halefleri gittik\u00e7e \u00c7inlile\u015fen k\u00fc\u00e7\u00fck T\u00fcrk devletleri kurmu\u015flard\u0131r. T\u00fcrk Tarih literat\u00fcr\u00fcnde bunlar \u201cHun ard\u0131llar\u0131\u201d olarak adland\u0131r\u0131l\u0131r. Bunlar;<\/p>\n\n\n\n<p>Birinci Chao Hun Devleti (304-329)<br>\u0130kinci Chao Hun Devleti (328-352)<br>Hsia Hun Devleti (407-431)<br>Kuzey Liang Hun Devleti (401-439)<br>Lov-lan Hun Devleti (442-460)<\/p>\n\n\n\n<p>T\u00fcrk Tarih literat\u00fcr\u00fcnde \u00fc\u00e7 tane Bat\u0131 Hun \u0130mparatorlu\u011fu ismine rastlanmaktad\u0131r. 1) 16 B\u00fcy\u00fck T\u00fcrk devleti i\u00e7erisinde say\u0131lan Bat\u0131 Hun \u0130mparatorlu\u011fu; Panu y\u00f6netimindeki G\u00fcney Hunlar\u0131\u2019d\u0131r.<br>2) As\u0131l Bat\u0131 Hunlar\u0131; Avrupa Hunlar\u0131n\u0131n atalar\u0131n\u0131 te\u015fkil eden \u00c7i\u00e7i Yabgu\u2019nun y\u00f6netti\u011fi Bat\u0131 T\u00fcrkistan&#8217;\u0131 kapsayan devlettir.<br>3) Avrupa Hun \u0130mparatorlu\u011fu da Bat\u0131 Hunlar\u0131 olarak baz\u0131 kaynaklarda anlat\u0131lmaktad\u0131r ama Avrupa Hunlar\u0131 demek do\u011fru olan\u0131d\u0131r.<\/p>\n\n\n<h1 class=\"wp-block-heading has-text-align-center has-white-color has-text-color has-background\" style=\"background-color: #34495e; font-size: 0px; font-style: normal; font-weight: bold; text-align: center;\" align=\"center\"><strong><img decoding=\"async\" class=\"alignnone\" src=\"https:\/\/haskurt.com\/40\/wp-content\/uploads\/2024\/07\/Bayrak03.gif\" alt=\"This image has an empty alt attribute; its file name is Bayrak03.gif\" \/>\u00a0 \u00a0 <code><span style=\"color: #ffffff; font-family: Arial Black; font-size: x-large;\">\u00a0 \ud83d\udc3a HasKurt \ud83d\udc3a  \u00a0<\/span><\/code><code><\/code><code><img decoding=\"async\" src=\"https:\/\/haskurt.com\/40\/wp-content\/uploads\/2024\/07\/Bayrak03.gif\" alt=\"This image has an empty alt attribute; its file name is kirsehir03.gif\" \/><\/code><\/strong><code><\/code><\/h1>\n\n\n<head>\n<meta http-equiv=\"Content-Type\" content=\"text\/html; charset=windows-1254\">\n<meta http-equiv=\"Content-Language\" content=\"tr\">\n<\/head>\n\n<table border=\"0\" width=\"100%\" cellspacing=\"0\" cellpadding=\"0\">\n\t<tr>\n\t\t<td>\n\t\t<p align=\"center\">\n\t\t<img loading=\"lazy\" decoding=\"async\" border=\"0\" src=\"https:\/\/haskurt.com\/40\/wp-content\/uploads\/2024\/07\/HasKurt2005A.gif\" width=\"200\" height=\"120\"><\/td>\n\t\t<td>\n\t\t<p align=\"center\">\n\t\t<img loading=\"lazy\" decoding=\"async\" border=\"0\" src=\"https:\/\/haskurt.com\/40\/wp-content\/uploads\/2024\/07\/OsmanliImparatorlugu_1882\u20131922.svg_.png\" width=\"120\" height=\"120\"><\/td>\n\t\t<td>\n\t\t<p align=\"center\">\n\t\t<img loading=\"lazy\" decoding=\"async\" border=\"0\" src=\"https:\/\/haskurt.com\/40\/wp-content\/uploads\/2024\/07\/Bayrak03.gif\" width=\"163\" height=\"120\"><\/td>\n\t\t<td>\n\t\t<p align=\"center\">\n\t\t<img loading=\"lazy\" decoding=\"async\" border=\"0\" src=\"https:\/\/haskurt.com\/40\/wp-content\/uploads\/2024\/07\/HasKurt2014A.gif\" width=\"200\" height=\"120\"><\/td>\n\t<\/tr>\n<\/table>\n<table border=\"0\" width=\"100%\" cellspacing=\"0\" cellpadding=\"0\">\n\t<tr>\n\t\t<td>\n\t\t<p align=\"center\">\n\t\t<img decoding=\"async\" border=\"0\" src=\"https:\/\/haskurt.com\/40\/wp-content\/uploads\/2024\/07\/100YilTurkiye.png\" width=\"100%\" height=\"60\"><\/td>\n\t<\/tr>\n\t<tr>\n\t\t<td>\n\t\t<p align=\"center\">\n\t\t&nbsp;<\/td>\n\t<\/tr>\n<\/table>\n<table border=\"0\" width=\"100%\" cellspacing=\"0\" cellpadding=\"0\">\n\t<tr>\n\t\t<td>\n\t\t<p align=\"center\">\n\t\t<img loading=\"lazy\" decoding=\"async\" border=\"0\" src=\"https:\/\/haskurt.com\/40\/wp-content\/uploads\/2024\/07\/Bayrak03.gif\" width=\"68\" height=\"50\"><\/td>\n\t\t<td>\n\t\t<p align=\"center\">\n\t\t<img loading=\"lazy\" decoding=\"async\" border=\"0\" src=\"https:\/\/haskurt.com\/40\/wp-content\/uploads\/2024\/07\/hurgokbayrak.gif\" width=\"68\" height=\"50\"><\/td>\n\t\t<td>\n\t\t<p align=\"center\">\n\t\t<img loading=\"lazy\" decoding=\"async\" border=\"0\" src=\"https:\/\/haskurt.com\/40\/wp-content\/uploads\/2024\/08\/01AzerbaycanA.gif\" width=\"68\" height=\"50\"><\/td>\n\t\t<td>\n\t\t<p align=\"center\">\n\t\t<img loading=\"lazy\" decoding=\"async\" border=\"0\" src=\"https:\/\/haskurt.com\/40\/wp-content\/uploads\/2024\/07\/HasKurt.gif\" width=\"90\" height=\"86\"><\/td>\n\t\t<td>\n\t\t<p align=\"center\">\n\t\t<font face=\"Arial Black\" size=\"2\" style=\"box-sizing: border-box; color: rgb(32, 32, 32); font-size: 21.98px; font-style: normal; font-variant-ligatures: normal; font-variant-caps: normal; font-weight: 400; letter-spacing: normal; orphans: 2; text-align: left; text-indent: 0px; text-transform: none; widows: 2; word-spacing: 0px; -webkit-text-stroke-width: 0px; white-space: normal; text-decoration-thickness: initial; text-decoration-style: initial; text-decoration-color: initial; margin: 0px; padding: 0px\">\n\t\te \u2013 Posta<span lang=\"nl\" style=\"box-sizing: border-box; margin: 0px; padding: 0px;\">:<\/span><\/font><font color=\"#0000FF\" face=\"Arial Black\" style=\"box-sizing: border-box; margin: 0px; padding: 0px; font-size: 21.98px; font-style: normal; font-variant-ligatures: normal; font-variant-caps: normal; font-weight: 400; letter-spacing: normal; orphans: 2; text-align: left; text-indent: 0px; text-transform: none; widows: 2; word-spacing: 0px; -webkit-text-stroke-width: 0px; white-space: normal; text-decoration-thickness: initial; text-decoration-style: initial; text-decoration-color: initial;\"><span lang=\"nl\" style=\"box-sizing: border-box; margin: 0px; padding: 0px;\"><font face=\"Arial Black\" size=\"2\" style=\"box-sizing: border-box; margin: 0px; padding: 0px;\">&nbsp;&nbsp; <\/font><\/span><i style=\"box-sizing: border-box; margin: 0px; padding: 0px;\"><font face=\"Times New Roman\" style=\"box-sizing: border-box; margin: 0px; padding: 0px;\"><u style=\"box-sizing: border-box; margin: 0px; padding: 0px;\"><a style=\"box-sizing: border-box; text-decoration: none; font-size: 22px; font-family: Arial Black; font-weight: 700; font-style: normal; text-shadow: none; text-align: left; margin: 0px; padding: 0px; background-color: transparent\" href=\"mailto:haskurt@hotmail.com\">HasKurt \n\t\t\u00d6zKurt<\/a><\/u><\/font><\/i><\/font><p align=\"center\">\n\t\t<font face=\"Arial Black\" style=\"box-sizing: border-box; margin: 0px; padding: 0px; color: rgb(0, 0, 255); font-family: &quot;Arial Black&quot;; font-size: 21.98px; font-style: normal; font-variant-ligatures: normal; font-variant-caps: normal; font-weight: 400; letter-spacing: normal; orphans: 2; text-align: left; text-indent: 0px; text-transform: none; widows: 2; word-spacing: 0px; -webkit-text-stroke-width: 0px; white-space: normal; text-decoration-thickness: initial; text-decoration-style: initial; text-decoration-color: initial;\">\n\t\t<font size=\"2\" face=\"Arial Black\" style=\"box-sizing: border-box; margin: 0px; padding: 0px;\">\n\t\tBu site<span lang=\"nl\"> <\/span><\/font>&nbsp;<font color=\"#0000FF\" face=\"Arial Black\" style=\"box-sizing: border-box; margin: 0px; padding: 0px;\"><u style=\"box-sizing: border-box; margin: 0px; padding: 0px;\"><i style=\"box-sizing: border-box; margin: 0px; padding: 0px;\"><a style=\"box-sizing: border-box; margin: 0px; padding: 0px; color: rgb(51, 103, 153); text-decoration: none; background-color: transparent; font-size: 22px; font-family: Arial; font-weight: 400; font-style: normal; text-shadow: none; text-align: left;\" href=\"mailto:haskurt@hotmail.com\">HasKurt\n\t\t<span lang=\"nl\">&nbsp;<\/span>\u00d6zKurt<\/a><\/i><\/u><\/font><\/font><u style=\"box-sizing: border-box; margin: 0px; padding: 0px; color: rgb(0, 0, 255); font-family: &quot;Arial Black&quot;; font-size: 21.98px; font-style: normal; font-variant-ligatures: normal; font-variant-caps: normal; font-weight: 400; letter-spacing: normal; orphans: 2; text-align: left; text-indent: 0px; text-transform: none; widows: 2; word-spacing: 0px; -webkit-text-stroke-width: 0px; white-space: normal;\"><font face=\"Arial Black\" size=\"2\" style=\"box-sizing: border-box; margin: 0px; padding: 0px;\"><span lang=\"nl\">&nbsp;\n\t\t<\/span>Taraf<span lang=\"ES-TRAD\" style=\"box-sizing: border-box; margin: 0px; padding: 0px;\">&#305;<\/span>ndan\n\t\t<span lang=\"nl\">&nbsp;<\/span>haz<\/font><font size=\"3\" face=\"Arial Black\" style=\"box-sizing: border-box; margin: 0px; padding: 0px;\"><span lang=\"ES-TRAD\" style=\"box-sizing: border-box; margin: 0px; padding: 0px; font-size: 10pt; font-family: &quot;Arial Black&quot;;\">&#305;<\/span><\/font><font face=\"Arial Black\" size=\"2\" style=\"box-sizing: border-box; margin: 0px; padding: 0px;\">rlanmaktad<\/font><font size=\"3\" face=\"Arial Black\" style=\"box-sizing: border-box; margin: 0px; padding: 0px;\"><span lang=\"ES-TRAD\" style=\"box-sizing: border-box; margin: 0px; padding: 0px; font-size: 10pt; font-family: &quot;Arial Black&quot;;\">&#305;<\/span><\/font><font face=\"Arial Black\" size=\"2\" style=\"box-sizing: border-box; margin: 0px; padding: 0px;\">r<\/font><\/u><\/td>\n\t\t<td>\n\t\t<p align=\"center\">\n\t\t<img loading=\"lazy\" decoding=\"async\" border=\"0\" src=\"https:\/\/haskurt.com\/40\/wp-content\/uploads\/2024\/07\/Bayrak03.gif\" width=\"68\" height=\"50\"><\/td>\n\t\t<td>\n\t\t<p align=\"center\">\n\t\t<img loading=\"lazy\" decoding=\"async\" border=\"0\" src=\"https:\/\/haskurt.com\/40\/wp-content\/uploads\/2024\/07\/hurgokbayrak.gif\" width=\"68\" height=\"50\"><\/td>\n\t\t<td>\n\t\t<p align=\"center\">\n\t\t<img loading=\"lazy\" decoding=\"async\" border=\"0\" src=\"https:\/\/haskurt.com\/40\/wp-content\/uploads\/2024\/08\/01AzerbaycanA.gif\" width=\"68\" height=\"50\"><\/td>\n\t\t<td>\n\t\t<p align=\"center\">\n\t\t<img loading=\"lazy\" decoding=\"async\" border=\"0\" src=\"https:\/\/haskurt.com\/40\/wp-content\/uploads\/2024\/07\/HasKurt.gif\" width=\"90\" height=\"86\"><\/td>\n\t<\/tr>\n<\/table>\n<\/html>\n","protected":false},"excerpt":{"rendered":"<p>\u00a0 \u00a0 \u00a0 \u00a0Bat\u0131 Hun \u0130mparatorlu\u011fu\u00a0 \u00a0 Kurulu\u015f Tarihi: 48Y\u0131k\u0131l\u0131\u015f Tarihi: 216Kurucusu: PanuBa\u015fkenti: Kang \u2013 Ch\u00fc, TarazDili: Hun T\u00fcrk\u00e7esiDevlet Ba\u015fkan\u0131: Tanhu B\u00fcy\u00fck Hun \u0130mparatorlu\u011fu M.\u00d6. 58 y\u0131l\u0131nda \u00c7i\u00e7i Yabgu ve Ho-Han-ye karde\u015fler aras\u0131nda Do\u011fu ve Bat\u0131 olmak \u00fczere ikiye b\u00f6l\u00fcnd\u00fc. &hellip;<\/p>\n<p><a href=\"https:\/\/haskurt.com\/40\/bati-hun-imparatorlugu\/\">Continue Reading<span class=\"meta-nav\">&rarr;<\/span><\/a><\/p>\n","protected":false},"author":1,"featured_media":0,"parent":0,"menu_order":0,"comment_status":"closed","ping_status":"closed","template":"page-templates\/haskurt_page.php","meta":{"footnotes":""},"class_list":["post-192","page","type-page","status-publish","hentry"],"_links":{"self":[{"href":"https:\/\/haskurt.com\/40\/wp-json\/wp\/v2\/pages\/192","targetHints":{"allow":["GET"]}}],"collection":[{"href":"https:\/\/haskurt.com\/40\/wp-json\/wp\/v2\/pages"}],"about":[{"href":"https:\/\/haskurt.com\/40\/wp-json\/wp\/v2\/types\/page"}],"author":[{"embeddable":true,"href":"https:\/\/haskurt.com\/40\/wp-json\/wp\/v2\/users\/1"}],"replies":[{"embeddable":true,"href":"https:\/\/haskurt.com\/40\/wp-json\/wp\/v2\/comments?post=192"}],"version-history":[{"count":7,"href":"https:\/\/haskurt.com\/40\/wp-json\/wp\/v2\/pages\/192\/revisions"}],"predecessor-version":[{"id":1845,"href":"https:\/\/haskurt.com\/40\/wp-json\/wp\/v2\/pages\/192\/revisions\/1845"}],"wp:attachment":[{"href":"https:\/\/haskurt.com\/40\/wp-json\/wp\/v2\/media?parent=192"}],"curies":[{"name":"wp","href":"https:\/\/api.w.org\/{rel}","templated":true}]}}