{"id":145,"date":"2024-07-14T16:44:38","date_gmt":"2024-07-14T16:44:38","guid":{"rendered":"https:\/\/haskurt.com\/40\/?page_id=145"},"modified":"2026-01-29T16:03:07","modified_gmt":"2026-01-29T16:03:07","slug":"ilk-okulum","status":"publish","type":"page","link":"https:\/\/haskurt.com\/40\/ilk-okulum\/","title":{"rendered":"\u0130lk Okulum"},"content":{"rendered":"<h1 class=\"wp-block-heading has-text-align-center has-white-color has-text-color has-background\" style=\"background-color: #34495e; font-size: 0px; font-style: normal; font-weight: bold; text-align: center;\" align=\"center\"><strong><img decoding=\"async\" class=\"alignnone\" src=\"https:\/\/haskurt.com\/40\/wp-content\/uploads\/2024\/07\/Bayrak03.gif\" alt=\"This image has an empty alt attribute; its file name is Bayrak03.gif\" \/>\u00a0 \u00a0 <code><span style=\"color: #ffffff; font-family: Arial Black; font-size: x-large;\">\u00a0 \u00a0OKULUM  \u00a0<\/span><\/code><code><\/code><code><img decoding=\"async\" src=\"https:\/\/haskurt.com\/40\/wp-content\/uploads\/2024\/07\/Bayrak03.gif\" alt=\"This image has an empty alt attribute; its file name is kirsehir03.gif\" \/><\/code><\/strong><code><\/code><\/h1>\n<h1 class=\"wp-block-heading has-text-align-center has-white-color has-text-color has-background\" style=\"background-color: #34495e; font-size: 0px; font-style: normal; font-weight: bold; text-align: center;\" align=\"center\"><strong><img decoding=\"async\" class=\"alignnone\" src=\"https:\/\/haskurt.com\/40\/wp-content\/uploads\/2024\/07\/Bayrak03.gif\" alt=\"This image has an empty alt attribute; its file name is Bayrak03.gif\" \/>\u00a0 \u00a0 <code><span style=\"color: #ffffff; font-family: Arial Black; font-size: x-large;\">\u00a0 \u00a0\u00d6\u011fretmen K\u0131l\u0131\u00e7\u00f6zl\u00fc \u0130lk\u00f6\u011fretim Okulu  \u00a0<\/span><\/code><code><\/code><code><img decoding=\"async\" src=\"https:\/\/haskurt.com\/40\/wp-content\/uploads\/2024\/07\/Bayrak03.gif\" alt=\"This image has an empty alt attribute; its file name is kirsehir03.gif\" \/><\/code><\/strong><code><\/code><\/h1>\n\n\n<p class=\"has-text-color has-link-color has-large-font-size wp-elements-57f699b85b5b9e49afc20129a6b555db\" style=\"color:#ff0000\"><a href=\"https:\/\/ziyakilicozlu.meb.k12.tr\/\"><strong>&lt;&lt;&lt; Daha geni\u015f bilgi i\u00e7in alttaki ba\u011flant\u0131y\u0131 T\u0131klay\u0131n &gt;&gt;&gt;<\/strong><\/a><\/p>\n\n\n\n<p class=\"has-medium-font-size\"><strong>Ben HasKurt \u00d6zKurt 1968 \u2013 1973 Y\u0131llar\u0131 aras\u0131nda K\u0131r\u015fehir\u2019de \u00d6\u011fretmenk\u0131l\u0131\u00e7\u00f6z\u00fc ilk okulunda okudum.<\/strong><\/p>\n\n\n\n<p class=\"has-medium-font-size\"><strong>Okulun Tarih\u00e7esi:<\/strong><\/p>\n\n\n\n<figure class=\"wp-block-image size-full is-resized\"><img loading=\"lazy\" decoding=\"async\" width=\"650\" height=\"300\" src=\"https:\/\/haskurt.com\/40\/wp-content\/uploads\/2024\/07\/Ogretmenkilicozu01.jpg\" alt=\"\" class=\"wp-image-148\" style=\"width:1121px;height:auto\" srcset=\"https:\/\/haskurt.com\/40\/wp-content\/uploads\/2024\/07\/Ogretmenkilicozu01.jpg 650w, https:\/\/haskurt.com\/40\/wp-content\/uploads\/2024\/07\/Ogretmenkilicozu01-300x138.jpg 300w\" sizes=\"auto, (max-width: 650px) 100vw, 650px\" \/><\/figure>\n\n\n\n<p class=\"has-medium-font-size\">\u00d6\u011fretmen K\u0131l\u0131\u00e7\u00f6zl\u00fc \u0130lk\u00f6\u011fretim Okulu 1965 \u2013 1966 y\u0131l\u0131nda Bay\u0131nd\u0131rl\u0131k M\u00fcd\u00fcrl\u00fc\u011f\u00fcnce emanet usul\u00fc ile yapt\u0131r\u0131lm\u0131\u015f, 5 s\u0131n\u0131fl\u0131 ilkokul olarak 1966 y\u0131l\u0131n\u0131n \u015fubat ay\u0131nda 175 \u00f6\u011frenci ile e\u011fitim ve \u00f6\u011fretime ba\u015flam\u0131\u015ft\u0131r.<\/p>\n\n\n\n<p class=\"has-medium-font-size\">1998 Y\u0131l\u0131nda \u0130lkokullar\u0131n \u0130lk\u00f6\u011fretimlere d\u00f6n\u00fc\u015ft\u00fcr\u00fclmesini esas alan mevzuat de\u011fi\u015fikli\u011fi nedeniyle ad\u0131 \u00d6\u011fretmen K\u0131l\u0131\u00e7\u00f6zl\u00fc \u0130lk\u00f6\u011fretim Okulu\u201d olarak de\u011fi\u015ftirilmi\u015f ve 2000\u20132001 e\u011fitim-\u00f6\u011fretim y\u0131l\u0131nda okulumuza ilk defa 6.s\u0131n\u0131f a\u00e7\u0131lm\u0131\u015ft\u0131r. Okulumuzun ad\u0131, yeni binaya ge\u00e7ilmesi ve binan\u0131n arsas\u0131n\u0131n Prof. Dr. \u0130lhan K\u0131l\u0131\u00e7\u00f6zl\u00fc taraf\u0131ndan ba\u011f\u0131\u015flanmas\u0131 sebebiyle \u201cZiya\u201d kelimesi eklenmi\u015f ve \u201c\u00d6\u011fretmen Ziya K\u0131l\u0131\u00e7\u00f6zl\u00fc ilk\u00f6\u011fretim Okulu\u201d ad\u0131n\u0131 Ocak 2007 tarihinde alm\u0131\u015ft\u0131r.<\/p>\n\n\n\n<p class=\"has-medium-font-size\">1966 y\u0131l\u0131ndan 1997 y\u0131l\u0131na kadar \u00d6\u011fretmen K\u0131l\u0131\u00e7\u00f6zl\u00fc \u0130lkokulundan mezun 1876 \u00f6\u011frencilerimizden y\u00fczlercesi, T\u00fcrkiye&#8217;nin de\u011fi\u015fik illerinde de\u011fi\u015fik meslek gruplar\u0131nda (Kaymakam, Genel M\u00fcd\u00fcr, M\u00fchendis, Avukat, Doktor, \u00d6\u011fretmen vb.) g\u00f6rev yapmaktad\u0131rlar. 2003 \u2013 2006 Y\u0131llar\u0131 aras\u0131nda 63 \u00f6\u011frenci mezun olmu\u015f, bunlar\u0131n %100\u2019\u00fc bir \u00fcst \u00f6\u011frenime kaydolmu\u015flard\u0131r<\/p>\n\n\n\n<p class=\"has-medium-font-size\"><strong>Personel Durumu:<\/strong><\/p>\n\n\n\n<p class=\"has-medium-font-size\">Okulumuzda; 1 m\u00fcd\u00fcr, 1 m\u00fcd\u00fcr yard\u0131mc\u0131s\u0131, 5 s\u0131n\u0131f \u00f6\u011fretmeni, 9 bran\u015f \u00f6\u011fretmeni, 1 memur ve 2 hizmetli olmak \u00fczere toplam 19 personel g\u00f6rev yapmaktad\u0131r.<\/p>\n\n\n\n<p class=\"has-medium-font-size\"><strong>\u00d6\u011frenci Durumu:<\/strong><\/p>\n\n\n\n<p class=\"has-medium-font-size\">Ana s\u0131n\u0131f\u0131 dahil 9 \u015fubede 172 \u00f6\u011frencimiz \u00f6\u011frenim g\u00f6rmektedir<\/p>\n\n\n\n<p class=\"has-medium-font-size\"><strong>Sosyal K\u00fclt\u00fcrel Etkinlikler:<\/strong><\/p>\n\n\n\n<p class=\"has-medium-font-size\">Sosyal kul\u00fcplerimiz faaliyetlerini s\u00fcrd\u00fcrmekte olup, \u00f6\u011frencilerimiz il ve b\u00f6lge \u00e7ap\u0131nda bir\u00e7ok faaliyette dereceler elde etmi\u015flerdir. Halen badminton ve satran\u00e7 tak\u0131mlar\u0131m\u0131z \u00e7al\u0131\u015fmalar\u0131na devam etmektedir. Okulumuzun 1967 y\u0131l\u0131ndan beri her y\u0131l d\u00fczenlemi\u015f oldu\u011fu Geleneksel \u00d6d\u00fcl T\u00f6reni ve y\u0131l sonu etkinlikleri program\u0131 vard\u0131r. Ayr\u0131ca okulumuzun \u0130talya, Romanya, Avusturya ve Yunanistan\u2019la \u201cAktif Vatanda\u015fl\u0131k\u201d konulu Avrupa Birli\u011fi ortakl\u0131k proje \u00e7al\u0131\u015fmas\u0131 bulunmaktad\u0131r.<\/p>\n\n\n\n<figure class=\"wp-block-image size-full is-resized\"><img loading=\"lazy\" decoding=\"async\" width=\"650\" height=\"300\" src=\"https:\/\/haskurt.com\/40\/wp-content\/uploads\/2024\/07\/Ogretmen-Ziya-Kilicozlu-Ilkokulu-02.jpg\" alt=\"\" class=\"wp-image-149\" style=\"width:1119px;height:auto\" srcset=\"https:\/\/haskurt.com\/40\/wp-content\/uploads\/2024\/07\/Ogretmen-Ziya-Kilicozlu-Ilkokulu-02.jpg 650w, https:\/\/haskurt.com\/40\/wp-content\/uploads\/2024\/07\/Ogretmen-Ziya-Kilicozlu-Ilkokulu-02-300x138.jpg 300w\" sizes=\"auto, (max-width: 650px) 100vw, 650px\" \/><\/figure>\n\n\n<h1 class=\"wp-block-heading has-text-align-center has-white-color has-text-color has-background\" style=\"background-color: #34495e; font-size: 0px; font-style: normal; font-weight: bold; text-align: center;\" align=\"center\"><strong><img decoding=\"async\" class=\"alignnone\" src=\"https:\/\/haskurt.com\/40\/wp-content\/uploads\/2024\/07\/Bayrak03.gif\" alt=\"This image has an empty alt attribute; its file name is Bayrak03.gif\" \/>\u00a0 \u00a0 <code><span style=\"color: #ffffff; font-family: Arial Black; font-size: x-large;\">\u00a0 \ud83d\udc3a HasKurt \ud83d\udc3a  \u00a0<\/span><\/code><code><\/code><code><img decoding=\"async\" src=\"https:\/\/haskurt.com\/40\/wp-content\/uploads\/2024\/07\/Bayrak03.gif\" alt=\"This image has an empty alt attribute; its file name is kirsehir03.gif\" \/><\/code><\/strong><code><\/code><\/h1>\n\n\n<head>\n<meta http-equiv=\"Content-Type\" content=\"text\/html; charset=windows-1254\">\n<meta http-equiv=\"Content-Language\" content=\"tr\">\n<\/head>\n\n<table border=\"0\" width=\"100%\" cellspacing=\"0\" cellpadding=\"0\">\n\t<tr>\n\t\t<td>\n\t\t<p align=\"center\">\n\t\t<img loading=\"lazy\" decoding=\"async\" border=\"0\" src=\"https:\/\/haskurt.com\/40\/wp-content\/uploads\/2024\/07\/HasKurt2005A.gif\" width=\"200\" height=\"120\"><\/td>\n\t\t<td>\n\t\t<p align=\"center\">\n\t\t<img loading=\"lazy\" decoding=\"async\" border=\"0\" src=\"https:\/\/haskurt.com\/40\/wp-content\/uploads\/2024\/07\/OsmanliImparatorlugu_1882\u20131922.svg_.png\" width=\"120\" height=\"120\"><\/td>\n\t\t<td>\n\t\t<p align=\"center\">\n\t\t<img loading=\"lazy\" decoding=\"async\" border=\"0\" src=\"https:\/\/haskurt.com\/40\/wp-content\/uploads\/2024\/07\/Bayrak03.gif\" width=\"163\" height=\"120\"><\/td>\n\t\t<td>\n\t\t<p align=\"center\">\n\t\t<img loading=\"lazy\" decoding=\"async\" border=\"0\" src=\"https:\/\/haskurt.com\/40\/wp-content\/uploads\/2024\/07\/HasKurt2014A.gif\" width=\"200\" height=\"120\"><\/td>\n\t<\/tr>\n<\/table>\n<table border=\"0\" width=\"100%\" cellspacing=\"0\" cellpadding=\"0\">\n\t<tr>\n\t\t<td>\n\t\t<p align=\"center\">\n\t\t<img decoding=\"async\" border=\"0\" src=\"https:\/\/haskurt.com\/40\/wp-content\/uploads\/2024\/07\/100YilTurkiye.png\" width=\"100%\" height=\"60\"><\/td>\n\t<\/tr>\n\t<tr>\n\t\t<td>\n\t\t<p align=\"center\">\n\t\t&nbsp;<\/td>\n\t<\/tr>\n<\/table>\n<table border=\"0\" width=\"100%\" cellspacing=\"0\" cellpadding=\"0\">\n\t<tr>\n\t\t<td>\n\t\t<p align=\"center\">\n\t\t<img loading=\"lazy\" decoding=\"async\" border=\"0\" src=\"https:\/\/haskurt.com\/40\/wp-content\/uploads\/2024\/07\/Bayrak03.gif\" width=\"68\" height=\"50\"><\/td>\n\t\t<td>\n\t\t<p align=\"center\">\n\t\t<img loading=\"lazy\" decoding=\"async\" border=\"0\" src=\"https:\/\/haskurt.com\/40\/wp-content\/uploads\/2024\/07\/hurgokbayrak.gif\" width=\"68\" height=\"50\"><\/td>\n\t\t<td>\n\t\t<p align=\"center\">\n\t\t<img loading=\"lazy\" decoding=\"async\" border=\"0\" src=\"https:\/\/haskurt.com\/40\/wp-content\/uploads\/2024\/08\/01AzerbaycanA.gif\" width=\"68\" height=\"50\"><\/td>\n\t\t<td>\n\t\t<p align=\"center\">\n\t\t<img loading=\"lazy\" decoding=\"async\" border=\"0\" src=\"https:\/\/haskurt.com\/40\/wp-content\/uploads\/2024\/07\/HasKurt.gif\" width=\"90\" height=\"86\"><\/td>\n\t\t<td>\n\t\t<p align=\"center\">\n\t\t<font face=\"Arial Black\" size=\"2\" style=\"box-sizing: border-box; color: rgb(32, 32, 32); font-size: 21.98px; font-style: normal; font-variant-ligatures: normal; font-variant-caps: normal; font-weight: 400; letter-spacing: normal; orphans: 2; text-align: left; text-indent: 0px; text-transform: none; widows: 2; word-spacing: 0px; -webkit-text-stroke-width: 0px; white-space: normal; text-decoration-thickness: initial; text-decoration-style: initial; text-decoration-color: initial; margin: 0px; padding: 0px\">\n\t\te \u2013 Posta<span lang=\"nl\" style=\"box-sizing: border-box; margin: 0px; padding: 0px;\">:<\/span><\/font><font color=\"#0000FF\" face=\"Arial Black\" style=\"box-sizing: border-box; margin: 0px; padding: 0px; font-size: 21.98px; font-style: normal; font-variant-ligatures: normal; font-variant-caps: normal; font-weight: 400; letter-spacing: normal; orphans: 2; text-align: left; text-indent: 0px; text-transform: none; widows: 2; word-spacing: 0px; -webkit-text-stroke-width: 0px; white-space: normal; text-decoration-thickness: initial; text-decoration-style: initial; text-decoration-color: initial;\"><span lang=\"nl\" style=\"box-sizing: border-box; margin: 0px; padding: 0px;\"><font face=\"Arial Black\" size=\"2\" style=\"box-sizing: border-box; margin: 0px; padding: 0px;\">&nbsp;&nbsp; <\/font><\/span><i style=\"box-sizing: border-box; margin: 0px; padding: 0px;\"><font face=\"Times New Roman\" style=\"box-sizing: border-box; margin: 0px; padding: 0px;\"><u style=\"box-sizing: border-box; margin: 0px; padding: 0px;\"><a style=\"box-sizing: border-box; text-decoration: none; font-size: 22px; font-family: Arial Black; font-weight: 700; font-style: normal; text-shadow: none; text-align: left; margin: 0px; padding: 0px; background-color: transparent\" href=\"mailto:haskurt@hotmail.com\">HasKurt \n\t\t\u00d6zKurt<\/a><\/u><\/font><\/i><\/font><p align=\"center\">\n\t\t<font face=\"Arial Black\" style=\"box-sizing: border-box; margin: 0px; padding: 0px; color: rgb(0, 0, 255); font-family: &quot;Arial Black&quot;; font-size: 21.98px; font-style: normal; font-variant-ligatures: normal; font-variant-caps: normal; font-weight: 400; letter-spacing: normal; orphans: 2; text-align: left; text-indent: 0px; text-transform: none; widows: 2; word-spacing: 0px; -webkit-text-stroke-width: 0px; white-space: normal; text-decoration-thickness: initial; text-decoration-style: initial; text-decoration-color: initial;\">\n\t\t<font size=\"2\" face=\"Arial Black\" style=\"box-sizing: border-box; margin: 0px; padding: 0px;\">\n\t\tBu site<span lang=\"nl\"> <\/span><\/font>&nbsp;<font color=\"#0000FF\" face=\"Arial Black\" style=\"box-sizing: border-box; margin: 0px; padding: 0px;\"><u style=\"box-sizing: border-box; margin: 0px; padding: 0px;\"><i style=\"box-sizing: border-box; margin: 0px; padding: 0px;\"><a style=\"box-sizing: border-box; margin: 0px; padding: 0px; color: rgb(51, 103, 153); text-decoration: none; background-color: transparent; font-size: 22px; font-family: Arial; font-weight: 400; font-style: normal; text-shadow: none; text-align: left;\" href=\"mailto:haskurt@hotmail.com\">HasKurt\n\t\t<span lang=\"nl\">&nbsp;<\/span>\u00d6zKurt<\/a><\/i><\/u><\/font><\/font><u style=\"box-sizing: border-box; margin: 0px; padding: 0px; color: rgb(0, 0, 255); font-family: &quot;Arial Black&quot;; font-size: 21.98px; font-style: normal; font-variant-ligatures: normal; font-variant-caps: normal; font-weight: 400; letter-spacing: normal; orphans: 2; text-align: left; text-indent: 0px; text-transform: none; widows: 2; word-spacing: 0px; -webkit-text-stroke-width: 0px; white-space: normal;\"><font face=\"Arial Black\" size=\"2\" style=\"box-sizing: border-box; margin: 0px; padding: 0px;\"><span lang=\"nl\">&nbsp;\n\t\t<\/span>Taraf<span lang=\"ES-TRAD\" style=\"box-sizing: border-box; margin: 0px; padding: 0px;\">&#305;<\/span>ndan\n\t\t<span lang=\"nl\">&nbsp;<\/span>haz<\/font><font size=\"3\" face=\"Arial Black\" style=\"box-sizing: border-box; margin: 0px; padding: 0px;\"><span lang=\"ES-TRAD\" style=\"box-sizing: border-box; margin: 0px; padding: 0px; font-size: 10pt; font-family: &quot;Arial Black&quot;;\">&#305;<\/span><\/font><font face=\"Arial Black\" size=\"2\" style=\"box-sizing: border-box; margin: 0px; padding: 0px;\">rlanmaktad<\/font><font size=\"3\" face=\"Arial Black\" style=\"box-sizing: border-box; margin: 0px; padding: 0px;\"><span lang=\"ES-TRAD\" style=\"box-sizing: border-box; margin: 0px; padding: 0px; font-size: 10pt; font-family: &quot;Arial Black&quot;;\">&#305;<\/span><\/font><font face=\"Arial Black\" size=\"2\" style=\"box-sizing: border-box; margin: 0px; padding: 0px;\">r<\/font><\/u><\/td>\n\t\t<td>\n\t\t<p align=\"center\">\n\t\t<img loading=\"lazy\" decoding=\"async\" border=\"0\" src=\"https:\/\/haskurt.com\/40\/wp-content\/uploads\/2024\/07\/Bayrak03.gif\" width=\"68\" height=\"50\"><\/td>\n\t\t<td>\n\t\t<p align=\"center\">\n\t\t<img loading=\"lazy\" decoding=\"async\" border=\"0\" src=\"https:\/\/haskurt.com\/40\/wp-content\/uploads\/2024\/07\/hurgokbayrak.gif\" width=\"68\" height=\"50\"><\/td>\n\t\t<td>\n\t\t<p align=\"center\">\n\t\t<img loading=\"lazy\" decoding=\"async\" border=\"0\" src=\"https:\/\/haskurt.com\/40\/wp-content\/uploads\/2024\/08\/01AzerbaycanA.gif\" width=\"68\" height=\"50\"><\/td>\n\t\t<td>\n\t\t<p align=\"center\">\n\t\t<img loading=\"lazy\" decoding=\"async\" border=\"0\" src=\"https:\/\/haskurt.com\/40\/wp-content\/uploads\/2024\/07\/HasKurt.gif\" width=\"90\" height=\"86\"><\/td>\n\t<\/tr>\n<\/table>\n<\/html>\n","protected":false},"excerpt":{"rendered":"<p>\u00a0 \u00a0 \u00a0 \u00a0OKULUM \u00a0 \u00a0 \u00a0 \u00a0 \u00a0\u00d6\u011fretmen K\u0131l\u0131\u00e7\u00f6zl\u00fc \u0130lk\u00f6\u011fretim Okulu \u00a0 &lt;&lt;&lt; Daha geni\u015f bilgi i\u00e7in alttaki ba\u011flant\u0131y\u0131 T\u0131klay\u0131n &gt;&gt;&gt; Ben HasKurt \u00d6zKurt 1968 \u2013 1973 Y\u0131llar\u0131 aras\u0131nda K\u0131r\u015fehir\u2019de \u00d6\u011fretmenk\u0131l\u0131\u00e7\u00f6z\u00fc ilk okulunda okudum. Okulun Tarih\u00e7esi: \u00d6\u011fretmen K\u0131l\u0131\u00e7\u00f6zl\u00fc \u0130lk\u00f6\u011fretim &hellip;<\/p>\n<p><a href=\"https:\/\/haskurt.com\/40\/ilk-okulum\/\">Continue Reading<span class=\"meta-nav\">&rarr;<\/span><\/a><\/p>\n","protected":false},"author":1,"featured_media":0,"parent":0,"menu_order":0,"comment_status":"closed","ping_status":"closed","template":"page-templates\/haskurt_page.php","meta":{"footnotes":""},"class_list":["post-145","page","type-page","status-publish","hentry"],"_links":{"self":[{"href":"https:\/\/haskurt.com\/40\/wp-json\/wp\/v2\/pages\/145","targetHints":{"allow":["GET"]}}],"collection":[{"href":"https:\/\/haskurt.com\/40\/wp-json\/wp\/v2\/pages"}],"about":[{"href":"https:\/\/haskurt.com\/40\/wp-json\/wp\/v2\/types\/page"}],"author":[{"embeddable":true,"href":"https:\/\/haskurt.com\/40\/wp-json\/wp\/v2\/users\/1"}],"replies":[{"embeddable":true,"href":"https:\/\/haskurt.com\/40\/wp-json\/wp\/v2\/comments?post=145"}],"version-history":[{"count":11,"href":"https:\/\/haskurt.com\/40\/wp-json\/wp\/v2\/pages\/145\/revisions"}],"predecessor-version":[{"id":1865,"href":"https:\/\/haskurt.com\/40\/wp-json\/wp\/v2\/pages\/145\/revisions\/1865"}],"wp:attachment":[{"href":"https:\/\/haskurt.com\/40\/wp-json\/wp\/v2\/media?parent=145"}],"curies":[{"name":"wp","href":"https:\/\/api.w.org\/{rel}","templated":true}]}}